{"id":848,"date":"2023-02-02T11:13:04","date_gmt":"2023-02-02T11:13:04","guid":{"rendered":"https:\/\/sentex.sn\/senegal\/"},"modified":"2023-05-23T10:36:09","modified_gmt":"2023-05-23T10:36:09","slug":"senegal","status":"publish","type":"page","link":"https:\/\/sentex.sn\/fr\/senegal\/","title":{"rendered":"S\u00e9n\u00e9gal"},"content":{"rendered":"<p>[et_pb_section fb_built=\u00a0\u00bb1&Prime; _builder_version=\u00a0\u00bb4.19.4&Prime; _module_preset=\u00a0\u00bbdefault\u00a0\u00bb background_image=\u00a0\u00bbhttps:\/\/sentex.sn\/wp-content\/uploads\/2023\/02\/845-22-Senegal-Street-053\u00a9AttilaHenning_2to1.webp\u00a0\u00bb height=\u00a0\u00bb600px\u00a0\u00bb custom_padding=\u00a0\u00bb0px||0px||false|false\u00a0\u00bb global_colors_info=\u00a0\u00bb{}\u00a0\u00bb][et_pb_row _builder_version=\u00a0\u00bb4.19.4&Prime; _module_preset=\u00a0\u00bbdefault\u00a0\u00bb custom_padding=\u00a0\u00bb0px||0px||false|false\u00a0\u00bb global_colors_info=\u00a0\u00bb{}\u00a0\u00bb][et_pb_column type=\u00a0\u00bb4_4&Prime; _builder_version=\u00a0\u00bb4.19.4&Prime; _module_preset=\u00a0\u00bbdefault\u00a0\u00bb global_colors_info=\u00a0\u00bb{}\u00a0\u00bb][\/et_pb_column][\/et_pb_row][\/et_pb_section][et_pb_section fb_built=\u00a0\u00bb1&Prime; _builder_version=\u00a0\u00bb4.19.4&Prime; _module_preset=\u00a0\u00bbdefault\u00a0\u00bb background_color=\u00a0\u00bbRGBA(255,255,255,0)\u00a0\u00bb background_enable_image=\u00a0\u00bboff\u00a0\u00bb background_blend=\u00a0\u00bboverlay\u00a0\u00bb custom_padding=\u00a0\u00bb0px||0px||false|false\u00a0\u00bb global_colors_info=\u00a0\u00bb{}\u00a0\u00bb][et_pb_row column_structure=\u00a0\u00bb1_3,1_3,1_3&Prime; use_custom_gutter=\u00a0\u00bbon\u00a0\u00bb gutter_width=\u00a0\u00bb1&Prime; make_equal=\u00a0\u00bbon\u00a0\u00bb _builder_version=\u00a0\u00bb4.19.4&Prime; _module_preset=\u00a0\u00bbdefault\u00a0\u00bb width=\u00a0\u00bb100%\u00a0\u00bb max_width=\u00a0\u00bb100%\u00a0\u00bb custom_padding=\u00a0\u00bb0px||0px||false|false\u00a0\u00bb global_colors_info=\u00a0\u00bb{}\u00a0\u00bb][et_pb_column type=\u00a0\u00bb1_3&Prime; _builder_version=\u00a0\u00bb4.19.4&Prime; _module_preset=\u00a0\u00bbdefault\u00a0\u00bb background_color=\u00a0\u00bb#379B62&Prime; global_colors_info=\u00a0\u00bb{}\u00a0\u00bb][et_pb_text _builder_version=\u00a0\u00bb4.20.0&Prime; _module_preset=\u00a0\u00bb2a8182f9-8cae-4e10-9ba1-a37097387ea2&Prime; text_text_color=\u00a0\u00bb#FFFFFF\u00a0\u00bb header_3_text_color=\u00a0\u00bb#FFFFFF\u00a0\u00bb custom_margin=\u00a0\u00bb60px|15%|60px|15%|false|true\u00a0\u00bb custom_margin_tablet=\u00a0\u00bb50px||50px|5%|true|false\u00a0\u00bb custom_margin_phone=\u00a0\u00bb50px|10%|50px|10%|true|false\u00a0\u00bb custom_margin_last_edited=\u00a0\u00bbon|desktop\u00a0\u00bb global_colors_info=\u00a0\u00bb{}\u00a0\u00bb]<\/p>\n<h3>SENEGAL<\/h3>\n<p>DONN\u00c9ES SUR LE PAYS :<\/p>\n<p>Le S\u00e9n\u00e9gal, officiellement la R\u00e9publique du S\u00e9n\u00e9gal, est un pays d&rsquo;Afrique de l&rsquo;Ouest situ\u00e9 sur la c\u00f4te de l&rsquo;oc\u00e9an Atlantique. La capitale, Dakar, compte 1 030 594 habitants, tandis que la population de la r\u00e9gion m\u00e9tropolitaine de Dakar est estim\u00e9e \u00e0 3,94 millions en 2021. Le pays est bord\u00e9 par la Mauritanie au nord, le Mali \u00e0 l&rsquo;est, la Guin\u00e9e au sud-est et la Guin\u00e9e-Bissau au sud-ouest. Le S\u00e9n\u00e9gal entoure presque la Gambie, un pays occupant une \u00e9troite bande de terre le long des rives du fleuve Gambie, qui s\u00e9pare la r\u00e9gion m\u00e9ridionale du S\u00e9n\u00e9gal, la Casamance, du reste du pays. Le S\u00e9n\u00e9gal partage \u00e9galement une fronti\u00e8re maritime avec le Cap-Vert. La capitale \u00e9conomique et politique du S\u00e9n\u00e9gal est Dakar. La majorit\u00e9 de la population r\u00e9side dans des villes modernes. Le S\u00e9n\u00e9gal se trouve directement sur l&rsquo;oc\u00e9an Atlantique, avec une superficie totale de 196 712 kilom\u00e8tres carr\u00e9s o\u00f9 vit une population estim\u00e9e \u00e0 17 millions d&rsquo;habitants s\u00e9n\u00e9galais (2021). Outre Dakar, les villes les plus peupl\u00e9es et dynamiques sont Thi\u00e8s, Touba et Kaolack.<\/p>\n<p>[\/et_pb_text][\/et_pb_column][et_pb_column type=\u00a0\u00bb1_3&Prime; _builder_version=\u00a0\u00bb4.19.4&Prime; _module_preset=\u00a0\u00bbdefault\u00a0\u00bb background_image=\u00a0\u00bbhttps:\/\/sentex.sn\/wp-content\/uploads\/2023\/01\/Senegal-map.webp\u00a0\u00bb global_colors_info=\u00a0\u00bb{}\u00a0\u00bb][et_pb_divider show_divider=\u00a0\u00bboff\u00a0\u00bb _builder_version=\u00a0\u00bb4.19.4&Prime; _module_preset=\u00a0\u00bbdefault\u00a0\u00bb min_height=\u00a0\u00bb200px\u00a0\u00bb min_height_tablet=\u00a0\u00bb400px\u00a0\u00bb min_height_phone=\u00a0\u00bb200px\u00a0\u00bb min_height_last_edited=\u00a0\u00bbon|desktop\u00a0\u00bb global_colors_info=\u00a0\u00bb{}\u00a0\u00bb][\/et_pb_divider][\/et_pb_column][et_pb_column type=\u00a0\u00bb1_3&Prime; _builder_version=\u00a0\u00bb4.19.4&Prime; _module_preset=\u00a0\u00bbdefault\u00a0\u00bb background_image=\u00a0\u00bbhttps:\/\/sentex.sn\/wp-content\/uploads\/2023\/01\/845-22-Popeguine-Drohne-006\u00a9AttilaHenning.webp\u00a0\u00bb global_colors_info=\u00a0\u00bb{}\u00a0\u00bb][et_pb_divider show_divider=\u00a0\u00bboff\u00a0\u00bb _builder_version=\u00a0\u00bb4.19.4&Prime; _module_preset=\u00a0\u00bbdefault\u00a0\u00bb min_height_tablet=\u00a0\u00bb400px\u00a0\u00bb min_height_phone=\u00a0\u00bb200px\u00a0\u00bb min_height_last_edited=\u00a0\u00bbon|tablet\u00a0\u00bb height=\u00a0\u00bb452px\u00a0\u00bb height_tablet=\u00a0\u00bb452px\u00a0\u00bb height_phone=\u00a0\u00bb452px\u00a0\u00bb height_last_edited=\u00a0\u00bbon|desktop\u00a0\u00bb global_colors_info=\u00a0\u00bb{}\u00a0\u00bb][\/et_pb_divider][\/et_pb_column][\/et_pb_row][\/et_pb_section][et_pb_section fb_built=\u00a0\u00bb1&Prime; _builder_version=\u00a0\u00bb4.19.4&Prime; _module_preset=\u00a0\u00bbdefault\u00a0\u00bb custom_padding=\u00a0\u00bb0px||0px||false|false\u00a0\u00bb global_colors_info=\u00a0\u00bb{}\u00a0\u00bb][et_pb_row column_structure=\u00a0\u00bb1_2,1_2&Prime; use_custom_gutter=\u00a0\u00bbon\u00a0\u00bb gutter_width=\u00a0\u00bb1&Prime; make_equal=\u00a0\u00bbon\u00a0\u00bb _builder_version=\u00a0\u00bb4.21.0&Prime; _module_preset=\u00a0\u00bbdefault\u00a0\u00bb width=\u00a0\u00bb100%\u00a0\u00bb max_width=\u00a0\u00bb100%\u00a0\u00bb custom_padding=\u00a0\u00bb0px||0px||false|false\u00a0\u00bb hover_enabled=\u00a0\u00bb0&Prime; global_colors_info=\u00a0\u00bb{}\u00a0\u00bb sticky_enabled=\u00a0\u00bb0&Prime;][et_pb_column type=\u00a0\u00bb1_2&Prime; _builder_version=\u00a0\u00bb4.19.4&Prime; _module_preset=\u00a0\u00bbdefault\u00a0\u00bb background_enable_color=\u00a0\u00bboff\u00a0\u00bb background_image=\u00a0\u00bbhttps:\/\/sentex.sn\/wp-content\/uploads\/2023\/01\/845-22-Senegal-Street-4718\u00a9AttilaHenning.webp\u00a0\u00bb global_colors_info=\u00a0\u00bb{}\u00a0\u00bb][et_pb_divider show_divider=\u00a0\u00bboff\u00a0\u00bb _builder_version=\u00a0\u00bb4.19.4&Prime; _module_preset=\u00a0\u00bbdefault\u00a0\u00bb min_height_tablet=\u00a0\u00bb400px\u00a0\u00bb min_height_phone=\u00a0\u00bb200px\u00a0\u00bb min_height_last_edited=\u00a0\u00bbon|tablet\u00a0\u00bb global_colors_info=\u00a0\u00bb{}\u00a0\u00bb][\/et_pb_divider][\/et_pb_column][et_pb_column type=\u00a0\u00bb1_2&Prime; _builder_version=\u00a0\u00bb4.19.4&Prime; _module_preset=\u00a0\u00bbdefault\u00a0\u00bb background_color=\u00a0\u00bb#F7EC4A\u00a0\u00bb background_enable_image=\u00a0\u00bboff\u00a0\u00bb global_colors_info=\u00a0\u00bb{}\u00a0\u00bb][et_pb_text _builder_version=\u00a0\u00bb4.20.0&Prime; _module_preset=\u00a0\u00bb2a8182f9-8cae-4e10-9ba1-a37097387ea2&Prime; custom_margin=\u00a0\u00bb60px|15%|60px|15%|true|true\u00a0\u00bb custom_margin_tablet=\u00a0\u00bb50px|10%|50px|10%|true|true\u00a0\u00bb custom_margin_phone=\u00a0\u00bb50px|10%|50px|10%|true|true\u00a0\u00bb custom_margin_last_edited=\u00a0\u00bbon|phone\u00a0\u00bb global_colors_info=\u00a0\u00bb{}\u00a0\u00bb]<\/p>\n<h3>\u00c9CONOMIE<\/h3>\n<p>Le S\u00e9n\u00e9gal est la deuxi\u00e8me \u00e9conomie de l&rsquo;Afrique de l&rsquo;Ouest, juste apr\u00e8s la C\u00f4te d&rsquo;Ivoire. Il est consid\u00e9r\u00e9 comme l&rsquo;un des pays les plus prosp\u00e8res et les plus stables d&rsquo;Afrique, \u00e0 la fois sur le plan \u00e9conomique et politique. Cette attractivit\u00e9 est tr\u00e8s favorable aux investisseurs et aux partenaires, ce qui explique l&rsquo;engagement actif du pays dans la coop\u00e9ration internationale. De plus, depuis novembre 2019, le S\u00e9n\u00e9gal est l&rsquo;un des pays partenaires de r\u00e9forme du minist\u00e8re f\u00e9d\u00e9ral allemand de la Coop\u00e9ration \u00e9conomique et du D\u00e9veloppement (BMZ), aux c\u00f4t\u00e9s de l&rsquo;\u00c9thiopie, de la C\u00f4te d&rsquo;Ivoire, du Ghana, du Maroc, du Togo et de la Tunisie.<\/p>\n<p>Le secteur primaire (16,5% du PIB, 50% de la population active) reste particuli\u00e8rement vuln\u00e9rable aux effets du changement climatique et \u00e0 la volatilit\u00e9 des prix des mati\u00e8res premi\u00e8res. Le secteur secondaire est en plein d\u00e9veloppement (25,6% du PIB) avec des activit\u00e9s telles que l&rsquo;exploitation aurif\u00e8re, les phosphates, le ciment, l&rsquo;industrie agroalimentaire, la construction, etc. Le secteur tertiaire joue \u00e9galement un r\u00f4le essentiel, notamment dans les t\u00e9l\u00e9communications. De plus, les r\u00e9centes d\u00e9couvertes de p\u00e9trole et de gaz devraient apporter une valeur ajout\u00e9e significative \u00e0 l&rsquo;\u00e9conomie dans un avenir proche.<\/p>\n<p>Le secteur priv\u00e9 reste largement domin\u00e9 par le secteur informel. Le ch\u00f4mage et le co\u00fbt de la vie demeurent les principales pr\u00e9occupations de la population s\u00e9n\u00e9galaise, en particulier des jeunes qui rencontrent des difficult\u00e9s pour trouver un emploi. Cependant, l&rsquo;entrepreneuriat s&rsquo;est fortement d\u00e9velopp\u00e9 ces derni\u00e8res ann\u00e9es, apportant un dynamisme croissant. Dans la capitale, Dakar, la ville est anim\u00e9e par la pr\u00e9sence d&rsquo;investisseurs, d&rsquo;hommes d&rsquo;affaires et d&rsquo;entrepreneurs du monde entier.<\/p>\n<p>[\/et_pb_text][\/et_pb_column][\/et_pb_row][et_pb_row column_structure=\u00a0\u00bb1_4,1_2,1_4&Prime; use_custom_gutter=\u00a0\u00bbon\u00a0\u00bb gutter_width=\u00a0\u00bb1&Prime; make_equal=\u00a0\u00bbon\u00a0\u00bb _builder_version=\u00a0\u00bb4.19.4&Prime; _module_preset=\u00a0\u00bbdefault\u00a0\u00bb width=\u00a0\u00bb100%\u00a0\u00bb max_width=\u00a0\u00bb100%\u00a0\u00bb custom_padding=\u00a0\u00bb0px||0px||false|false\u00a0\u00bb global_colors_info=\u00a0\u00bb{}\u00a0\u00bb][et_pb_column type=\u00a0\u00bb1_4&Prime; _builder_version=\u00a0\u00bb4.19.4&Prime; _module_preset=\u00a0\u00bbdefault\u00a0\u00bb background_enable_color=\u00a0\u00bboff\u00a0\u00bb background_image=\u00a0\u00bbhttps:\/\/sentex.sn\/wp-content\/uploads\/2023\/01\/803-22-144-\u00a9AttilaHenning.webp\u00a0\u00bb global_colors_info=\u00a0\u00bb{}\u00a0\u00bb][et_pb_divider show_divider=\u00a0\u00bboff\u00a0\u00bb _builder_version=\u00a0\u00bb4.19.4&Prime; _module_preset=\u00a0\u00bbdefault\u00a0\u00bb min_height_tablet=\u00a0\u00bb400px\u00a0\u00bb min_height_phone=\u00a0\u00bb200px\u00a0\u00bb min_height_last_edited=\u00a0\u00bbon|tablet\u00a0\u00bb height=\u00a0\u00bb452px\u00a0\u00bb height_tablet=\u00a0\u00bb452px\u00a0\u00bb height_phone=\u00a0\u00bb452px\u00a0\u00bb height_last_edited=\u00a0\u00bbon|phone\u00a0\u00bb global_colors_info=\u00a0\u00bb{}\u00a0\u00bb][\/et_pb_divider][\/et_pb_column][et_pb_column type=\u00a0\u00bb1_2&Prime; _builder_version=\u00a0\u00bb4.19.4&Prime; _module_preset=\u00a0\u00bbdefault\u00a0\u00bb background_image=\u00a0\u00bbhttps:\/\/sentex.sn\/wp-content\/uploads\/2023\/01\/845-22-Senegal-Street-037\u00a9AttilaHenning.webp\u00a0\u00bb global_colors_info=\u00a0\u00bb{}\u00a0\u00bb][et_pb_divider show_divider=\u00a0\u00bboff\u00a0\u00bb _builder_version=\u00a0\u00bb4.19.4&Prime; _module_preset=\u00a0\u00bbdefault\u00a0\u00bb min_height_tablet=\u00a0\u00bb400px\u00a0\u00bb min_height_phone=\u00a0\u00bb200px\u00a0\u00bb min_height_last_edited=\u00a0\u00bbon|tablet\u00a0\u00bb height=\u00a0\u00bb452px\u00a0\u00bb height_tablet=\u00a0\u00bb452px\u00a0\u00bb height_phone=\u00a0\u00bb452px\u00a0\u00bb height_last_edited=\u00a0\u00bbon|phone\u00a0\u00bb global_colors_info=\u00a0\u00bb{}\u00a0\u00bb][\/et_pb_divider][\/et_pb_column][et_pb_column type=\u00a0\u00bb1_4&Prime; _builder_version=\u00a0\u00bb4.19.4&Prime; _module_preset=\u00a0\u00bbdefault\u00a0\u00bb background_color=\u00a0\u00bb#E31323&Prime; background_enable_image=\u00a0\u00bboff\u00a0\u00bb global_colors_info=\u00a0\u00bb{}\u00a0\u00bb][et_pb_text _builder_version=\u00a0\u00bb4.20.0&Prime; _module_preset=\u00a0\u00bb2a8182f9-8cae-4e10-9ba1-a37097387ea2&Prime; text_text_color=\u00a0\u00bb#FFFFFF\u00a0\u00bb header_3_text_color=\u00a0\u00bb#FFFFFF\u00a0\u00bb custom_margin=\u00a0\u00bb70px|15%|70px|15%|true|true\u00a0\u00bb custom_margin_tablet=\u00a0\u00bb50px|10%|50px|10%|true|true\u00a0\u00bb custom_margin_phone=\u00a0\u00bb50px|10%|50px|10%|true|true\u00a0\u00bb custom_margin_last_edited=\u00a0\u00bbon|desktop\u00a0\u00bb global_colors_info=\u00a0\u00bb{}\u00a0\u00bb]<\/p>\n<h3>RELIGION ET CULTURE<\/h3>\n<p>La coexistence des vingt-et-une ethnies au S\u00e9n\u00e9gal fonctionne sans conflits majeurs, et la plupart des S\u00e9n\u00e9galais pratiquent la religion musulmane. Comme dans d&rsquo;autres pays africains, l&rsquo;oralit\u00e9 occupe une place pr\u00e9pond\u00e9rante et suscite davantage de confiance que l&rsquo;\u00e9crit au S\u00e9n\u00e9gal. C&rsquo;est l&rsquo;une des raisons pour lesquelles les stations de radio, les podcasts et les messages vocaux via les services de messagerie sont r\u00e9pandus. Bien que plus de 90 % des S\u00e9n\u00e9galais parlent ou comprennent le wolof, langue officiellement reconnue dans le pays, la langue officielle reste le fran\u00e7ais. Par ailleurs, l&rsquo;anglais joue \u00e9galement un r\u00f4le- croissant significatif dans le contexte des affaires.<\/p>\n<p>[\/et_pb_text][\/et_pb_column][\/et_pb_row][\/et_pb_section][et_pb_section fb_built=\u00a0\u00bb1&Prime; _builder_version=\u00a0\u00bb4.19.4&Prime; _module_preset=\u00a0\u00bbdefault\u00a0\u00bb custom_padding=\u00a0\u00bb0px||0px||false|false\u00a0\u00bb global_colors_info=\u00a0\u00bb{}\u00a0\u00bb][et_pb_row column_structure=\u00a0\u00bb1_4,1_4,1_2&Prime; use_custom_gutter=\u00a0\u00bbon\u00a0\u00bb gutter_width=\u00a0\u00bb1&Prime; make_equal=\u00a0\u00bbon\u00a0\u00bb _builder_version=\u00a0\u00bb4.21.0&Prime; _module_preset=\u00a0\u00bbdefault\u00a0\u00bb width=\u00a0\u00bb100%\u00a0\u00bb max_width=\u00a0\u00bb100%\u00a0\u00bb custom_padding=\u00a0\u00bb0px||0px||false|false\u00a0\u00bb global_colors_info=\u00a0\u00bb{}\u00a0\u00bb][et_pb_column type=\u00a0\u00bb1_4&Prime; _builder_version=\u00a0\u00bb4.19.4&Prime; _module_preset=\u00a0\u00bbdefault\u00a0\u00bb background_image=\u00a0\u00bbhttps:\/\/sentex.sn\/wp-content\/uploads\/2023\/01\/803-22-293-\u00a9AttilaHenning.webp\u00a0\u00bb custom_padding=\u00a0\u00bb||||false|false\u00a0\u00bb global_colors_info=\u00a0\u00bb{}\u00a0\u00bb][et_pb_divider show_divider=\u00a0\u00bboff\u00a0\u00bb _builder_version=\u00a0\u00bb4.19.4&Prime; _module_preset=\u00a0\u00bbdefault\u00a0\u00bb min_height_tablet=\u00a0\u00bb\u00a0\u00bb min_height_phone=\u00a0\u00bb200px\u00a0\u00bb min_height_last_edited=\u00a0\u00bbon|phone\u00a0\u00bb height=\u00a0\u00bb452px\u00a0\u00bb module_alignment_tablet=\u00a0\u00bb\u00a0\u00bb module_alignment_phone=\u00a0\u00bb\u00a0\u00bb module_alignment_last_edited=\u00a0\u00bbon|phone\u00a0\u00bb global_colors_info=\u00a0\u00bb{}\u00a0\u00bb][\/et_pb_divider][\/et_pb_column][et_pb_column type=\u00a0\u00bb1_4&Prime; _builder_version=\u00a0\u00bb4.21.0&Prime; _module_preset=\u00a0\u00bbdefault\u00a0\u00bb background_enable_color=\u00a0\u00bboff\u00a0\u00bb global_colors_info=\u00a0\u00bb{}\u00a0\u00bb][et_pb_text _builder_version=\u00a0\u00bb4.21.0&Prime; _module_preset=\u00a0\u00bb2a8182f9-8cae-4e10-9ba1-a37097387ea2&Prime; custom_margin=\u00a0\u00bb60px|15%|60px|15%|false|true\u00a0\u00bb custom_margin_tablet=\u00a0\u00bb50px|10%|55px|10%|false|true\u00a0\u00bb custom_margin_phone=\u00a0\u00bb50px||50px||true|true\u00a0\u00bb custom_margin_last_edited=\u00a0\u00bbon|phone\u00a0\u00bb global_colors_info=\u00a0\u00bb{}\u00a0\u00bb]<\/p>\n<h3>HISTOIRE DE L&rsquo;INDUSTRIE TEXTILE<\/h3>\n<p>Le coton s\u00e9n\u00e9galais est vendu dans le monde entier et est reconnu pour sa qualit\u00e9 exceptionnelle. M\u00eame si de nombreuses filatures, tricotages circulaires et tissages sont en train d&rsquo;\u00eatre relanc\u00e9s apr\u00e8s des p\u00e9riodes difficiles, le S\u00e9n\u00e9gal poss\u00e8de une longue histoire dans le domaine de la production textile qui attend d&rsquo;\u00eatre r\u00e9activ\u00e9e. Entre 1970 et 1990, l&rsquo;industrie textile a connu un essor important, cr\u00e9ant des dizaines de milliers d&#8217;emplois et exportant la majeure partie de ses v\u00eatements vers d&rsquo;autres pays d&rsquo;Afrique de l&rsquo;Ouest. Si l&rsquo;on remonte encore plus loin dans l&rsquo;histoire du textile, on d\u00e9couvre l&rsquo;importance particuli\u00e8re du Wax ou du style de tissage Mandjak, qui produit un tissu \u00e0 la fois solide et souple orn\u00e9 de motifs symboliques, notamment pour les pagnes traditionnels. Young designers and artists are becoming aware of this elaborate weave again and are reinterpreting it. Il est \u00e9galement important de souligner que le S\u00e9n\u00e9gal est un pays d&rsquo;artisans et de cr\u00e9ateurs de mode o\u00f9 les v\u00eatements traditionnels et modernes font partie int\u00e9grante du mode de vie quotidien.<\/p>\n<p>[\/et_pb_text][\/et_pb_column][et_pb_column type=\u00a0\u00bb1_2&Prime; _builder_version=\u00a0\u00bb4.19.4&Prime; _module_preset=\u00a0\u00bbdefault\u00a0\u00bb background_color=\u00a0\u00bbRGBA(255,255,255,0)\u00a0\u00bb background_image=\u00a0\u00bbhttps:\/\/sentex.sn\/wp-content\/uploads\/2023\/01\/803-22-053-\u00a9AttilaHenning.webp\u00a0\u00bb global_colors_info=\u00a0\u00bb{}\u00a0\u00bb][et_pb_divider show_divider=\u00a0\u00bboff\u00a0\u00bb _builder_version=\u00a0\u00bb4.19.4&Prime; _module_preset=\u00a0\u00bbdefault\u00a0\u00bb min_height_tablet=\u00a0\u00bb400px\u00a0\u00bb min_height_phone=\u00a0\u00bb200px\u00a0\u00bb min_height_last_edited=\u00a0\u00bbon|desktop\u00a0\u00bb global_colors_info=\u00a0\u00bb{}\u00a0\u00bb][\/et_pb_divider][\/et_pb_column][\/et_pb_row][\/et_pb_section][et_pb_section fb_built=\u00a0\u00bb1&Prime; _builder_version=\u00a0\u00bb4.19.4&Prime; _module_preset=\u00a0\u00bbdefault\u00a0\u00bb custom_padding=\u00a0\u00bb0px||0px||false|false\u00a0\u00bb global_colors_info=\u00a0\u00bb{}\u00a0\u00bb][et_pb_row column_structure=\u00a0\u00bb1_2,1_2&Prime; use_custom_gutter=\u00a0\u00bbon\u00a0\u00bb gutter_width=\u00a0\u00bb1&Prime; make_equal=\u00a0\u00bbon\u00a0\u00bb _builder_version=\u00a0\u00bb4.19.4&Prime; _module_preset=\u00a0\u00bbdefault\u00a0\u00bb width=\u00a0\u00bb100%\u00a0\u00bb max_width=\u00a0\u00bb100%\u00a0\u00bb custom_padding=\u00a0\u00bb0px||0px||false|false\u00a0\u00bb global_colors_info=\u00a0\u00bb{}\u00a0\u00bb][et_pb_column type=\u00a0\u00bb1_2&Prime; _builder_version=\u00a0\u00bb4.19.4&Prime; _module_preset=\u00a0\u00bbdefault\u00a0\u00bb background_image=\u00a0\u00bbhttps:\/\/sentex.sn\/wp-content\/uploads\/2023\/01\/845-22-Dakar-Drohne-009\u00a9AttilaHenning_0042.webp\u00a0\u00bb custom_padding=\u00a0\u00bb||||false|false\u00a0\u00bb global_colors_info=\u00a0\u00bb{}\u00a0\u00bb][et_pb_divider show_divider=\u00a0\u00bboff\u00a0\u00bb _builder_version=\u00a0\u00bb4.19.4&Prime; _module_preset=\u00a0\u00bbdefault\u00a0\u00bb min_height_tablet=\u00a0\u00bb400px\u00a0\u00bb min_height_phone=\u00a0\u00bb200px\u00a0\u00bb min_height_last_edited=\u00a0\u00bbon|desktop\u00a0\u00bb height=\u00a0\u00bb452px\u00a0\u00bb height_tablet=\u00a0\u00bb452px\u00a0\u00bb height_phone=\u00a0\u00bb452px\u00a0\u00bb height_last_edited=\u00a0\u00bbon|tablet\u00a0\u00bb global_colors_info=\u00a0\u00bb{}\u00a0\u00bb][\/et_pb_divider][\/et_pb_column][et_pb_column type=\u00a0\u00bb1_2&Prime; _builder_version=\u00a0\u00bb4.19.4&Prime; _module_preset=\u00a0\u00bbdefault\u00a0\u00bb background_enable_color=\u00a0\u00bboff\u00a0\u00bb background_image=\u00a0\u00bbhttps:\/\/sentex.sn\/wp-content\/uploads\/2023\/01\/845-22-Senegal-Street-105\u00a9AttilaHenning.webp\u00a0\u00bb global_colors_info=\u00a0\u00bb{}\u00a0\u00bb][\/et_pb_column][\/et_pb_row][\/et_pb_section][et_pb_section fb_built=\u00a0\u00bb1&Prime; _builder_version=\u00a0\u00bb4.21.0&Prime; _module_preset=\u00a0\u00bbdefault\u00a0\u00bb background_color=\u00a0\u00bb#F7EC4A\u00a0\u00bb global_colors_info=\u00a0\u00bb{}\u00a0\u00bb][et_pb_row _builder_version=\u00a0\u00bb4.21.0&Prime; _module_preset=\u00a0\u00bbdefault\u00a0\u00bb global_colors_info=\u00a0\u00bb{}\u00a0\u00bb][et_pb_column type=\u00a0\u00bb4_4&Prime; _builder_version=\u00a0\u00bb4.21.0&Prime; _module_preset=\u00a0\u00bbdefault\u00a0\u00bb global_colors_info=\u00a0\u00bb{}\u00a0\u00bb][et_pb_text _builder_version=\u00a0\u00bb4.21.0&Prime; _module_preset=\u00a0\u00bb2a8182f9-8cae-4e10-9ba1-a37097387ea2&Prime; global_colors_info=\u00a0\u00bb{}\u00a0\u00bb]<\/p>\n<p>Dakar est particuli\u00e8rement c\u00e9l\u00e8bre pour son rallye raid renomm\u00e9, auquel motos, quads, camions et voitures participent sur de vastes \u00e9tendues de terrain sans sentiers balis\u00e9s. Mais la ville est \u00e9galement dynamique et cr\u00e9ative. En d\u00e9cembre 2021, la prestigieuse maison de couture Chanel a choisi Dakar pour pr\u00e9senter sa collection M\u00e9tiers d&rsquo;art 2022\/23 CHANEL. La marque de luxe a pr\u00e9cis\u00e9 dans un communiqu\u00e9 que, en choisissant Dakar, elle souhaite \u00ab\u00a0mettre en r\u00e9sonance le savoir-faire de ses artisans avec l&rsquo;\u00e9nergie artistique et culturelle de la ville\u00a0\u00bb. Tout indique que la capitale s\u00e9n\u00e9galaise est en passe de devenir un v\u00e9ritable centre de la mode africaine.<\/p>\n<p>[\/et_pb_text][\/et_pb_column][\/et_pb_row][\/et_pb_section][et_pb_section fb_built=\u00a0\u00bb1&Prime; _builder_version=\u00a0\u00bb4.19.4&Prime; _module_preset=\u00a0\u00bbdefault\u00a0\u00bb background_color=\u00a0\u00bbRGBA(255,255,255,0)\u00a0\u00bb custom_padding=\u00a0\u00bb0px||0px||false|false\u00a0\u00bb global_colors_info=\u00a0\u00bb{}\u00a0\u00bb][et_pb_row _builder_version=\u00a0\u00bb4.19.4&Prime; _module_preset=\u00a0\u00bbdefault\u00a0\u00bb background_enable_color=\u00a0\u00bboff\u00a0\u00bb width=\u00a0\u00bb100%\u00a0\u00bb max_width=\u00a0\u00bb100%\u00a0\u00bb height=\u00a0\u00bb97px\u00a0\u00bb custom_padding=\u00a0\u00bb0px||0px||false|false\u00a0\u00bb global_colors_info=\u00a0\u00bb{}\u00a0\u00bb][et_pb_column type=\u00a0\u00bb4_4&Prime; _builder_version=\u00a0\u00bb4.19.4&Prime; _module_preset=\u00a0\u00bbdefault\u00a0\u00bb global_colors_info=\u00a0\u00bb{}\u00a0\u00bb][et_pb_divider show_divider=\u00a0\u00bboff\u00a0\u00bb _builder_version=\u00a0\u00bb4.19.4&Prime; _module_preset=\u00a0\u00bbdefault\u00a0\u00bb global_colors_info=\u00a0\u00bb{}\u00a0\u00bb][\/et_pb_divider][\/et_pb_column][\/et_pb_row][\/et_pb_section][et_pb_section fb_built=\u00a0\u00bb1&Prime; _builder_version=\u00a0\u00bb4.19.4&Prime; _module_preset=\u00a0\u00bbdefault\u00a0\u00bb background_color=\u00a0\u00bb#303A7A\u00a0\u00bb custom_padding=\u00a0\u00bb0px||0px||false|false\u00a0\u00bb global_colors_info=\u00a0\u00bb{}\u00a0\u00bb][et_pb_row _builder_version=\u00a0\u00bb4.19.4&Prime; _module_preset=\u00a0\u00bbdefault\u00a0\u00bb background_color=\u00a0\u00bbRGBA(255,255,255,0)\u00a0\u00bb width=\u00a0\u00bb70%\u00a0\u00bb max_width=\u00a0\u00bb900px\u00a0\u00bb custom_padding=\u00a0\u00bb0px||0px||false|false\u00a0\u00bb global_colors_info=\u00a0\u00bb{}\u00a0\u00bb][et_pb_column type=\u00a0\u00bb4_4&Prime; _builder_version=\u00a0\u00bb4.19.4&Prime; _module_preset=\u00a0\u00bbdefault\u00a0\u00bb global_colors_info=\u00a0\u00bb{}\u00a0\u00bb][et_pb_text _builder_version=\u00a0\u00bb4.19.4&Prime; _module_preset=\u00a0\u00bb2a8182f9-8cae-4e10-9ba1-a37097387ea2&Prime; header_3_font=\u00a0\u00bb|||on|||||\u00a0\u00bb header_3_text_color=\u00a0\u00bb#FFFFFF\u00a0\u00bb custom_margin=\u00a0\u00bb60px||||false|false\u00a0\u00bb custom_padding=\u00a0\u00bb||||false|false\u00a0\u00bb global_colors_info=\u00a0\u00bb{}\u00a0\u00bb]<\/p>\n<h3>Cha\u00eene de valeur &#8211; cr\u00e9er de la valeur ensemble<\/h3>\n<p>[\/et_pb_text][et_pb_button button_url=\u00a0\u00bb@ET-DC@eyJkeW5hbWljIjp0cnVlLCJjb250ZW50IjoicG9zdF9saW5rX3VybF9wYWdlIiwic2V0dGluZ3MiOnsicG9zdF9pZCI6IjE2MyJ9fQ==@\u00a0\u00bb button_text=\u00a0\u00bbPlus d&rsquo;informations\u00a0\u00bb _builder_version=\u00a0\u00bb4.19.4&Prime; _dynamic_attributes=\u00a0\u00bbbutton_url\u00a0\u00bb _module_preset=\u00a0\u00bb4c4a5a69-4d6f-477e-8b62-9b595ee58385&Prime; custom_margin=\u00a0\u00bb25px||50px||false|false\u00a0\u00bb global_colors_info=\u00a0\u00bb{}\u00a0\u00bb][\/et_pb_button][\/et_pb_column][\/et_pb_row][\/et_pb_section]<\/p>\n","protected":false},"excerpt":{"rendered":"<p>SENEGAL DONN\u00c9ES SUR LE PAYS : Le S\u00e9n\u00e9gal, officiellement la R\u00e9publique du S\u00e9n\u00e9gal, est un pays d&rsquo;Afrique de l&rsquo;Ouest situ\u00e9 sur la c\u00f4te de l&rsquo;oc\u00e9an Atlantique. La capitale, Dakar, compte 1 030 594 habitants, tandis que la population de la r\u00e9gion m\u00e9tropolitaine de Dakar est estim\u00e9e \u00e0 3,94 millions en 2021. Le pays est bord\u00e9 [&hellip;]<\/p>\n","protected":false},"author":3,"featured_media":0,"parent":0,"menu_order":0,"comment_status":"closed","ping_status":"closed","template":"","meta":{"_et_pb_use_builder":"on","_et_pb_old_content":"","_et_gb_content_width":"","footnotes":""},"class_list":["post-848","page","type-page","status-publish","hentry"],"_links":{"self":[{"href":"https:\/\/sentex.sn\/fr\/wp-json\/wp\/v2\/pages\/848","targetHints":{"allow":["GET"]}}],"collection":[{"href":"https:\/\/sentex.sn\/fr\/wp-json\/wp\/v2\/pages"}],"about":[{"href":"https:\/\/sentex.sn\/fr\/wp-json\/wp\/v2\/types\/page"}],"author":[{"embeddable":true,"href":"https:\/\/sentex.sn\/fr\/wp-json\/wp\/v2\/users\/3"}],"replies":[{"embeddable":true,"href":"https:\/\/sentex.sn\/fr\/wp-json\/wp\/v2\/comments?post=848"}],"version-history":[{"count":7,"href":"https:\/\/sentex.sn\/fr\/wp-json\/wp\/v2\/pages\/848\/revisions"}],"predecessor-version":[{"id":903,"href":"https:\/\/sentex.sn\/fr\/wp-json\/wp\/v2\/pages\/848\/revisions\/903"}],"wp:attachment":[{"href":"https:\/\/sentex.sn\/fr\/wp-json\/wp\/v2\/media?parent=848"}],"curies":[{"name":"wp","href":"https:\/\/api.w.org\/{rel}","templated":true}]}}