{"id":842,"date":"2023-02-03T09:22:37","date_gmt":"2023-02-03T09:22:37","guid":{"rendered":"https:\/\/sentex.sn\/vision\/"},"modified":"2024-06-27T10:14:49","modified_gmt":"2024-06-27T10:14:49","slug":"vision","status":"publish","type":"page","link":"https:\/\/sentex.sn\/fr\/vision\/","title":{"rendered":"Notre Vision"},"content":{"rendered":"<p>[et_pb_section fb_built=\u00a0\u00bb1&Prime; _builder_version=\u00a0\u00bb4.19.4&Prime; _module_preset=\u00a0\u00bbdefault\u00a0\u00bb background_image=\u00a0\u00bbhttps:\/\/sentex.sn\/wp-content\/uploads\/2023\/01\/SENTEX_cotton_\u00a9AttilaHenning_4897.webp\u00a0\u00bb global_colors_info=\u00a0\u00bb{}\u00a0\u00bb][et_pb_row _builder_version=\u00a0\u00bb4.19.4&Prime; _module_preset=\u00a0\u00bbdefault\u00a0\u00bb global_colors_info=\u00a0\u00bb{}\u00a0\u00bb][et_pb_column type=\u00a0\u00bb4_4&Prime; _builder_version=\u00a0\u00bb4.19.4&Prime; _module_preset=\u00a0\u00bbdefault\u00a0\u00bb global_colors_info=\u00a0\u00bb{}\u00a0\u00bb][et_pb_image src=\u00a0\u00bbhttps:\/\/sentex.sn\/wp-content\/uploads\/2023\/01\/SENTEX-Vision_Cotton-Textile-made-in-S.png\u00a0\u00bb alt=\u00a0\u00bbCotton and Textile made in Senegal\u00a0\u00bb title_text=\u00a0\u00bbSENTEX-Vision_Cotton Textile made in S\u00a0\u00bb _builder_version=\u00a0\u00bb4.19.4&Prime; _module_preset=\u00a0\u00bbdefault\u00a0\u00bb global_colors_info=\u00a0\u00bb{}\u00a0\u00bb][\/et_pb_image][\/et_pb_column][\/et_pb_row][\/et_pb_section][et_pb_section fb_built=\u00a0\u00bb1&Prime; _builder_version=\u00a0\u00bb4.19.4&Prime; _module_preset=\u00a0\u00bbdefault\u00a0\u00bb min_height=\u00a0\u00bb330px\u00a0\u00bb global_colors_info=\u00a0\u00bb{}\u00a0\u00bb][et_pb_row _builder_version=\u00a0\u00bb4.19.4&Prime; _module_preset=\u00a0\u00bbdefault\u00a0\u00bb custom_margin=\u00a0\u00bb||||false|false\u00a0\u00bb custom_padding=\u00a0\u00bb45px||45px||true|false\u00a0\u00bb global_colors_info=\u00a0\u00bb{}\u00a0\u00bb][et_pb_column type=\u00a0\u00bb4_4&Prime; _builder_version=\u00a0\u00bb4.19.4&Prime; _module_preset=\u00a0\u00bbdefault\u00a0\u00bb global_colors_info=\u00a0\u00bb{}\u00a0\u00bb][et_pb_text _builder_version=\u00a0\u00bb4.20.0&Prime; _module_preset=\u00a0\u00bb2a8182f9-8cae-4e10-9ba1-a37097387ea2&Prime; custom_padding=\u00a0\u00bb25px||||false|false\u00a0\u00bb border_width_top=\u00a0\u00bb2px\u00a0\u00bb border_color_top=\u00a0\u00bb#303A7A\u00a0\u00bb global_colors_info=\u00a0\u00bb{}\u00a0\u00bb]<\/p>\n<h2><em>\u00ab\u00a0Notre vision est de cr\u00e9er une cha\u00eene de valeur compl\u00e8te, en cartographiant num\u00e9riquement le pays et les initiatives textile tout en g\u00e9n\u00e9rant de multiples opportunit\u00e9s de partenariats, tant au niveau national qu&rsquo;international. Ce concept r\u00e9volutionnaire est sur le point de devenir une r\u00e9alit\u00e9 concr\u00e8te ici au S\u00e9n\u00e9gal.\u00a0\u00bb SENTEX<\/em><\/h2>\n<p>[\/et_pb_text][\/et_pb_column][\/et_pb_row][\/et_pb_section][et_pb_section fb_built=\u00a0\u00bb1&Prime; _builder_version=\u00a0\u00bb4.19.4&Prime; _module_preset=\u00a0\u00bbdefault\u00a0\u00bb background_color=\u00a0\u00bbrgba(255,255,255,0.7)\u00a0\u00bb background_image=\u00a0\u00bbhttps:\/\/sentex.sn\/wp-content\/uploads\/2023\/01\/SENTEX_Cotton_Sodefitex\u00a9AttilaHenning_4438.webp\u00a0\u00bb background_blend=\u00a0\u00bboverlay\u00a0\u00bb global_colors_info=\u00a0\u00bb{}\u00a0\u00bb][et_pb_row use_custom_gutter=\u00a0\u00bbon\u00a0\u00bb gutter_width=\u00a0\u00bb4&Prime; _builder_version=\u00a0\u00bb4.19.4&Prime; _module_preset=\u00a0\u00bbdefault\u00a0\u00bb custom_padding=\u00a0\u00bb100px||||false|false\u00a0\u00bb global_colors_info=\u00a0\u00bb{}\u00a0\u00bb][et_pb_column type=\u00a0\u00bb4_4&Prime; _builder_version=\u00a0\u00bb4.19.4&Prime; _module_preset=\u00a0\u00bbdefault\u00a0\u00bb global_colors_info=\u00a0\u00bb{}\u00a0\u00bb][et_pb_text _builder_version=\u00a0\u00bb4.20.0&Prime; _module_preset=\u00a0\u00bbdefault\u00a0\u00bb global_colors_info=\u00a0\u00bb{}\u00a0\u00bb]<\/p>\n<h1>COTON ET TEXTILES DURABLES,TRA\u00c7ABLES FABRIQU\u00c9S AU S\u00c9N\u00c9GAL<\/h1>\n<p>[\/et_pb_text][\/et_pb_column][\/et_pb_row][et_pb_row column_structure=\u00a0\u00bb1_2,1_2&Prime; use_custom_gutter=\u00a0\u00bbon\u00a0\u00bb gutter_width=\u00a0\u00bb4&Prime; _builder_version=\u00a0\u00bb4.19.4&Prime; _module_preset=\u00a0\u00bbdefault\u00a0\u00bb custom_padding=\u00a0\u00bb||||false|false\u00a0\u00bb global_colors_info=\u00a0\u00bb{}\u00a0\u00bb][et_pb_column type=\u00a0\u00bb1_2&Prime; _builder_version=\u00a0\u00bb4.19.4&Prime; _module_preset=\u00a0\u00bbdefault\u00a0\u00bb global_colors_info=\u00a0\u00bb{}\u00a0\u00bb][et_pb_text _builder_version=\u00a0\u00bb4.20.0&Prime; _module_preset=\u00a0\u00bb2a8182f9-8cae-4e10-9ba1-a37097387ea2&Prime; global_colors_info=\u00a0\u00bb{}\u00a0\u00bb]<\/p>\n<h3>CYCLE \u00c9CONOMIQUE INTACT<\/h3>\n<p>Le S\u00e9n\u00e9gal est renomm\u00e9 pour la qualit\u00e9 de sa fibre de coton, une culture qui repr\u00e9sente l&rsquo;un des produits agricoles et d&rsquo;exportation les plus importants de ce pays d&rsquo;Afrique de l&rsquo;Ouest. Toutefois, la production de fil et de textile n&rsquo;est plus un domaine dans lequel le S\u00e9n\u00e9gal investit et excelle ces derni\u00e8res ann\u00e9es. Le secteur a connu un d\u00e9clin, la plupart des insdustries textiles se sont retrouv\u00e9es en difficlut\u00e9 et on d\u00fb \u00e0 une \u00e9poque ralentir ou mettre \u00e0 l\u2019arr\u00eat leurs activit\u00e9s. Dans le but de redynamiser cette industrie, notre objectif est clair : renforcer la production de coton, soutenir la renaissance des filatures et des ateliers de tissage et de tricotage, confection, r\u00e9tablir l&rsquo;int\u00e9gralit\u00e9 de la cha\u00eene de valeur au sein du pays, de la culture du coton \u00e0 la vente du textile fini. Notre d\u00e9marche met l&rsquo;accent sur la durabilit\u00e9, l&rsquo;\u00e9quit\u00e9, l&rsquo;\u00e9cologie, la transparence et la cr\u00e9ation de produits de qualit\u00e9 haut de gamme . Nous atteindrons ces objectifs en investissant efficacement dans la formation et le renforcement des capacit\u00e9s.<\/p>\n<p>[\/et_pb_text][\/et_pb_column][et_pb_column type=\u00a0\u00bb1_2&Prime; _builder_version=\u00a0\u00bb4.19.4&Prime; _module_preset=\u00a0\u00bbdefault\u00a0\u00bb global_colors_info=\u00a0\u00bb{}\u00a0\u00bb][et_pb_text _builder_version=\u00a0\u00bb4.23&Prime; _module_preset=\u00a0\u00bb2a8182f9-8cae-4e10-9ba1-a37097387ea2&Prime; global_colors_info=\u00a0\u00bb{}\u00a0\u00bb]<\/p>\n<h3>SUR LA M\u00caME PISTE\/LANC\u00c9E<\/h3>\n<p>Afin de concr\u00e9tiser cette vision, plusieurs acteurs gouvernementaux et non gouvernementaux, tant nationaux qu&rsquo;internationaux, collaborent sous l&rsquo;\u00e9gide de SENTEX en adoptant une approche multipartite. Ils reconnaissent tous le vaste potentiel qui se pr\u00e9sente et s&rsquo;efforcent activement de l&rsquo;exploiter, dans le but de renforcer l&rsquo;ind\u00e9pendance et la r\u00e9silience du pays, de cr\u00e9er des opportunit\u00e9s de formation et d&#8217;emploi, et d&rsquo;offrir \u00e0 la population une diversit\u00e9 de perspectives au sein d&rsquo;un secteur Coton-textile durablement revitalis\u00e9.<\/p>\n<p>[\/et_pb_text][\/et_pb_column][\/et_pb_row][et_pb_row _builder_version=\u00a0\u00bb4.19.4&Prime; _module_preset=\u00a0\u00bbdefault\u00a0\u00bb custom_padding=\u00a0\u00bb||100px||false|false\u00a0\u00bb global_colors_info=\u00a0\u00bb{}\u00a0\u00bb][et_pb_column type=\u00a0\u00bb4_4&Prime; _builder_version=\u00a0\u00bb4.19.4&Prime; _module_preset=\u00a0\u00bbdefault\u00a0\u00bb global_colors_info=\u00a0\u00bb{}\u00a0\u00bb][et_pb_text _builder_version=\u00a0\u00bb4.20.0&Prime; _module_preset=\u00a0\u00bb2a8182f9-8cae-4e10-9ba1-a37097387ea2&Prime; header_3_font=\u00a0\u00bb|||on|||||\u00a0\u00bb global_colors_info=\u00a0\u00bb{}\u00a0\u00bb]<\/p>\n<h3>AVANCER COURAGEUSEMENT<\/h3>\n<p>La force motrice derri\u00e8re cette initiative est un processus de r\u00e9flexion majeur qui a d\u00e9but\u00e9 il y a d\u00e9j\u00e0 un certain temps. Face aux d\u00e9fis du changement climatique, de la baisse des rendements des cultures et de la volatilit\u00e9 des prix du coton sur le march\u00e9 mondial, avec la concurrence f\u00e9roce des deux puissants continents hautement m\u00e9canis\u00e9s que sont l&rsquo;Asie et les \u00c9tats-Unis, le S\u00e9n\u00e9gal fait face depuis plusieurs ann\u00e9es \u00e0 des d\u00e9fis consid\u00e9rables. Cependant, plut\u00f4t que de se r\u00e9signer, le pays porte un regard r\u00e9solument tourn\u00e9 vers l&rsquo;avenir. Aujourd&rsquo;hui, le S\u00e9n\u00e9gal est en mesure de s&rsquo;affirmer en tant qu&rsquo;acteur confiant au sein de l&rsquo;industrie textile locale, nationale, sous-r\u00e9gionale et internationale. Chez SENTEX, nous croyons fermement en la possibilit\u00e9 de parvenir \u00e0 un 100% MADE IN SENEGAL.<\/p>\n<p>SENTEX is funded by the special initiative \u00ab\u00a0Good Employment for Socially Equitable Change\u00a0\u00bb of the German Federal Ministry for Economic Cooperation and Development (BMZ) and implemented by the Deutsche Gesellschaft f\u00fcr internationale Zusammenarbeit (GIZ) under the brand \u00ab\u00a0Invest for Jobs\u00a0\u00bb. The aim of the special initiative is to work with companies to create decent jobs and improve working conditions.<\/p>\n<p>[\/et_pb_text][\/et_pb_column][\/et_pb_row][\/et_pb_section][et_pb_section fb_built=\u00a0\u00bb1&Prime; _builder_version=\u00a0\u00bb4.19.4&Prime; _module_preset=\u00a0\u00bbdefault\u00a0\u00bb custom_padding=\u00a0\u00bb0px||0px||false|false\u00a0\u00bb global_colors_info=\u00a0\u00bb{}\u00a0\u00bb][et_pb_row column_structure=\u00a0\u00bb1_2,1_2&Prime; use_custom_gutter=\u00a0\u00bbon\u00a0\u00bb gutter_width=\u00a0\u00bb1&Prime; make_equal=\u00a0\u00bbon\u00a0\u00bb _builder_version=\u00a0\u00bb4.19.4&Prime; _module_preset=\u00a0\u00bbdefault\u00a0\u00bb width=\u00a0\u00bb100%\u00a0\u00bb max_width=\u00a0\u00bb100%\u00a0\u00bb custom_padding=\u00a0\u00bb0px||0px||false|false\u00a0\u00bb global_colors_info=\u00a0\u00bb{}\u00a0\u00bb][et_pb_column type=\u00a0\u00bb1_2&Prime; _builder_version=\u00a0\u00bb4.19.4&Prime; _module_preset=\u00a0\u00bbdefault\u00a0\u00bb background_color=\u00a0\u00bb#379B62&Prime; global_colors_info=\u00a0\u00bb{}\u00a0\u00bb][et_pb_text _builder_version=\u00a0\u00bb4.20.0&Prime; _module_preset=\u00a0\u00bb2a8182f9-8cae-4e10-9ba1-a37097387ea2&Prime; custom_padding=\u00a0\u00bb100px|10%|100px|44%|false|false\u00a0\u00bb custom_padding_tablet=\u00a0\u00bb50px||50px|10%|true|false\u00a0\u00bb custom_padding_phone=\u00a0\u00bb50px|10%|50px|10%|true|false\u00a0\u00bb custom_padding_last_edited=\u00a0\u00bbon|desktop\u00a0\u00bb global_colors_info=\u00a0\u00bb{}\u00a0\u00bb]<\/p>\n<h3>NOUVELLES PERSPECTIVES<\/h3>\n<p>Pour un v\u00e9ritable changement, il ne suffit pas seulement d&rsquo;avoir une mentalit\u00e9 et une volont\u00e9 de changer. La condition pr\u00e9alable essentielle est d&rsquo;avoir une base solide \u00e0 partir de laquelle r\u00e9fl\u00e9chir \u00e0 l&rsquo;avenir, d\u00e9finir des objectifs et d\u00e9velopper des visions. Trois points, en particulier, plaident en faveur du S\u00e9n\u00e9gal : premi\u00e8rement, le pays dispose d&rsquo;un secteur du coton tr\u00e8s bien structur\u00e9 ; deuxi\u00e8mement, ces derni\u00e8res ann\u00e9es, avec l&rsquo;aide de la Deutsche Gesellschaft f\u00fcr Internationale Zusammenarbeit (GIZ), en particulier le programme Invest for Jobs, entre autres, le pays a augment\u00e9 la part de la production de coton consacr\u00e9e \u00e0 la culture biologique ; troisi\u00e8mement, il poss\u00e8de un parc fonctionnel ds\u2019\u00e9quipements, avec des machines europ\u00e9ennes de filature, de tissage et de tricotage de qualit\u00e9 et performantes dans les deux principales usines. \u00c0 cela s&rsquo;ajoute la stabilit\u00e9 politique du S\u00e9n\u00e9gal et sa situation g\u00e9ostrat\u00e9gique favorable &#8211; en tant que pays le plus \u00e0 l&rsquo;ouest de l&rsquo;Afrique, directement sur l&rsquo;Atlantique, il est consid\u00e9r\u00e9 comme une plaque tournante fiable pour les relations commerciales nationales et internationales.<\/p>\n<p>[\/et_pb_text][\/et_pb_column][et_pb_column type=\u00a0\u00bb1_2&Prime; _builder_version=\u00a0\u00bb4.19.4&Prime; _module_preset=\u00a0\u00bbdefault\u00a0\u00bb background_image=\u00a0\u00bbhttps:\/\/sentex.sn\/wp-content\/uploads\/2023\/01\/Baumwollfeld-Tambacounda_5_GIZ-Hamet-Diop.webp\u00a0\u00bb global_colors_info=\u00a0\u00bb{}\u00a0\u00bb][et_pb_divider show_divider=\u00a0\u00bboff\u00a0\u00bb _builder_version=\u00a0\u00bb4.19.4&Prime; _module_preset=\u00a0\u00bbdefault\u00a0\u00bb min_height=\u00a0\u00bb400px\u00a0\u00bb min_height_tablet=\u00a0\u00bb400px\u00a0\u00bb min_height_phone=\u00a0\u00bb200px\u00a0\u00bb min_height_last_edited=\u00a0\u00bbon|tablet\u00a0\u00bb height_tablet=\u00a0\u00bb\u00a0\u00bb height_phone=\u00a0\u00bb\u00a0\u00bb height_last_edited=\u00a0\u00bbon|tablet\u00a0\u00bb global_colors_info=\u00a0\u00bb{}\u00a0\u00bb][\/et_pb_divider][\/et_pb_column][\/et_pb_row][\/et_pb_section][et_pb_section fb_built=\u00a0\u00bb1&Prime; _builder_version=\u00a0\u00bb4.19.4&Prime; _module_preset=\u00a0\u00bbdefault\u00a0\u00bb custom_padding=\u00a0\u00bb0px||0px||false|false\u00a0\u00bb global_colors_info=\u00a0\u00bb{}\u00a0\u00bb][et_pb_row column_structure=\u00a0\u00bb1_2,1_2&Prime; use_custom_gutter=\u00a0\u00bbon\u00a0\u00bb gutter_width=\u00a0\u00bb1&Prime; make_equal=\u00a0\u00bbon\u00a0\u00bb _builder_version=\u00a0\u00bb4.19.4&Prime; _module_preset=\u00a0\u00bbdefault\u00a0\u00bb width=\u00a0\u00bb100%\u00a0\u00bb max_width=\u00a0\u00bb100%\u00a0\u00bb custom_padding=\u00a0\u00bb0px||0px||false|false\u00a0\u00bb global_colors_info=\u00a0\u00bb{}\u00a0\u00bb][et_pb_column type=\u00a0\u00bb1_2&Prime; _builder_version=\u00a0\u00bb4.19.4&Prime; _module_preset=\u00a0\u00bbdefault\u00a0\u00bb background_image=\u00a0\u00bbhttps:\/\/sentex.sn\/wp-content\/uploads\/2023\/01\/Arbeiter-in-Firma-Domitexka-in-Kaolack_3_GIZ-Hamet-Diop.webp\u00a0\u00bb custom_padding=\u00a0\u00bb||||false|false\u00a0\u00bb global_colors_info=\u00a0\u00bb{}\u00a0\u00bb][et_pb_divider show_divider=\u00a0\u00bboff\u00a0\u00bb _builder_version=\u00a0\u00bb4.19.4&Prime; _module_preset=\u00a0\u00bbdefault\u00a0\u00bb global_colors_info=\u00a0\u00bb{}\u00a0\u00bb][\/et_pb_divider][et_pb_divider show_divider=\u00a0\u00bboff\u00a0\u00bb _builder_version=\u00a0\u00bb4.19.4&Prime; _module_preset=\u00a0\u00bbdefault\u00a0\u00bb min_height=\u00a0\u00bb400px\u00a0\u00bb min_height_tablet=\u00a0\u00bb400px\u00a0\u00bb min_height_phone=\u00a0\u00bb200px\u00a0\u00bb min_height_last_edited=\u00a0\u00bbon|tablet\u00a0\u00bb height_tablet=\u00a0\u00bb\u00a0\u00bb height_phone=\u00a0\u00bb\u00a0\u00bb height_last_edited=\u00a0\u00bbon|tablet\u00a0\u00bb global_colors_info=\u00a0\u00bb{}\u00a0\u00bb][\/et_pb_divider][\/et_pb_column][et_pb_column type=\u00a0\u00bb1_2&Prime; _builder_version=\u00a0\u00bb4.19.4&Prime; _module_preset=\u00a0\u00bbdefault\u00a0\u00bb background_color=\u00a0\u00bb#F7EC4A\u00a0\u00bb global_colors_info=\u00a0\u00bb{}\u00a0\u00bb][et_pb_text _builder_version=\u00a0\u00bb4.20.0&Prime; _module_preset=\u00a0\u00bb2a8182f9-8cae-4e10-9ba1-a37097387ea2&Prime; custom_padding=\u00a0\u00bb100px|44%||7%|false|false\u00a0\u00bb custom_padding_tablet=\u00a0\u00bb50px|10%|50px|10%|true|true\u00a0\u00bb custom_padding_phone=\u00a0\u00bb50px|10%|50px|10%|true|true\u00a0\u00bb custom_padding_last_edited=\u00a0\u00bbon|tablet\u00a0\u00bb global_colors_info=\u00a0\u00bb{}\u00a0\u00bb]<\/p>\n<h3>CHA\u00ceNE DE VALEUR MODERNE<\/h3>\n<p>Une cha\u00eene de valeur textile qui commence par la culture durable des cotonniers et se termine par le textile<br \/>fini dans le commerce de d\u00e9tail n\u00e9cessite une grande vari\u00e9t\u00e9 d&rsquo;acteurs. Non seulement des producteurs de semences et d&rsquo;engrais biologiques, des producteurs de coton et des fabricants de fils, de ficelles et de surfaces textiles de haute qualit\u00e9.<br \/>Mais aussi des m\u00e9caniciens qui s&rsquo;occupent de l&rsquo;entretien des machines. Des \u00e9tudiants en mode et des cr\u00e9ateurs de textiles qui cr\u00e9ent des collections traditionnelles et modernes \u00e0 partir de tissus s\u00e9n\u00e9galais. Des dirigeants d&rsquo;entreprises artisanales et de soci\u00e9t\u00e9s commerciales locales. Des experts en num\u00e9risation et en tra\u00e7abilit\u00e9 qui peuvent d\u00e9j\u00e0 cartographier en d\u00e9tail une partie pertinente de la cha\u00eene de valeur avec leur logiciel. Ou des multiplicateurs engag\u00e9s dans le pays et \u00e0 l&rsquo;\u00e9tranger. SENTEX s&rsquo;est \u00e9galement donn\u00e9 pour mission de les embarquer tous et d&rsquo;\u00e9largir constamment l&rsquo;\u00e9quipage. Pour un S\u00e9n\u00e9gal fort avec une fonction de mod\u00e8le et un charisme bien au-del\u00e0 de ses propres fronti\u00e8res.<\/p>\n<p>[\/et_pb_text][et_pb_button button_url=\u00a0\u00bb@ET-DC@eyJkeW5hbWljIjp0cnVlLCJjb250ZW50IjoicG9zdF9saW5rX3VybF9wYWdlIiwic2V0dGluZ3MiOnsicG9zdF9pZCI6IjE2MyJ9fQ==@\u00a0\u00bb button_text=\u00a0\u00bbcha\u00eene de valeur\u00a0\u00bb _builder_version=\u00a0\u00bb4.19.4&Prime; _dynamic_attributes=\u00a0\u00bbbutton_url\u00a0\u00bb _module_preset=\u00a0\u00bb62b44166-62d1-4f5e-8de1-50396d5d2355&Prime; custom_margin=\u00a0\u00bb25px||100px|7%|false|false\u00a0\u00bb custom_margin_tablet=\u00a0\u00bb25px||100px|7%|false|false\u00a0\u00bb custom_margin_phone=\u00a0\u00bb25px|10%|100px|10%|false|true\u00a0\u00bb custom_margin_last_edited=\u00a0\u00bbon|desktop\u00a0\u00bb custom_padding_tablet=\u00a0\u00bb\u00a0\u00bb custom_padding_phone=\u00a0\u00bb|10%||10%|false|false\u00a0\u00bb custom_padding_last_edited=\u00a0\u00bbon|phone\u00a0\u00bb global_colors_info=\u00a0\u00bb{}\u00a0\u00bb][\/et_pb_button][\/et_pb_column][\/et_pb_row][\/et_pb_section][et_pb_section fb_built=\u00a0\u00bb1&Prime; _builder_version=\u00a0\u00bb4.19.4&Prime; _module_preset=\u00a0\u00bbdefault\u00a0\u00bb custom_padding=\u00a0\u00bb0px||0px||false|false\u00a0\u00bb global_colors_info=\u00a0\u00bb{}\u00a0\u00bb][et_pb_row _builder_version=\u00a0\u00bb4.19.4&Prime; _module_preset=\u00a0\u00bbdefault\u00a0\u00bb background_color=\u00a0\u00bb#303A7A\u00a0\u00bb width=\u00a0\u00bb100%\u00a0\u00bb max_width=\u00a0\u00bb100%\u00a0\u00bb height=\u00a0\u00bb30px\u00a0\u00bb custom_padding=\u00a0\u00bb0px||0px||false|false\u00a0\u00bb global_colors_info=\u00a0\u00bb{}\u00a0\u00bb][et_pb_column type=\u00a0\u00bb4_4&Prime; _builder_version=\u00a0\u00bb4.19.4&Prime; _module_preset=\u00a0\u00bbdefault\u00a0\u00bb global_colors_info=\u00a0\u00bb{}\u00a0\u00bb][et_pb_divider show_divider=\u00a0\u00bboff\u00a0\u00bb _builder_version=\u00a0\u00bb4.19.4&Prime; _module_preset=\u00a0\u00bbdefault\u00a0\u00bb global_colors_info=\u00a0\u00bb{}\u00a0\u00bb][\/et_pb_divider][\/et_pb_column][\/et_pb_row][\/et_pb_section][et_pb_section fb_built=\u00a0\u00bb1&Prime; _builder_version=\u00a0\u00bb4.19.4&Prime; _module_preset=\u00a0\u00bbdefault\u00a0\u00bb background_image=\u00a0\u00bbhttps:\/\/sentex.sn\/wp-content\/uploads\/2023\/01\/845-22-Dakahr_023\u00a9AttilaHenning_0056.webp\u00a0\u00bb global_colors_info=\u00a0\u00bb{}\u00a0\u00bb][et_pb_row _builder_version=\u00a0\u00bb4.19.4&Prime; _module_preset=\u00a0\u00bbdefault\u00a0\u00bb background_color=\u00a0\u00bbrgba(255,255,255,0.85)\u00a0\u00bb width=\u00a0\u00bb60%\u00a0\u00bb max_width=\u00a0\u00bb900px\u00a0\u00bb custom_margin=\u00a0\u00bb100px||100px||true|false\u00a0\u00bb custom_padding=\u00a0\u00bb||||false|false\u00a0\u00bb global_colors_info=\u00a0\u00bb{}\u00a0\u00bb][et_pb_column type=\u00a0\u00bb4_4&Prime; _builder_version=\u00a0\u00bb4.19.4&Prime; _module_preset=\u00a0\u00bbdefault\u00a0\u00bb global_colors_info=\u00a0\u00bb{}\u00a0\u00bb][et_pb_text _builder_version=\u00a0\u00bb4.19.4&Prime; _module_preset=\u00a0\u00bb2a8182f9-8cae-4e10-9ba1-a37097387ea2&Prime; header_3_font=\u00a0\u00bb|||on|||||\u00a0\u00bb custom_margin=\u00a0\u00bb50px|20%||20%|false|true\u00a0\u00bb custom_padding=\u00a0\u00bb||||false|true\u00a0\u00bb global_colors_info=\u00a0\u00bb{}\u00a0\u00bb]<\/p>\n<h3>Personnes, patrimoine et culture<\/h3>\n<p>[\/et_pb_text][et_pb_button button_url=\u00a0\u00bb@ET-DC@eyJkeW5hbWljIjp0cnVlLCJjb250ZW50IjoicG9zdF9saW5rX3VybF9wYWdlIiwic2V0dGluZ3MiOnsicG9zdF9pZCI6IjEzNiJ9fQ==@\u00a0\u00bb button_text=\u00a0\u00bb sur le S\u00e9n\u00e9gal\u00a0\u00bb _builder_version=\u00a0\u00bb4.19.4&Prime; _dynamic_attributes=\u00a0\u00bbbutton_url\u00a0\u00bb _module_preset=\u00a0\u00bb62b44166-62d1-4f5e-8de1-50396d5d2355&Prime; custom_margin=\u00a0\u00bb25px|20%|50px|20%|false|false\u00a0\u00bb custom_padding=\u00a0\u00bb||||false|true\u00a0\u00bb global_colors_info=\u00a0\u00bb{}\u00a0\u00bb][\/et_pb_button][\/et_pb_column][\/et_pb_row][\/et_pb_section]<\/p>\n","protected":false},"excerpt":{"rendered":"<p>\u00ab\u00a0Notre vision est de cr\u00e9er une cha\u00eene de valeur compl\u00e8te, en cartographiant num\u00e9riquement le pays et les initiatives textile tout en g\u00e9n\u00e9rant de multiples opportunit\u00e9s de partenariats, tant au niveau national qu&rsquo;international. Ce concept r\u00e9volutionnaire est sur le point de devenir une r\u00e9alit\u00e9 concr\u00e8te ici au S\u00e9n\u00e9gal.\u00a0\u00bb SENTEXCOTON ET TEXTILES DURABLES,TRA\u00c7ABLES FABRIQU\u00c9S AU S\u00c9N\u00c9GALCYCLE \u00c9CONOMIQUE [&hellip;]<\/p>\n","protected":false},"author":3,"featured_media":0,"parent":0,"menu_order":0,"comment_status":"closed","ping_status":"closed","template":"","meta":{"_et_pb_use_builder":"on","_et_pb_old_content":"","_et_gb_content_width":"","footnotes":""},"class_list":["post-842","page","type-page","status-publish","hentry"],"_links":{"self":[{"href":"https:\/\/sentex.sn\/fr\/wp-json\/wp\/v2\/pages\/842","targetHints":{"allow":["GET"]}}],"collection":[{"href":"https:\/\/sentex.sn\/fr\/wp-json\/wp\/v2\/pages"}],"about":[{"href":"https:\/\/sentex.sn\/fr\/wp-json\/wp\/v2\/types\/page"}],"author":[{"embeddable":true,"href":"https:\/\/sentex.sn\/fr\/wp-json\/wp\/v2\/users\/3"}],"replies":[{"embeddable":true,"href":"https:\/\/sentex.sn\/fr\/wp-json\/wp\/v2\/comments?post=842"}],"version-history":[{"count":5,"href":"https:\/\/sentex.sn\/fr\/wp-json\/wp\/v2\/pages\/842\/revisions"}],"predecessor-version":[{"id":1396,"href":"https:\/\/sentex.sn\/fr\/wp-json\/wp\/v2\/pages\/842\/revisions\/1396"}],"wp:attachment":[{"href":"https:\/\/sentex.sn\/fr\/wp-json\/wp\/v2\/media?parent=842"}],"curies":[{"name":"wp","href":"https:\/\/api.w.org\/{rel}","templated":true}]}}