{"id":1726,"date":"2024-09-11T10:28:46","date_gmt":"2024-09-11T10:28:46","guid":{"rendered":"https:\/\/sentex.sn\/?page_id=1726"},"modified":"2024-09-11T10:51:32","modified_gmt":"2024-09-11T10:51:32","slug":"nsts","status":"publish","type":"page","link":"https:\/\/sentex.sn\/fr\/partenaires\/nsts\/","title":{"rendered":"NSTS"},"content":{"rendered":"<p>[et_pb_section fb_built=\u00a0\u00bb1&Prime; _builder_version=\u00a0\u00bb4.23&Prime; _module_preset=\u00a0\u00bbdefault\u00a0\u00bb background_enable_color=\u00a0\u00bboff\u00a0\u00bb background_image=\u00a0\u00bbhttps:\/\/sentex.sn\/wp-content\/uploads\/2024\/09\/Blank-1080-x-710-copy.jpg\u00a0\u00bb height=\u00a0\u00bb600px\u00a0\u00bb background_last_edited=\u00a0\u00bbon|phone\u00a0\u00bb background_image_phone=\u00a0\u00bbhttps:\/\/sentex.sn\/wp-content\/uploads\/2023\/05\/SENTEX_Image_digitalization_mobile.jpg\u00a0\u00bb background_enable_image_phone=\u00a0\u00bbon\u00a0\u00bb global_colors_info=\u00a0\u00bb{}\u00a0\u00bb][\/et_pb_section][et_pb_section fb_built=\u00a0\u00bb1&Prime; _builder_version=\u00a0\u00bb4.19.4&Prime; _module_preset=\u00a0\u00bbdefault\u00a0\u00bb min_height=\u00a0\u00bb343.7px\u00a0\u00bb custom_margin=\u00a0\u00bb||-101px|||\u00a0\u00bb global_colors_info=\u00a0\u00bb{}\u00a0\u00bb][et_pb_row _builder_version=\u00a0\u00bb4.19.4&Prime; _module_preset=\u00a0\u00bbdefault\u00a0\u00bb global_colors_info=\u00a0\u00bb{}\u00a0\u00bb][et_pb_column type=\u00a0\u00bb4_4&Prime; _builder_version=\u00a0\u00bb4.19.4&Prime; _module_preset=\u00a0\u00bbdefault\u00a0\u00bb global_colors_info=\u00a0\u00bb{}\u00a0\u00bb][et_pb_text _builder_version=\u00a0\u00bb4.23&Prime; _module_preset=\u00a0\u00bb2a8182f9-8cae-4e10-9ba1-a37097387ea2&Prime; global_colors_info=\u00a0\u00bb{}\u00a0\u00bb]<\/p>\n<h1>NSTS<\/h1>\n<p>&nbsp;<\/p>\n<p>Nous sommes heureux de collaborer avec la Nouvelle Soci\u00e9t\u00e9 Textile S\u00e9n\u00e9galaise (NSTS), un pilier historique de l&rsquo;industrie textile. Elle positionne le pays de la T\u00e9ranga sur la sc\u00e8ne r\u00e9gionale et internationale du textile en assurant des standards de qualit\u00e9 via une capacit\u00e9 de production accrue et des \u00e9quipements \u00e0 la pointe de la modernit\u00e9.<\/p>\n<p>La NSTS est responsable de la cr\u00e9ation de plus de 1000 emplois directs et int\u00e8gre les petites exploitations agricoles dans la cha\u00eene de valeur, notamment les producteurs de coton. Ce faisant, la soci\u00e9t\u00e9 dynamise \u00e9galement l&rsquo;agriculture.<\/p>\n<p>&nbsp;<\/p>\n<p>&nbsp;<\/p>\n<p>&nbsp;<\/p>\n<p>[\/et_pb_text][\/et_pb_column][\/et_pb_row][\/et_pb_section][et_pb_section fb_built=\u00a0\u00bb1&Prime; _builder_version=\u00a0\u00bb4.19.4&Prime; _module_preset=\u00a0\u00bbdefault\u00a0\u00bb custom_padding=\u00a0\u00bb||0px|||\u00a0\u00bb global_colors_info=\u00a0\u00bb{}\u00a0\u00bb][\/et_pb_section][et_pb_section fb_built=\u00a0\u00bb1&Prime; _builder_version=\u00a0\u00bb4.19.4&Prime; _module_preset=\u00a0\u00bbdefault\u00a0\u00bb background_color=\u00a0\u00bbrgba(48,58,122,0.1)\u00a0\u00bb min_height=\u00a0\u00bb1502.9px\u00a0\u00bb custom_margin=\u00a0\u00bb-58px|||||\u00a0\u00bb custom_padding=\u00a0\u00bb5px|||||\u00a0\u00bb global_colors_info=\u00a0\u00bb{}\u00a0\u00bb][et_pb_row _builder_version=\u00a0\u00bb4.19.4&Prime; _module_preset=\u00a0\u00bbdefault\u00a0\u00bb custom_margin=\u00a0\u00bb100px||||false|false\u00a0\u00bb global_colors_info=\u00a0\u00bb{}\u00a0\u00bb][et_pb_column type=\u00a0\u00bb4_4&Prime; _builder_version=\u00a0\u00bb4.19.4&Prime; _module_preset=\u00a0\u00bbdefault\u00a0\u00bb global_colors_info=\u00a0\u00bb{}\u00a0\u00bb][et_pb_text _builder_version=\u00a0\u00bb4.23&Prime; _module_preset=\u00a0\u00bb2a8182f9-8cae-4e10-9ba1-a37097387ea2&Prime; header_2_font=\u00a0\u00bb|||on|||||\u00a0\u00bb custom_padding=\u00a0\u00bb8px|||||\u00a0\u00bb global_colors_info=\u00a0\u00bb{}\u00a0\u00bb]<\/p>\n<h2>Notre partenaire en mati\u00e8re dE MODERNISATION DU TEXTILE<\/h2>\n<p>[\/et_pb_text][\/et_pb_column][\/et_pb_row][et_pb_row column_structure=\u00a0\u00bb1_2,1_2&Prime; use_custom_gutter=\u00a0\u00bbon\u00a0\u00bb gutter_width=\u00a0\u00bb2&Prime; _builder_version=\u00a0\u00bb4.19.4&Prime; _module_preset=\u00a0\u00bbdefault\u00a0\u00bb global_colors_info=\u00a0\u00bb{}\u00a0\u00bb][et_pb_column type=\u00a0\u00bb1_2&Prime; _builder_version=\u00a0\u00bb4.19.4&Prime; _module_preset=\u00a0\u00bbdefault\u00a0\u00bb global_colors_info=\u00a0\u00bb{}\u00a0\u00bb][et_pb_image src=\u00a0\u00bbhttps:\/\/sentex.sn\/wp-content\/uploads\/2024\/09\/ftt2.jpg\u00a0\u00bb title_text=\u00a0\u00bbftt2&Prime; _builder_version=\u00a0\u00bb4.23&Prime; _module_preset=\u00a0\u00bbdefault\u00a0\u00bb global_colors_info=\u00a0\u00bb{}\u00a0\u00bb][\/et_pb_image][\/et_pb_column][et_pb_column type=\u00a0\u00bb1_2&Prime; _builder_version=\u00a0\u00bb4.19.4&Prime; _module_preset=\u00a0\u00bbdefault\u00a0\u00bb global_colors_info=\u00a0\u00bb{}\u00a0\u00bb][et_pb_image src=\u00a0\u00bbhttps:\/\/sentex.sn\/wp-content\/uploads\/2024\/09\/ftt3.jpg\u00a0\u00bb title_text=\u00a0\u00bbftt3&Prime; _builder_version=\u00a0\u00bb4.23&Prime; _module_preset=\u00a0\u00bbdefault\u00a0\u00bb global_colors_info=\u00a0\u00bb{}\u00a0\u00bb][\/et_pb_image][\/et_pb_column][\/et_pb_row][et_pb_row column_structure=\u00a0\u00bb1_4,3_4&Prime; _builder_version=\u00a0\u00bb4.19.4&Prime; _module_preset=\u00a0\u00bbdefault\u00a0\u00bb global_colors_info=\u00a0\u00bb{}\u00a0\u00bb][et_pb_column type=\u00a0\u00bb1_4&Prime; _builder_version=\u00a0\u00bb4.19.4&Prime; _module_preset=\u00a0\u00bbdefault\u00a0\u00bb global_colors_info=\u00a0\u00bb{}\u00a0\u00bb][et_pb_image src=\u00a0\u00bbhttps:\/\/sentex.sn\/wp-content\/uploads\/2024\/09\/Screen-Shot-2024-09-11-at-10.26.36.png\u00a0\u00bb alt=\u00a0\u00bbgiz Deutsche Gesellschaft f\u00fcr internationale Zusammenarbeit\u00a0\u00bb title_text=\u00a0\u00bbScreen Shot 2024-09-11 at 10.26.36&Prime; _builder_version=\u00a0\u00bb4.23&Prime; _module_preset=\u00a0\u00bbdefault\u00a0\u00bb global_colors_info=\u00a0\u00bb{}\u00a0\u00bb][\/et_pb_image][\/et_pb_column][et_pb_column type=\u00a0\u00bb3_4&Prime; _builder_version=\u00a0\u00bb4.19.4&Prime; _module_preset=\u00a0\u00bbdefault\u00a0\u00bb global_colors_info=\u00a0\u00bb{}\u00a0\u00bb][et_pb_text _builder_version=\u00a0\u00bb4.23&Prime; _module_preset=\u00a0\u00bb2a8182f9-8cae-4e10-9ba1-a37097387ea2&Prime; global_colors_info=\u00a0\u00bb{}\u00a0\u00bb]<\/p>\n<p>Le partenariat avec la NSTS nous permet de b\u00e9n\u00e9ficier de leur expertise moderne. Leur soutien est essentiel pour mettre en \u0153uvre des projets qui ont un impact positif sur les communaut\u00e9s.<\/p>\n<p>La NSTS apporte des avantages sociaux importants, en int\u00e9grant des travailleurs qualifi\u00e9s dans le tissu industriel local, et en soutenant des projets communautaires ax\u00e9s sur la formation et l\u2019emploi. Gr\u00e2ce \u00e0 ces initiatives, NSTS ne se contente pas de relancer une usine, mais participe \u00e9galement \u00e0 l&rsquo;am\u00e9lioration des conditions de vie dans la r\u00e9gion de Thi\u00e8s et au-del\u00e0.<\/p>\n<p>&nbsp;<\/p>\n<p>&nbsp;<\/p>\n<p>&nbsp;<\/p>\n<p>[\/et_pb_text][\/et_pb_column][\/et_pb_row][et_pb_row column_structure=\u00a0\u00bb2_5,3_5&Prime; _builder_version=\u00a0\u00bb4.19.4&Prime; _module_preset=\u00a0\u00bbdefault\u00a0\u00bb custom_margin=\u00a0\u00bb||100px||false|false\u00a0\u00bb global_colors_info=\u00a0\u00bb{}\u00a0\u00bb][et_pb_column type=\u00a0\u00bb2_5&Prime; _builder_version=\u00a0\u00bb4.19.4&Prime; _module_preset=\u00a0\u00bbdefault\u00a0\u00bb global_colors_info=\u00a0\u00bb{}\u00a0\u00bb][et_pb_text _builder_version=\u00a0\u00bb4.23&Prime; _module_preset=\u00a0\u00bb2a8182f9-8cae-4e10-9ba1-a37097387ea2&Prime; global_colors_info=\u00a0\u00bb{}\u00a0\u00bb]<\/p>\n<h3>SENTEX rencontre NSTS<\/h3>\n<p>Personnes. Entreprise. Vision.<\/p>\n<p>[\/et_pb_text][\/et_pb_column][et_pb_column type=\u00a0\u00bb3_5&Prime; _builder_version=\u00a0\u00bb4.19.4&Prime; _module_preset=\u00a0\u00bbdefault\u00a0\u00bb global_colors_info=\u00a0\u00bb{}\u00a0\u00bb][et_pb_video src=\u00a0\u00bbhttps:\/\/youtu.be\/pxA2VQGCDNs\u00a0\u00bb image_src=\u00a0\u00bb\/\/i.ytimg.com\/vi\/pxA2VQGCDNs\/hqdefault.jpg\u00a0\u00bb _builder_version=\u00a0\u00bb4.23&Prime; _module_preset=\u00a0\u00bbdefault\u00a0\u00bb global_colors_info=\u00a0\u00bb{}\u00a0\u00bb][\/et_pb_video][\/et_pb_column][\/et_pb_row][\/et_pb_section][et_pb_section fb_built=\u00a0\u00bb1&Prime; _builder_version=\u00a0\u00bb4.19.4&Prime; _module_preset=\u00a0\u00bbdefault\u00a0\u00bb background_color=\u00a0\u00bb#303A7A\u00a0\u00bb height=\u00a0\u00bb160px\u00a0\u00bb custom_padding=\u00a0\u00bb0px||0px||false|false\u00a0\u00bb global_colors_info=\u00a0\u00bb{}\u00a0\u00bb][et_pb_row _builder_version=\u00a0\u00bb4.19.4&Prime; _module_preset=\u00a0\u00bbdefault\u00a0\u00bb global_colors_info=\u00a0\u00bb{}\u00a0\u00bb][et_pb_column type=\u00a0\u00bb4_4&Prime; _builder_version=\u00a0\u00bb4.19.4&Prime; _module_preset=\u00a0\u00bbdefault\u00a0\u00bb global_colors_info=\u00a0\u00bb{}\u00a0\u00bb][et_pb_button button_url=\u00a0\u00bb@ET-DC@eyJkeW5hbWljIjp0cnVlLCJjb250ZW50IjoicG9zdF9saW5rX3VybF9wYWdlIiwic2V0dGluZ3MiOnsicG9zdF9pZCI6IjIxMCJ9fQ==@\u00a0\u00bb button_text=\u00a0\u00bbvoir tous les partenaires\u00a0\u00bb button_alignment=\u00a0\u00bbcenter\u00a0\u00bb _builder_version=\u00a0\u00bb4.19.4&Prime; _dynamic_attributes=\u00a0\u00bbbutton_url\u00a0\u00bb _module_preset=\u00a0\u00bb4c4a5a69-4d6f-477e-8b62-9b595ee58385&Prime; custom_margin=\u00a0\u00bb45px||||false|false\u00a0\u00bb global_colors_info=\u00a0\u00bb{}\u00a0\u00bb][\/et_pb_button][\/et_pb_column][\/et_pb_row][\/et_pb_section]<\/p>\n","protected":false},"excerpt":{"rendered":"<p>NSTS &nbsp; Nous sommes heureux de collaborer avec la Nouvelle Soci\u00e9t\u00e9 Textile S\u00e9n\u00e9galaise (NSTS), un pilier historique de l&rsquo;industrie textile. Elle positionne le pays de la T\u00e9ranga sur la sc\u00e8ne r\u00e9gionale et internationale du textile en assurant des standards de qualit\u00e9 via une capacit\u00e9 de production accrue et des \u00e9quipements \u00e0 la pointe de la [&hellip;]<\/p>\n","protected":false},"author":7,"featured_media":0,"parent":873,"menu_order":0,"comment_status":"closed","ping_status":"closed","template":"","meta":{"_et_pb_use_builder":"on","_et_pb_old_content":"","_et_gb_content_width":"","footnotes":""},"class_list":["post-1726","page","type-page","status-publish","hentry"],"_links":{"self":[{"href":"https:\/\/sentex.sn\/fr\/wp-json\/wp\/v2\/pages\/1726","targetHints":{"allow":["GET"]}}],"collection":[{"href":"https:\/\/sentex.sn\/fr\/wp-json\/wp\/v2\/pages"}],"about":[{"href":"https:\/\/sentex.sn\/fr\/wp-json\/wp\/v2\/types\/page"}],"author":[{"embeddable":true,"href":"https:\/\/sentex.sn\/fr\/wp-json\/wp\/v2\/users\/7"}],"replies":[{"embeddable":true,"href":"https:\/\/sentex.sn\/fr\/wp-json\/wp\/v2\/comments?post=1726"}],"version-history":[{"count":5,"href":"https:\/\/sentex.sn\/fr\/wp-json\/wp\/v2\/pages\/1726\/revisions"}],"predecessor-version":[{"id":1771,"href":"https:\/\/sentex.sn\/fr\/wp-json\/wp\/v2\/pages\/1726\/revisions\/1771"}],"up":[{"embeddable":true,"href":"https:\/\/sentex.sn\/fr\/wp-json\/wp\/v2\/pages\/873"}],"wp:attachment":[{"href":"https:\/\/sentex.sn\/fr\/wp-json\/wp\/v2\/media?parent=1726"}],"curies":[{"name":"wp","href":"https:\/\/api.w.org\/{rel}","templated":true}]}}