{"id":1540,"date":"2024-09-09T17:50:06","date_gmt":"2024-09-09T17:50:06","guid":{"rendered":"https:\/\/sentex.sn\/?page_id=1540"},"modified":"2024-09-10T16:05:53","modified_gmt":"2024-09-10T16:05:53","slug":"sodefitex","status":"publish","type":"page","link":"https:\/\/sentex.sn\/fr\/partenaires\/sodefitex\/","title":{"rendered":"SODEFITEX"},"content":{"rendered":"<p>[et_pb_section fb_built=\u00a0\u00bb1&Prime; _builder_version=\u00a0\u00bb4.23&Prime; _module_preset=\u00a0\u00bbdefault\u00a0\u00bb background_enable_color=\u00a0\u00bboff\u00a0\u00bb background_image=\u00a0\u00bbhttps:\/\/sentex.sn\/wp-content\/uploads\/2024\/09\/13698157_839937892777447_4465799354623127753_o.jpg\u00a0\u00bb height=\u00a0\u00bb600px\u00a0\u00bb background_last_edited=\u00a0\u00bbon|phone\u00a0\u00bb background_image_phone=\u00a0\u00bbhttps:\/\/sentex.sn\/wp-content\/uploads\/2023\/05\/SENTEX_Image_digitalization_mobile.jpg\u00a0\u00bb background_enable_image_phone=\u00a0\u00bbon\u00a0\u00bb global_colors_info=\u00a0\u00bb{}\u00a0\u00bb][\/et_pb_section][et_pb_section fb_built=\u00a0\u00bb1&Prime; _builder_version=\u00a0\u00bb4.19.4&Prime; _module_preset=\u00a0\u00bbdefault\u00a0\u00bb min_height=\u00a0\u00bb343.7px\u00a0\u00bb custom_margin=\u00a0\u00bb||-101px|||\u00a0\u00bb global_colors_info=\u00a0\u00bb{}\u00a0\u00bb][et_pb_row _builder_version=\u00a0\u00bb4.19.4&Prime; _module_preset=\u00a0\u00bbdefault\u00a0\u00bb global_colors_info=\u00a0\u00bb{}\u00a0\u00bb][et_pb_column type=\u00a0\u00bb4_4&Prime; _builder_version=\u00a0\u00bb4.19.4&Prime; _module_preset=\u00a0\u00bbdefault\u00a0\u00bb global_colors_info=\u00a0\u00bb{}\u00a0\u00bb][et_pb_text _builder_version=\u00a0\u00bb4.23&Prime; _module_preset=\u00a0\u00bb2a8182f9-8cae-4e10-9ba1-a37097387ea2&Prime; global_colors_info=\u00a0\u00bb{}\u00a0\u00bb]<\/p>\n<h1>SODEFITEX<\/h1>\n<p>&nbsp;<\/p>\n<p>Nous sommes heureux de collaborer avec Sodefitex, un acteur majeur dans le secteur du textile au S\u00e9n\u00e9gal. Avec une longue histoire et un engagement envers la qualit\u00e9, Sodefitex joue un r\u00f4le crucial dans le d\u00e9veloppement de l&rsquo;industrie textile et dans la cr\u00e9ation de valeur \u00e9conomique et sociale au S\u00e9n\u00e9gal.<\/p>\n<p>Sodefitex est une entreprise s\u00e9n\u00e9galaise leader dans la production de textiles, sp\u00e9cialis\u00e9e dans la culture du coton, la transformation textile, et la production de produits finis. L\u2019entreprise est reconnue pour son expertise dans la cha\u00eene de valeur du textile, du champ \u00e0 la fabrication.<\/p>\n<p>&nbsp;<\/p>\n<p>&nbsp;<\/p>\n<p>&nbsp;<\/p>\n<p>[\/et_pb_text][\/et_pb_column][\/et_pb_row][\/et_pb_section][et_pb_section fb_built=\u00a0\u00bb1&Prime; _builder_version=\u00a0\u00bb4.19.4&Prime; _module_preset=\u00a0\u00bbdefault\u00a0\u00bb custom_padding=\u00a0\u00bb||0px|||\u00a0\u00bb global_colors_info=\u00a0\u00bb{}\u00a0\u00bb][\/et_pb_section][et_pb_section fb_built=\u00a0\u00bb1&Prime; _builder_version=\u00a0\u00bb4.19.4&Prime; _module_preset=\u00a0\u00bbdefault\u00a0\u00bb background_color=\u00a0\u00bbrgba(48,58,122,0.1)\u00a0\u00bb min_height=\u00a0\u00bb1502.9px\u00a0\u00bb custom_margin=\u00a0\u00bb-58px|||||\u00a0\u00bb custom_padding=\u00a0\u00bb5px|||||\u00a0\u00bb global_colors_info=\u00a0\u00bb{}\u00a0\u00bb][et_pb_row _builder_version=\u00a0\u00bb4.19.4&Prime; _module_preset=\u00a0\u00bbdefault\u00a0\u00bb custom_margin=\u00a0\u00bb100px||||false|false\u00a0\u00bb global_colors_info=\u00a0\u00bb{}\u00a0\u00bb][et_pb_column type=\u00a0\u00bb4_4&Prime; _builder_version=\u00a0\u00bb4.19.4&Prime; _module_preset=\u00a0\u00bbdefault\u00a0\u00bb global_colors_info=\u00a0\u00bb{}\u00a0\u00bb][et_pb_text _builder_version=\u00a0\u00bb4.23&Prime; _module_preset=\u00a0\u00bb2a8182f9-8cae-4e10-9ba1-a37097387ea2&Prime; header_2_font=\u00a0\u00bb|||on|||||\u00a0\u00bb global_colors_info=\u00a0\u00bb{}\u00a0\u00bb]<\/p>\n<h2>Notre partenaire en mati\u00e8re de d\u00e9veloppement de l&rsquo;industrie textile<\/h2>\n<p>[\/et_pb_text][\/et_pb_column][\/et_pb_row][et_pb_row column_structure=\u00a0\u00bb1_2,1_2&Prime; use_custom_gutter=\u00a0\u00bbon\u00a0\u00bb gutter_width=\u00a0\u00bb2&Prime; _builder_version=\u00a0\u00bb4.19.4&Prime; _module_preset=\u00a0\u00bbdefault\u00a0\u00bb global_colors_info=\u00a0\u00bb{}\u00a0\u00bb][et_pb_column type=\u00a0\u00bb1_2&Prime; _builder_version=\u00a0\u00bb4.19.4&Prime; _module_preset=\u00a0\u00bbdefault\u00a0\u00bb global_colors_info=\u00a0\u00bb{}\u00a0\u00bb][et_pb_image src=\u00a0\u00bbhttps:\/\/sentex.sn\/wp-content\/uploads\/2024\/09\/13724821_839938562777380_2557465125418286737_o.jpg\u00a0\u00bb title_text=\u00a0\u00bb13724821_839938562777380_2557465125418286737_o\u00a0\u00bb _builder_version=\u00a0\u00bb4.23&Prime; _module_preset=\u00a0\u00bbdefault\u00a0\u00bb global_colors_info=\u00a0\u00bb{}\u00a0\u00bb][\/et_pb_image][\/et_pb_column][et_pb_column type=\u00a0\u00bb1_2&Prime; _builder_version=\u00a0\u00bb4.19.4&Prime; _module_preset=\u00a0\u00bbdefault\u00a0\u00bb global_colors_info=\u00a0\u00bb{}\u00a0\u00bb][et_pb_image src=\u00a0\u00bbhttps:\/\/sentex.sn\/wp-content\/uploads\/2024\/09\/13724954_839938192777417_1097675358619527438_o.jpg\u00a0\u00bb title_text=\u00a0\u00bb13724954_839938192777417_1097675358619527438_o\u00a0\u00bb _builder_version=\u00a0\u00bb4.23&Prime; _module_preset=\u00a0\u00bbdefault\u00a0\u00bb global_colors_info=\u00a0\u00bb{}\u00a0\u00bb][\/et_pb_image][\/et_pb_column][\/et_pb_row][et_pb_row column_structure=\u00a0\u00bb1_4,3_4&Prime; _builder_version=\u00a0\u00bb4.19.4&Prime; _module_preset=\u00a0\u00bbdefault\u00a0\u00bb global_colors_info=\u00a0\u00bb{}\u00a0\u00bb][et_pb_column type=\u00a0\u00bb1_4&Prime; _builder_version=\u00a0\u00bb4.19.4&Prime; _module_preset=\u00a0\u00bbdefault\u00a0\u00bb global_colors_info=\u00a0\u00bb{}\u00a0\u00bb][et_pb_image src=\u00a0\u00bbhttps:\/\/sentex.sn\/wp-content\/uploads\/2024\/09\/302439460_197622075942085_6049665572103721289_n.jpg\u00a0\u00bb alt=\u00a0\u00bbgiz Deutsche Gesellschaft f\u00fcr internationale Zusammenarbeit\u00a0\u00bb title_text=\u00a0\u00bb302439460_197622075942085_6049665572103721289_n\u00a0\u00bb _builder_version=\u00a0\u00bb4.23&Prime; _module_preset=\u00a0\u00bbdefault\u00a0\u00bb global_colors_info=\u00a0\u00bb{}\u00a0\u00bb][\/et_pb_image][\/et_pb_column][et_pb_column type=\u00a0\u00bb3_4&Prime; _builder_version=\u00a0\u00bb4.19.4&Prime; _module_preset=\u00a0\u00bbdefault\u00a0\u00bb global_colors_info=\u00a0\u00bb{}\u00a0\u00bb][et_pb_text _builder_version=\u00a0\u00bb4.21.0&Prime; _module_preset=\u00a0\u00bb2a8182f9-8cae-4e10-9ba1-a37097387ea2&Prime; global_colors_info=\u00a0\u00bb{}\u00a0\u00bb]<\/p>\n<p>Dans notre partenariat avec Sodefitex, leur expertise en culture du coton et en transformation textile est essentielle pour la r\u00e9alisation de projets qui favorisent le d\u00e9veloppement durable et l&rsquo;innovation dans le secteur textile.<\/p>\n<p>Collaborer avec Sodefitex enrichit nos projets en offrant un acc\u00e8s \u00e0 des textiles de qualit\u00e9 et en soutenant des initiatives de d\u00e9veloppement durable. Leur expertise et leur engagement renforcent notre capacit\u00e9 \u00e0 atteindre nos objectifs.<\/p>\n<p>&nbsp;<\/p>\n<p>&nbsp;<\/p>\n<p>&nbsp;<\/p>\n<p>&nbsp;<\/p>\n<p>&nbsp;<\/p>\n<p>[\/et_pb_text][\/et_pb_column][\/et_pb_row][et_pb_row column_structure=\u00a0\u00bb2_5,3_5&Prime; _builder_version=\u00a0\u00bb4.19.4&Prime; _module_preset=\u00a0\u00bbdefault\u00a0\u00bb custom_margin=\u00a0\u00bb||100px||false|false\u00a0\u00bb global_colors_info=\u00a0\u00bb{}\u00a0\u00bb][et_pb_column type=\u00a0\u00bb2_5&Prime; _builder_version=\u00a0\u00bb4.19.4&Prime; _module_preset=\u00a0\u00bbdefault\u00a0\u00bb global_colors_info=\u00a0\u00bb{}\u00a0\u00bb][et_pb_text _builder_version=\u00a0\u00bb4.23&Prime; _module_preset=\u00a0\u00bb2a8182f9-8cae-4e10-9ba1-a37097387ea2&Prime; global_colors_info=\u00a0\u00bb{}\u00a0\u00bb]<\/p>\n<h3>SENTEX rencontre SODEFITEX<\/h3>\n<p>Personnes. Entreprise. Vision.<\/p>\n<p>[\/et_pb_text][\/et_pb_column][et_pb_column type=\u00a0\u00bb3_5&Prime; _builder_version=\u00a0\u00bb4.19.4&Prime; _module_preset=\u00a0\u00bbdefault\u00a0\u00bb global_colors_info=\u00a0\u00bb{}\u00a0\u00bb][et_pb_video image_src=\u00a0\u00bb\/\/i.ytimg.com\/vi\/NWYLOXKAgVs\/hqdefault.jpg\u00a0\u00bb _builder_version=\u00a0\u00bb4.23&Prime; _module_preset=\u00a0\u00bbdefault\u00a0\u00bb hover_enabled=\u00a0\u00bb0&Prime; global_colors_info=\u00a0\u00bb{}\u00a0\u00bb src=\u00a0\u00bbhttps:\/\/youtu.be\/NWYLOXKAgVs\u00a0\u00bb sticky_enabled=\u00a0\u00bb0&Prime;][\/et_pb_video][\/et_pb_column][\/et_pb_row][\/et_pb_section][et_pb_section fb_built=\u00a0\u00bb1&Prime; _builder_version=\u00a0\u00bb4.19.4&Prime; _module_preset=\u00a0\u00bbdefault\u00a0\u00bb background_color=\u00a0\u00bb#303A7A\u00a0\u00bb height=\u00a0\u00bb160px\u00a0\u00bb custom_padding=\u00a0\u00bb0px||0px||false|false\u00a0\u00bb global_colors_info=\u00a0\u00bb{}\u00a0\u00bb][et_pb_row _builder_version=\u00a0\u00bb4.19.4&Prime; _module_preset=\u00a0\u00bbdefault\u00a0\u00bb global_colors_info=\u00a0\u00bb{}\u00a0\u00bb][et_pb_column type=\u00a0\u00bb4_4&Prime; _builder_version=\u00a0\u00bb4.19.4&Prime; _module_preset=\u00a0\u00bbdefault\u00a0\u00bb global_colors_info=\u00a0\u00bb{}\u00a0\u00bb][et_pb_button button_url=\u00a0\u00bb@ET-DC@eyJkeW5hbWljIjp0cnVlLCJjb250ZW50IjoicG9zdF9saW5rX3VybF9wYWdlIiwic2V0dGluZ3MiOnsicG9zdF9pZCI6IjIxMCJ9fQ==@\u00a0\u00bb button_text=\u00a0\u00bbvoir tous les partenaires\u00a0\u00bb button_alignment=\u00a0\u00bbcenter\u00a0\u00bb _builder_version=\u00a0\u00bb4.19.4&Prime; _dynamic_attributes=\u00a0\u00bbbutton_url\u00a0\u00bb _module_preset=\u00a0\u00bb4c4a5a69-4d6f-477e-8b62-9b595ee58385&Prime; custom_margin=\u00a0\u00bb45px||||false|false\u00a0\u00bb global_colors_info=\u00a0\u00bb{}\u00a0\u00bb][\/et_pb_button][\/et_pb_column][\/et_pb_row][\/et_pb_section]<\/p>\n","protected":false},"excerpt":{"rendered":"<p>SODEFITEX &nbsp; Nous sommes heureux de collaborer avec Sodefitex, un acteur majeur dans le secteur du textile au S\u00e9n\u00e9gal. Avec une longue histoire et un engagement envers la qualit\u00e9, Sodefitex joue un r\u00f4le crucial dans le d\u00e9veloppement de l&rsquo;industrie textile et dans la cr\u00e9ation de valeur \u00e9conomique et sociale au S\u00e9n\u00e9gal. Sodefitex est une entreprise [&hellip;]<\/p>\n","protected":false},"author":7,"featured_media":0,"parent":873,"menu_order":0,"comment_status":"closed","ping_status":"closed","template":"","meta":{"_et_pb_use_builder":"on","_et_pb_old_content":"","_et_gb_content_width":"","footnotes":""},"class_list":["post-1540","page","type-page","status-publish","hentry"],"_links":{"self":[{"href":"https:\/\/sentex.sn\/fr\/wp-json\/wp\/v2\/pages\/1540","targetHints":{"allow":["GET"]}}],"collection":[{"href":"https:\/\/sentex.sn\/fr\/wp-json\/wp\/v2\/pages"}],"about":[{"href":"https:\/\/sentex.sn\/fr\/wp-json\/wp\/v2\/types\/page"}],"author":[{"embeddable":true,"href":"https:\/\/sentex.sn\/fr\/wp-json\/wp\/v2\/users\/7"}],"replies":[{"embeddable":true,"href":"https:\/\/sentex.sn\/fr\/wp-json\/wp\/v2\/comments?post=1540"}],"version-history":[{"count":5,"href":"https:\/\/sentex.sn\/fr\/wp-json\/wp\/v2\/pages\/1540\/revisions"}],"predecessor-version":[{"id":1724,"href":"https:\/\/sentex.sn\/fr\/wp-json\/wp\/v2\/pages\/1540\/revisions\/1724"}],"up":[{"embeddable":true,"href":"https:\/\/sentex.sn\/fr\/wp-json\/wp\/v2\/pages\/873"}],"wp:attachment":[{"href":"https:\/\/sentex.sn\/fr\/wp-json\/wp\/v2\/media?parent=1540"}],"curies":[{"name":"wp","href":"https:\/\/api.w.org\/{rel}","templated":true}]}}