{"id":1452,"date":"2024-09-09T03:24:28","date_gmt":"2024-09-09T03:24:28","guid":{"rendered":"https:\/\/sentex.sn\/?page_id=1452"},"modified":"2024-09-10T16:02:25","modified_gmt":"2024-09-10T16:02:25","slug":"gesamtmasche","status":"publish","type":"page","link":"https:\/\/sentex.sn\/fr\/partenaires\/gesamtmasche\/","title":{"rendered":"GESAMTMASCHE"},"content":{"rendered":"<p>[et_pb_section fb_built=\u00a0\u00bb1&Prime; _builder_version=\u00a0\u00bb4.23&Prime; _module_preset=\u00a0\u00bbdefault\u00a0\u00bb background_enable_color=\u00a0\u00bboff\u00a0\u00bb background_image=\u00a0\u00bbhttps:\/\/sentex.sn\/wp-content\/uploads\/2024\/09\/Senegal-Baumwolle-c-GIZ-Hamet-Diop-scaled-1.jpg\u00a0\u00bb height=\u00a0\u00bb600px\u00a0\u00bb background_last_edited=\u00a0\u00bbon|phone\u00a0\u00bb background_image_phone=\u00a0\u00bbhttps:\/\/sentex.sn\/wp-content\/uploads\/2023\/05\/SENTEX_Image_digitalization_mobile.jpg\u00a0\u00bb background_enable_image_phone=\u00a0\u00bbon\u00a0\u00bb global_colors_info=\u00a0\u00bb{}\u00a0\u00bb][\/et_pb_section][et_pb_section fb_built=\u00a0\u00bb1&Prime; _builder_version=\u00a0\u00bb4.19.4&Prime; _module_preset=\u00a0\u00bbdefault\u00a0\u00bb min_height=\u00a0\u00bb343.7px\u00a0\u00bb custom_margin=\u00a0\u00bb||-101px|||\u00a0\u00bb global_colors_info=\u00a0\u00bb{}\u00a0\u00bb][et_pb_row _builder_version=\u00a0\u00bb4.19.4&Prime; _module_preset=\u00a0\u00bbdefault\u00a0\u00bb global_colors_info=\u00a0\u00bb{}\u00a0\u00bb][et_pb_column type=\u00a0\u00bb4_4&Prime; _builder_version=\u00a0\u00bb4.19.4&Prime; _module_preset=\u00a0\u00bbdefault\u00a0\u00bb global_colors_info=\u00a0\u00bb{}\u00a0\u00bb][et_pb_text _builder_version=\u00a0\u00bb4.23&Prime; _module_preset=\u00a0\u00bb2a8182f9-8cae-4e10-9ba1-a37097387ea2&Prime; global_colors_info=\u00a0\u00bb{}\u00a0\u00bb]<\/p>\n<h1>gesamtmasche<\/h1>\n<p>&nbsp;<\/p>\n<p>Nous sommes honor\u00e9s de collaborer avec Gesamtmasche, un acteur cl\u00e9 dans le secteur du textile en Afrique. Leur action innovante au S\u00e9n\u00e9gal vise \u00e0 transformer les pratiques locales et \u00e0 am\u00e9liorer la cha\u00eene de valeur du textile, illustrant ainsi leur engagement envers le d\u00e9veloppement durable et l\u2019autonomisation \u00e9conomique.<\/p>\n<p>Gesamtmasche est une organisation d\u00e9di\u00e9e \u00e0 la promotion du d\u00e9veloppement durable dans l&rsquo;industrie textile. Avec une approche ax\u00e9e sur la coop\u00e9ration et l&rsquo;innovation, Gesamtmasche soutient des projets qui am\u00e9liorent les conditions de vie des producteurs locaux et renforcent les cha\u00eenes de valeur du textile en Afrique.\u00a0<\/p>\n<p>&nbsp;<\/p>\n<p>&nbsp;<\/p>\n<p>[\/et_pb_text][\/et_pb_column][\/et_pb_row][\/et_pb_section][et_pb_section fb_built=\u00a0\u00bb1&Prime; _builder_version=\u00a0\u00bb4.19.4&Prime; _module_preset=\u00a0\u00bbdefault\u00a0\u00bb custom_padding=\u00a0\u00bb||0px|||\u00a0\u00bb global_colors_info=\u00a0\u00bb{}\u00a0\u00bb][\/et_pb_section][et_pb_section fb_built=\u00a0\u00bb1&Prime; _builder_version=\u00a0\u00bb4.19.4&Prime; _module_preset=\u00a0\u00bbdefault\u00a0\u00bb background_color=\u00a0\u00bbrgba(48,58,122,0.1)\u00a0\u00bb min_height=\u00a0\u00bb1502.9px\u00a0\u00bb custom_margin=\u00a0\u00bb-58px|||||\u00a0\u00bb custom_padding=\u00a0\u00bb5px|||||\u00a0\u00bb global_colors_info=\u00a0\u00bb{}\u00a0\u00bb][et_pb_row _builder_version=\u00a0\u00bb4.19.4&Prime; _module_preset=\u00a0\u00bbdefault\u00a0\u00bb custom_margin=\u00a0\u00bb100px||||false|false\u00a0\u00bb global_colors_info=\u00a0\u00bb{}\u00a0\u00bb][et_pb_column type=\u00a0\u00bb4_4&Prime; _builder_version=\u00a0\u00bb4.19.4&Prime; _module_preset=\u00a0\u00bbdefault\u00a0\u00bb global_colors_info=\u00a0\u00bb{}\u00a0\u00bb][et_pb_text _builder_version=\u00a0\u00bb4.23&Prime; _module_preset=\u00a0\u00bb2a8182f9-8cae-4e10-9ba1-a37097387ea2&Prime; header_2_font=\u00a0\u00bb|||on|||||\u00a0\u00bb global_colors_info=\u00a0\u00bb{}\u00a0\u00bb]<\/p>\n<h2>Notre partenaire en mati\u00e8re de D\u00c9VELOPPEMENT DU TEXTILE<\/h2>\n<p>[\/et_pb_text][\/et_pb_column][\/et_pb_row][et_pb_row column_structure=\u00a0\u00bb1_2,1_2&Prime; use_custom_gutter=\u00a0\u00bbon\u00a0\u00bb gutter_width=\u00a0\u00bb2&Prime; _builder_version=\u00a0\u00bb4.19.4&Prime; _module_preset=\u00a0\u00bbdefault\u00a0\u00bb global_colors_info=\u00a0\u00bb{}\u00a0\u00bb][et_pb_column type=\u00a0\u00bb1_2&Prime; _builder_version=\u00a0\u00bb4.19.4&Prime; _module_preset=\u00a0\u00bbdefault\u00a0\u00bb global_colors_info=\u00a0\u00bb{}\u00a0\u00bb][et_pb_image src=\u00a0\u00bbhttps:\/\/sentex.sn\/wp-content\/uploads\/2024\/09\/DSC_0279-scaled-1.jpg\u00a0\u00bb title_text=\u00a0\u00bbDSC_0279-scaled\u00a0\u00bb _builder_version=\u00a0\u00bb4.23&Prime; _module_preset=\u00a0\u00bbdefault\u00a0\u00bb global_colors_info=\u00a0\u00bb{}\u00a0\u00bb][\/et_pb_image][\/et_pb_column][et_pb_column type=\u00a0\u00bb1_2&Prime; _builder_version=\u00a0\u00bb4.19.4&Prime; _module_preset=\u00a0\u00bbdefault\u00a0\u00bb global_colors_info=\u00a0\u00bb{}\u00a0\u00bb][et_pb_image src=\u00a0\u00bbhttps:\/\/sentex.sn\/wp-content\/uploads\/2024\/09\/IMG_1730-scaled-1.jpg\u00a0\u00bb title_text=\u00a0\u00bbIMG_1730-scaled\u00a0\u00bb _builder_version=\u00a0\u00bb4.23&Prime; _module_preset=\u00a0\u00bbdefault\u00a0\u00bb global_colors_info=\u00a0\u00bb{}\u00a0\u00bb][\/et_pb_image][\/et_pb_column][\/et_pb_row][et_pb_row column_structure=\u00a0\u00bb1_4,3_4&Prime; _builder_version=\u00a0\u00bb4.19.4&Prime; _module_preset=\u00a0\u00bbdefault\u00a0\u00bb global_colors_info=\u00a0\u00bb{}\u00a0\u00bb][et_pb_column type=\u00a0\u00bb1_4&Prime; _builder_version=\u00a0\u00bb4.19.4&Prime; _module_preset=\u00a0\u00bbdefault\u00a0\u00bb global_colors_info=\u00a0\u00bb{}\u00a0\u00bb][et_pb_image src=\u00a0\u00bbhttps:\/\/sentex.sn\/wp-content\/uploads\/2024\/09\/Gesamtmasche-Logo.jpg\u00a0\u00bb alt=\u00a0\u00bbgiz Deutsche Gesellschaft f\u00fcr internationale Zusammenarbeit\u00a0\u00bb title_text=\u00a0\u00bbGesamtmasche-Logo\u00a0\u00bb _builder_version=\u00a0\u00bb4.23&Prime; _module_preset=\u00a0\u00bbdefault\u00a0\u00bb global_colors_info=\u00a0\u00bb{}\u00a0\u00bb][\/et_pb_image][\/et_pb_column][et_pb_column type=\u00a0\u00bb3_4&Prime; _builder_version=\u00a0\u00bb4.19.4&Prime; _module_preset=\u00a0\u00bbdefault\u00a0\u00bb global_colors_info=\u00a0\u00bb{}\u00a0\u00bb][et_pb_text _builder_version=\u00a0\u00bb4.21.0&Prime; _module_preset=\u00a0\u00bb2a8182f9-8cae-4e10-9ba1-a37097387ea2&Prime; global_colors_info=\u00a0\u00bb{}\u00a0\u00bb]<\/p>\n<p>La collaboration avec Gesamtmasche enrichit nos projets en apportant une expertise pr\u00e9cieuse et un soutien technique, renfor\u00e7ant ainsi notre capacit\u00e9 \u00e0 r\u00e9aliser des initiatives de d\u00e9veloppement dans le secteur textile.<\/p>\n<p>Nous remercions Gesamtmasche pour leur soutien et leur partenariat pr\u00e9cieux. Ensemble, nous travaillons pour am\u00e9liorer les pratiques de production textile au S\u00e9n\u00e9gal et pour promouvoir un d\u00e9veloppement durable et inclusif dans le secteur du textile.<\/p>\n<p>&nbsp;<\/p>\n<p>&nbsp;<\/p>\n<p>&nbsp;<\/p>\n<p>&nbsp;<\/p>\n<p>&nbsp;<\/p>\n<p>[\/et_pb_text][\/et_pb_column][\/et_pb_row][et_pb_row column_structure=\u00a0\u00bb2_5,3_5&Prime; _builder_version=\u00a0\u00bb4.19.4&Prime; _module_preset=\u00a0\u00bbdefault\u00a0\u00bb custom_margin=\u00a0\u00bb||100px||false|false\u00a0\u00bb global_colors_info=\u00a0\u00bb{}\u00a0\u00bb][et_pb_column type=\u00a0\u00bb2_5&Prime; _builder_version=\u00a0\u00bb4.19.4&Prime; _module_preset=\u00a0\u00bbdefault\u00a0\u00bb global_colors_info=\u00a0\u00bb{}\u00a0\u00bb][et_pb_text _builder_version=\u00a0\u00bb4.23&Prime; _module_preset=\u00a0\u00bb2a8182f9-8cae-4e10-9ba1-a37097387ea2&Prime; global_colors_info=\u00a0\u00bb{}\u00a0\u00bb]<\/p>\n<h3>SENTEX rencontre GESAMTMASCHE<\/h3>\n<p>Personnes. Entreprise. Vision.<\/p>\n<p>[\/et_pb_text][\/et_pb_column][et_pb_column type=\u00a0\u00bb3_5&Prime; _builder_version=\u00a0\u00bb4.19.4&Prime; _module_preset=\u00a0\u00bbdefault\u00a0\u00bb global_colors_info=\u00a0\u00bb{}\u00a0\u00bb][et_pb_video image_src=\u00a0\u00bb\/\/i.ytimg.com\/vi\/Zsx_Q3R1bR0\/hqdefault.jpg\u00a0\u00bb _builder_version=\u00a0\u00bb4.23&Prime; _module_preset=\u00a0\u00bbdefault\u00a0\u00bb hover_enabled=\u00a0\u00bb0&Prime; global_colors_info=\u00a0\u00bb{}\u00a0\u00bb src=\u00a0\u00bbhttps:\/\/youtu.be\/Zsx_Q3R1bR0&Prime; sticky_enabled=\u00a0\u00bb0&Prime;][\/et_pb_video][\/et_pb_column][\/et_pb_row][\/et_pb_section][et_pb_section fb_built=\u00a0\u00bb1&Prime; _builder_version=\u00a0\u00bb4.19.4&Prime; _module_preset=\u00a0\u00bbdefault\u00a0\u00bb background_color=\u00a0\u00bb#303A7A\u00a0\u00bb height=\u00a0\u00bb160px\u00a0\u00bb custom_padding=\u00a0\u00bb0px||0px||false|false\u00a0\u00bb global_colors_info=\u00a0\u00bb{}\u00a0\u00bb][et_pb_row _builder_version=\u00a0\u00bb4.19.4&Prime; _module_preset=\u00a0\u00bbdefault\u00a0\u00bb global_colors_info=\u00a0\u00bb{}\u00a0\u00bb][et_pb_column type=\u00a0\u00bb4_4&Prime; _builder_version=\u00a0\u00bb4.19.4&Prime; _module_preset=\u00a0\u00bbdefault\u00a0\u00bb global_colors_info=\u00a0\u00bb{}\u00a0\u00bb][et_pb_button button_url=\u00a0\u00bb@ET-DC@eyJkeW5hbWljIjp0cnVlLCJjb250ZW50IjoicG9zdF9saW5rX3VybF9wYWdlIiwic2V0dGluZ3MiOnsicG9zdF9pZCI6IjIxMCJ9fQ==@\u00a0\u00bb button_text=\u00a0\u00bbvoir tous les partenaires\u00a0\u00bb button_alignment=\u00a0\u00bbcenter\u00a0\u00bb _builder_version=\u00a0\u00bb4.19.4&Prime; _dynamic_attributes=\u00a0\u00bbbutton_url\u00a0\u00bb _module_preset=\u00a0\u00bb4c4a5a69-4d6f-477e-8b62-9b595ee58385&Prime; custom_margin=\u00a0\u00bb45px||||false|false\u00a0\u00bb global_colors_info=\u00a0\u00bb{}\u00a0\u00bb][\/et_pb_button][\/et_pb_column][\/et_pb_row][\/et_pb_section]<\/p>\n","protected":false},"excerpt":{"rendered":"<p>gesamtmasche &nbsp; Nous sommes honor\u00e9s de collaborer avec Gesamtmasche, un acteur cl\u00e9 dans le secteur du textile en Afrique. Leur action innovante au S\u00e9n\u00e9gal vise \u00e0 transformer les pratiques locales et \u00e0 am\u00e9liorer la cha\u00eene de valeur du textile, illustrant ainsi leur engagement envers le d\u00e9veloppement durable et l\u2019autonomisation \u00e9conomique. Gesamtmasche est une organisation d\u00e9di\u00e9e [&hellip;]<\/p>\n","protected":false},"author":7,"featured_media":0,"parent":873,"menu_order":0,"comment_status":"closed","ping_status":"closed","template":"","meta":{"_et_pb_use_builder":"on","_et_pb_old_content":"","_et_gb_content_width":"","footnotes":""},"class_list":["post-1452","page","type-page","status-publish","hentry"],"_links":{"self":[{"href":"https:\/\/sentex.sn\/fr\/wp-json\/wp\/v2\/pages\/1452","targetHints":{"allow":["GET"]}}],"collection":[{"href":"https:\/\/sentex.sn\/fr\/wp-json\/wp\/v2\/pages"}],"about":[{"href":"https:\/\/sentex.sn\/fr\/wp-json\/wp\/v2\/types\/page"}],"author":[{"embeddable":true,"href":"https:\/\/sentex.sn\/fr\/wp-json\/wp\/v2\/users\/7"}],"replies":[{"embeddable":true,"href":"https:\/\/sentex.sn\/fr\/wp-json\/wp\/v2\/comments?post=1452"}],"version-history":[{"count":5,"href":"https:\/\/sentex.sn\/fr\/wp-json\/wp\/v2\/pages\/1452\/revisions"}],"predecessor-version":[{"id":1723,"href":"https:\/\/sentex.sn\/fr\/wp-json\/wp\/v2\/pages\/1452\/revisions\/1723"}],"up":[{"embeddable":true,"href":"https:\/\/sentex.sn\/fr\/wp-json\/wp\/v2\/pages\/873"}],"wp:attachment":[{"href":"https:\/\/sentex.sn\/fr\/wp-json\/wp\/v2\/media?parent=1452"}],"curies":[{"name":"wp","href":"https:\/\/api.w.org\/{rel}","templated":true}]}}