{"id":1439,"date":"2024-09-09T03:07:10","date_gmt":"2024-09-09T03:07:10","guid":{"rendered":"https:\/\/sentex.sn\/?page_id=1439"},"modified":"2025-06-02T16:48:18","modified_gmt":"2025-06-02T16:48:18","slug":"kfw","status":"publish","type":"page","link":"https:\/\/sentex.sn\/fr\/partenaires\/kfw\/","title":{"rendered":"KFW"},"content":{"rendered":"<p>[et_pb_section fb_built=\u00a0\u00bb1&Prime; _builder_version=\u00a0\u00bb4.23&Prime; _module_preset=\u00a0\u00bbdefault\u00a0\u00bb background_enable_color=\u00a0\u00bboff\u00a0\u00bb background_image=\u00a0\u00bbhttps:\/\/sentex.sn\/wp-content\/uploads\/2024\/09\/kfw.jpg\u00a0\u00bb height=\u00a0\u00bb600px\u00a0\u00bb background_last_edited=\u00a0\u00bbon|phone\u00a0\u00bb background_image_phone=\u00a0\u00bbhttps:\/\/sentex.sn\/wp-content\/uploads\/2023\/05\/SENTEX_Image_digitalization_mobile.jpg\u00a0\u00bb background_enable_image_phone=\u00a0\u00bbon\u00a0\u00bb global_colors_info=\u00a0\u00bb{}\u00a0\u00bb][\/et_pb_section][et_pb_section fb_built=\u00a0\u00bb1&Prime; _builder_version=\u00a0\u00bb4.19.4&Prime; _module_preset=\u00a0\u00bbdefault\u00a0\u00bb min_height=\u00a0\u00bb343.7px\u00a0\u00bb custom_margin=\u00a0\u00bb||-101px|||\u00a0\u00bb global_colors_info=\u00a0\u00bb{}\u00a0\u00bb][et_pb_row _builder_version=\u00a0\u00bb4.19.4&Prime; _module_preset=\u00a0\u00bbdefault\u00a0\u00bb global_colors_info=\u00a0\u00bb{}\u00a0\u00bb][et_pb_column type=\u00a0\u00bb4_4&Prime; _builder_version=\u00a0\u00bb4.19.4&Prime; _module_preset=\u00a0\u00bbdefault\u00a0\u00bb global_colors_info=\u00a0\u00bb{}\u00a0\u00bb][et_pb_text _builder_version=\u00a0\u00bb4.23&Prime; _module_preset=\u00a0\u00bb2a8182f9-8cae-4e10-9ba1-a37097387ea2&Prime; global_colors_info=\u00a0\u00bb{}\u00a0\u00bb]<\/p>\n<h1>KFW<\/h1>\n<p>&nbsp;<\/p>\n<p>Nous sommes honor\u00e9s de collaborer avec KfW Entwicklungsbank, un acteur cl\u00e9 dans le financement du d\u00e9veloppement international. Leur soutien est crucial pour renforcer la r\u00e9silience aux crises au S\u00e9n\u00e9gal, et ce partenariat refl\u00e8te notre engagement commun \u00e0 promouvoir un d\u00e9veloppement durable et inclusif.<\/p>\n<p>KfW Entwicklungsbank est une banque de d\u00e9veloppement allemande qui soutient des projets de d\u00e9veloppement durable dans les pays en d\u00e9veloppement et \u00e9mergents. Leur mission est de promouvoir la croissance \u00e9conomique, la r\u00e9silience aux crises et le d\u00e9veloppement social par le biais de financements et de conseils techniques.<\/p>\n<p>&nbsp;<\/p>\n<p>&nbsp;<\/p>\n<p>[\/et_pb_text][\/et_pb_column][\/et_pb_row][\/et_pb_section][et_pb_section fb_built=\u00a0\u00bb1&Prime; _builder_version=\u00a0\u00bb4.19.4&Prime; _module_preset=\u00a0\u00bbdefault\u00a0\u00bb custom_padding=\u00a0\u00bb||0px|||\u00a0\u00bb global_colors_info=\u00a0\u00bb{}\u00a0\u00bb][\/et_pb_section][et_pb_section fb_built=\u00a0\u00bb1&Prime; _builder_version=\u00a0\u00bb4.19.4&Prime; _module_preset=\u00a0\u00bbdefault\u00a0\u00bb background_color=\u00a0\u00bbrgba(48,58,122,0.1)\u00a0\u00bb min_height=\u00a0\u00bb1502.9px\u00a0\u00bb custom_margin=\u00a0\u00bb-58px|||||\u00a0\u00bb custom_padding=\u00a0\u00bb5px|||||\u00a0\u00bb global_colors_info=\u00a0\u00bb{}\u00a0\u00bb][et_pb_row _builder_version=\u00a0\u00bb4.19.4&Prime; _module_preset=\u00a0\u00bbdefault\u00a0\u00bb custom_margin=\u00a0\u00bb100px||||false|false\u00a0\u00bb global_colors_info=\u00a0\u00bb{}\u00a0\u00bb][et_pb_column type=\u00a0\u00bb4_4&Prime; _builder_version=\u00a0\u00bb4.19.4&Prime; _module_preset=\u00a0\u00bbdefault\u00a0\u00bb global_colors_info=\u00a0\u00bb{}\u00a0\u00bb][et_pb_text _builder_version=\u00a0\u00bb4.23&Prime; _module_preset=\u00a0\u00bb2a8182f9-8cae-4e10-9ba1-a37097387ea2&Prime; header_2_font=\u00a0\u00bb|||on|||||\u00a0\u00bb global_colors_info=\u00a0\u00bb{}\u00a0\u00bb]<\/p>\n<h2>Notre partenaire en mati\u00e8re\u00a0de d\u00e9veloppement durable<\/h2>\n<p>[\/et_pb_text][\/et_pb_column][\/et_pb_row][et_pb_row column_structure=\u00a0\u00bb1_2,1_2&Prime; use_custom_gutter=\u00a0\u00bbon\u00a0\u00bb gutter_width=\u00a0\u00bb2&Prime; _builder_version=\u00a0\u00bb4.19.4&Prime; _module_preset=\u00a0\u00bbdefault\u00a0\u00bb global_colors_info=\u00a0\u00bb{}\u00a0\u00bb][et_pb_column type=\u00a0\u00bb1_2&Prime; _builder_version=\u00a0\u00bb4.19.4&Prime; _module_preset=\u00a0\u00bbdefault\u00a0\u00bb global_colors_info=\u00a0\u00bb{}\u00a0\u00bb][et_pb_image src=\u00a0\u00bbhttps:\/\/sentex.sn\/wp-content\/uploads\/2024\/09\/gizIMAGE-fortbildung-handwerk-und-kunst_rdax_782x521s.jpg\u00a0\u00bb title_text=\u00a0\u00bbgizIMAGE-fortbildung-handwerk-und-kunst_rdax_782x521s\u00a0\u00bb _builder_version=\u00a0\u00bb4.23&Prime; _module_preset=\u00a0\u00bbdefault\u00a0\u00bb global_colors_info=\u00a0\u00bb{}\u00a0\u00bb][\/et_pb_image][\/et_pb_column][et_pb_column type=\u00a0\u00bb1_2&Prime; _builder_version=\u00a0\u00bb4.19.4&Prime; _module_preset=\u00a0\u00bbdefault\u00a0\u00bb global_colors_info=\u00a0\u00bb{}\u00a0\u00bb][et_pb_image src=\u00a0\u00bbhttps:\/\/sentex.sn\/wp-content\/uploads\/2024\/09\/gizIMAGE-fortbildung-unternehmertum_rdax_782x521s.jpg\u00a0\u00bb title_text=\u00a0\u00bbgizIMAGE-fortbildung-unternehmertum_rdax_782x521s\u00a0\u00bb _builder_version=\u00a0\u00bb4.23&Prime; _module_preset=\u00a0\u00bbdefault\u00a0\u00bb global_colors_info=\u00a0\u00bb{}\u00a0\u00bb][\/et_pb_image][\/et_pb_column][\/et_pb_row][et_pb_row column_structure=\u00a0\u00bb1_4,3_4&Prime; _builder_version=\u00a0\u00bb4.19.4&Prime; _module_preset=\u00a0\u00bbdefault\u00a0\u00bb global_colors_info=\u00a0\u00bb{}\u00a0\u00bb][et_pb_column type=\u00a0\u00bb1_4&Prime; _builder_version=\u00a0\u00bb4.19.4&Prime; _module_preset=\u00a0\u00bbdefault\u00a0\u00bb global_colors_info=\u00a0\u00bb{}\u00a0\u00bb][et_pb_image src=\u00a0\u00bbhttps:\/\/sentex.sn\/wp-content\/uploads\/2024\/09\/images-1.png\u00a0\u00bb alt=\u00a0\u00bbgiz Deutsche Gesellschaft f\u00fcr internationale Zusammenarbeit\u00a0\u00bb title_text=\u00a0\u00bbimages (1)\u00a0\u00bb _builder_version=\u00a0\u00bb4.23&Prime; _module_preset=\u00a0\u00bbdefault\u00a0\u00bb global_colors_info=\u00a0\u00bb{}\u00a0\u00bb][\/et_pb_image][\/et_pb_column][et_pb_column type=\u00a0\u00bb3_4&Prime; _builder_version=\u00a0\u00bb4.19.4&Prime; _module_preset=\u00a0\u00bbdefault\u00a0\u00bb global_colors_info=\u00a0\u00bb{}\u00a0\u00bb][et_pb_text _builder_version=\u00a0\u00bb4.21.0&Prime; _module_preset=\u00a0\u00bb2a8182f9-8cae-4e10-9ba1-a37097387ea2&Prime; global_colors_info=\u00a0\u00bb{}\u00a0\u00bb]<\/p>\n<p>Dans notre partenariat, KfW Entwicklungsbank apporte son expertise en financement et d\u00e9veloppement pour soutenir nos initiatives au S\u00e9n\u00e9gal. Leur contribution est essentielle pour assurer la r\u00e9ussite et l&rsquo;impact durable de nos projets.<\/p>\n<p>La collaboration avec KfW Entwicklungsbank enrichit notre capacit\u00e9 \u00e0 r\u00e9aliser des projets de grande envergure gr\u00e2ce \u00e0 un soutien financier solide et une expertise reconnue dans le domaine du d\u00e9veloppement.<\/p>\n<p>&nbsp;<\/p>\n<p>&nbsp;<\/p>\n<p>&nbsp;<\/p>\n<p>&nbsp;<\/p>\n<p>[\/et_pb_text][\/et_pb_column][\/et_pb_row][et_pb_row column_structure=\u00a0\u00bb2_5,3_5&Prime; _builder_version=\u00a0\u00bb4.19.4&Prime; _module_preset=\u00a0\u00bbdefault\u00a0\u00bb custom_margin=\u00a0\u00bb||100px||false|false\u00a0\u00bb global_colors_info=\u00a0\u00bb{}\u00a0\u00bb][et_pb_column type=\u00a0\u00bb2_5&Prime; _builder_version=\u00a0\u00bb4.19.4&Prime; _module_preset=\u00a0\u00bbdefault\u00a0\u00bb global_colors_info=\u00a0\u00bb{}\u00a0\u00bb][et_pb_text _builder_version=\u00a0\u00bb4.23&Prime; _module_preset=\u00a0\u00bb2a8182f9-8cae-4e10-9ba1-a37097387ea2&Prime; global_colors_info=\u00a0\u00bb{}\u00a0\u00bb]<\/p>\n<h3>SENTEX rencontre KFW<\/h3>\n<p>Personnes. Entreprise. Vision.<\/p>\n<p>[\/et_pb_text][\/et_pb_column][et_pb_column type=\u00a0\u00bb3_5&Prime; _builder_version=\u00a0\u00bb4.19.4&Prime; _module_preset=\u00a0\u00bbdefault\u00a0\u00bb global_colors_info=\u00a0\u00bb{}\u00a0\u00bb][et_pb_video image_src=\u00a0\u00bb\/\/i.ytimg.com\/vi\/bE_tc4sTnPA\/hqdefault.jpg\u00a0\u00bb _builder_version=\u00a0\u00bb4.23&Prime; _module_preset=\u00a0\u00bbdefault\u00a0\u00bb hover_enabled=\u00a0\u00bb0&Prime; global_colors_info=\u00a0\u00bb{}\u00a0\u00bb src=\u00a0\u00bbhttps:\/\/youtu.be\/bE_tc4sTnPA\u00a0\u00bb sticky_enabled=\u00a0\u00bb0&Prime;][\/et_pb_video][\/et_pb_column][\/et_pb_row][\/et_pb_section][et_pb_section fb_built=\u00a0\u00bb1&Prime; _builder_version=\u00a0\u00bb4.19.4&Prime; _module_preset=\u00a0\u00bbdefault\u00a0\u00bb background_color=\u00a0\u00bb#303A7A\u00a0\u00bb height=\u00a0\u00bb160px\u00a0\u00bb custom_padding=\u00a0\u00bb0px||0px||false|false\u00a0\u00bb global_colors_info=\u00a0\u00bb{}\u00a0\u00bb][et_pb_row _builder_version=\u00a0\u00bb4.19.4&Prime; _module_preset=\u00a0\u00bbdefault\u00a0\u00bb global_colors_info=\u00a0\u00bb{}\u00a0\u00bb][et_pb_column type=\u00a0\u00bb4_4&Prime; _builder_version=\u00a0\u00bb4.19.4&Prime; _module_preset=\u00a0\u00bbdefault\u00a0\u00bb global_colors_info=\u00a0\u00bb{}\u00a0\u00bb][et_pb_button button_url=\u00a0\u00bb@ET-DC@eyJkeW5hbWljIjp0cnVlLCJjb250ZW50IjoicG9zdF9saW5rX3VybF9wYWdlIiwic2V0dGluZ3MiOnsicG9zdF9pZCI6IjIxMCJ9fQ==@\u00a0\u00bb button_text=\u00a0\u00bbvoir tous les partenaires\u00a0\u00bb button_alignment=\u00a0\u00bbcenter\u00a0\u00bb _builder_version=\u00a0\u00bb4.19.4&Prime; _dynamic_attributes=\u00a0\u00bbbutton_url\u00a0\u00bb _module_preset=\u00a0\u00bb4c4a5a69-4d6f-477e-8b62-9b595ee58385&Prime; custom_margin=\u00a0\u00bb45px||||false|false\u00a0\u00bb global_colors_info=\u00a0\u00bb{}\u00a0\u00bb][\/et_pb_button][\/et_pb_column][\/et_pb_row][\/et_pb_section]<\/p>\n","protected":false},"excerpt":{"rendered":"<p>KFW &nbsp; Nous sommes honor\u00e9s de collaborer avec KfW Entwicklungsbank, un acteur cl\u00e9 dans le financement du d\u00e9veloppement international. Leur soutien est crucial pour renforcer la r\u00e9silience aux crises au S\u00e9n\u00e9gal, et ce partenariat refl\u00e8te notre engagement commun \u00e0 promouvoir un d\u00e9veloppement durable et inclusif. KfW Entwicklungsbank est une banque de d\u00e9veloppement allemande qui soutient [&hellip;]<\/p>\n","protected":false},"author":7,"featured_media":0,"parent":873,"menu_order":0,"comment_status":"closed","ping_status":"closed","template":"","meta":{"_et_pb_use_builder":"on","_et_pb_old_content":"","_et_gb_content_width":"","footnotes":""},"class_list":["post-1439","page","type-page","status-publish","hentry"],"_links":{"self":[{"href":"https:\/\/sentex.sn\/fr\/wp-json\/wp\/v2\/pages\/1439","targetHints":{"allow":["GET"]}}],"collection":[{"href":"https:\/\/sentex.sn\/fr\/wp-json\/wp\/v2\/pages"}],"about":[{"href":"https:\/\/sentex.sn\/fr\/wp-json\/wp\/v2\/types\/page"}],"author":[{"embeddable":true,"href":"https:\/\/sentex.sn\/fr\/wp-json\/wp\/v2\/users\/7"}],"replies":[{"embeddable":true,"href":"https:\/\/sentex.sn\/fr\/wp-json\/wp\/v2\/comments?post=1439"}],"version-history":[{"count":4,"href":"https:\/\/sentex.sn\/fr\/wp-json\/wp\/v2\/pages\/1439\/revisions"}],"predecessor-version":[{"id":2033,"href":"https:\/\/sentex.sn\/fr\/wp-json\/wp\/v2\/pages\/1439\/revisions\/2033"}],"up":[{"embeddable":true,"href":"https:\/\/sentex.sn\/fr\/wp-json\/wp\/v2\/pages\/873"}],"wp:attachment":[{"href":"https:\/\/sentex.sn\/fr\/wp-json\/wp\/v2\/media?parent=1439"}],"curies":[{"name":"wp","href":"https:\/\/api.w.org\/{rel}","templated":true}]}}