{"id":791,"date":"2023-02-14T11:33:14","date_gmt":"2023-02-14T11:33:14","guid":{"rendered":"https:\/\/sentex.sn\/digitalisierung\/"},"modified":"2023-08-07T14:44:12","modified_gmt":"2023-08-07T14:44:12","slug":"digitalisierung","status":"publish","type":"page","link":"https:\/\/sentex.sn\/de\/digitalisierung\/","title":{"rendered":"Digitalisierung"},"content":{"rendered":"<p>[et_pb_section fb_built=&#8220;1&#8243; _builder_version=&#8220;4.21.0&#8243; _module_preset=&#8220;default&#8220; background_enable_color=&#8220;off&#8220; background_image=&#8220;https:\/\/sentex.sn\/wp-content\/uploads\/2023\/05\/SENTEX_Image_digitalization-scaled.jpg&#8220; height=&#8220;600px&#8220; background_last_edited=&#8220;on|phone&#8220; background_image_phone=&#8220;https:\/\/sentex.sn\/wp-content\/uploads\/2023\/05\/SENTEX_Image_digitalization_mobile.jpg&#8220; background_enable_image_phone=&#8220;on&#8220; global_colors_info=&#8220;{}&#8220;][\/et_pb_section][et_pb_section fb_built=&#8220;1&#8243; _builder_version=&#8220;4.19.4&#8243; _module_preset=&#8220;default&#8220; global_colors_info=&#8220;{}&#8220;][et_pb_row _builder_version=&#8220;4.19.4&#8243; _module_preset=&#8220;default&#8220; global_colors_info=&#8220;{}&#8220;][et_pb_column type=&#8220;4_4&#8243; _builder_version=&#8220;4.19.4&#8243; _module_preset=&#8220;default&#8220; global_colors_info=&#8220;{}&#8220;][et_pb_text _builder_version=&#8220;4.20.0&#8243; _module_preset=&#8220;2a8182f9-8cae-4e10-9ba1-a37097387ea2&#8243; global_colors_info=&#8220;{}&#8220;]<\/p>\n<h1>DIGITALISIERUNG &#8211; F\u00dcR MEHR SICHERHEIT UND TRANSPARENZ<\/h1>\n<p>&nbsp;<\/p>\n<p>Um auf der internationalen Landkarte f\u00fcr Textil eine agile Rolle zu \u00fcbernehmen, setzt Senegal auf eine l\u00fcckenlose Beweisf\u00fchrung in Punkto Qualit\u00e4t und Nachhaltigkeit. In Zusammenarbeit mit dem senegalesische Softwareunternehmen Manobi kann das Land schon heute essenzielle Arbeits- und Produktionsschritte in den Bereichen Landwirtschaft, Ernte und Verarbeitung visualisieren und dokumentieren, darunter Geolokalisierung einzelner Felder und Baumwollchargen, Verbrauch von Wasser und D\u00fcngemitteln, Ernteertrag, Ernteprognosen sowie Qualit\u00e4t bez\u00fcglich Stapell\u00e4nge. In naher Zukunft sollen Stationen wie \u201eConfection\u201c und \u201eGarment\u201c folgen.<\/p>\n<p>[\/et_pb_text][\/et_pb_column][\/et_pb_row][\/et_pb_section][et_pb_section fb_built=&#8220;1&#8243; _builder_version=&#8220;4.19.4&#8243; _module_preset=&#8220;default&#8220; global_colors_info=&#8220;{}&#8220;][et_pb_row column_structure=&#8220;1_5,1_5,1_5,1_5,1_5&#8243; use_custom_gutter=&#8220;on&#8220; gutter_width=&#8220;1&#8243; disabled_on=&#8220;on|off|off&#8220; _builder_version=&#8220;4.19.4&#8243; _module_preset=&#8220;default&#8220; custom_margin=&#8220;||||false|false&#8220; custom_padding=&#8220;||||false|false&#8220; global_colors_info=&#8220;{}&#8220;][et_pb_column type=&#8220;1_5&#8243; _builder_version=&#8220;4.19.4&#8243; _module_preset=&#8220;default&#8220; global_colors_info=&#8220;{}&#8220;][et_pb_image src=&#8220;https:\/\/sentex.sn\/wp-content\/uploads\/2023\/02\/SENTEX_Icon_digitalization-farming_line.png&#8220; alt=&#8220;Baumwollsamen&#8220; title_text=&#8220;SENTEX_Icon_digitalization-farming_line&#8220; align=&#8220;right&#8220; _builder_version=&#8220;4.19.4&#8243; _module_preset=&#8220;default&#8220; transform_translate=&#8220;0px|50px&#8220; transform_translate_linked=&#8220;off&#8220; z_index=&#8220;-255&#8243; custom_padding=&#8220;38px||||false|false&#8220; global_colors_info=&#8220;{}&#8220;][\/et_pb_image][et_pb_text _builder_version=&#8220;4.21.0&#8243; _module_preset=&#8220;2a8182f9-8cae-4e10-9ba1-a37097387ea2&#8243; custom_margin=&#8220;174px|||20%|false|false&#8220; custom_padding=&#8220;0px|||||&#8220; global_colors_info=&#8220;{}&#8220;]<\/p>\n<h3>LANDWIRTSCHAFT<\/h3>\n<ul>\n<li>Landwirt<\/li>\n<li>Lage der Baumwollfarm<\/li>\n<li>Felder<\/li>\n<li>Bewirtschaftung der Fl\u00e4chen<\/li>\n<li>Bepflanzung<\/li>\n<li>Pflanzenschutzmittel<\/li>\n<li>Bew\u00e4sserungsmanagement<\/li>\n<\/ul>\n<p>&nbsp;<\/p>\n<p>[\/et_pb_text][\/et_pb_column][et_pb_column type=&#8220;1_5&#8243; _builder_version=&#8220;4.19.4&#8243; _module_preset=&#8220;default&#8220; global_colors_info=&#8220;{}&#8220;][et_pb_image src=&#8220;https:\/\/sentex.sn\/wp-content\/uploads\/2023\/02\/SENTEX_Icon_digitalization-harvesting_line.png&#8220; title_text=&#8220;SENTEX_Icon_digitalization-harvesting_line&#8220; align=&#8220;center&#8220; _builder_version=&#8220;4.19.4&#8243; _module_preset=&#8220;default&#8220; transform_translate=&#8220;0px|50px&#8220; transform_translate_linked=&#8220;off&#8220; custom_padding=&#8220;39px||||false|false&#8220; global_colors_info=&#8220;{}&#8220;][\/et_pb_image][et_pb_text _builder_version=&#8220;4.21.0&#8243; _module_preset=&#8220;2a8182f9-8cae-4e10-9ba1-a37097387ea2&#8243; custom_margin=&#8220;174px|||20%|false|false&#8220; custom_padding=&#8220;||||false|false&#8220; global_colors_info=&#8220;{}&#8220;]<\/p>\n<h3>HARVESTING<\/h3>\n<ul>\n<li>Yield estimate<\/li>\n<li>Climate data<\/li>\n<li>Harvest<\/li>\n<li>Post-Harvest<\/li>\n<li>Coding<\/li>\n<\/ul>\n<p>[\/et_pb_text][\/et_pb_column][et_pb_column type=&#8220;1_5&#8243; _builder_version=&#8220;4.19.4&#8243; _module_preset=&#8220;default&#8220; global_colors_info=&#8220;{}&#8220;][et_pb_image src=&#8220;https:\/\/sentex.sn\/wp-content\/uploads\/2023\/02\/SENTEX_Icon_digitalization-processing_line-1.png&#8220; alt=&#8220;Baumwollgarn&#8220; title_text=&#8220;SENTEX_Icon_digitalization-processing_line&#8220; show_bottom_space=&#8220;off&#8220; align=&#8220;center&#8220; _builder_version=&#8220;4.19.4&#8243; _module_preset=&#8220;default&#8220; transform_scale_linked=&#8220;off&#8220; transform_translate=&#8220;0px|50px&#8220; transform_translate_linked=&#8220;off&#8220; custom_margin=&#8220;||||false|false&#8220; custom_padding=&#8220;38px||||false|false&#8220; global_colors_info=&#8220;{}&#8220;][\/et_pb_image][et_pb_text _builder_version=&#8220;4.21.0&#8243; _module_preset=&#8220;2a8182f9-8cae-4e10-9ba1-a37097387ea2&#8243; custom_margin=&#8220;174px|||20%|false|false&#8220; global_colors_info=&#8220;{}&#8220;]<\/p>\n<h3>PROCESSING<\/h3>\n<ul>\n<li>Ginning<\/li>\n<li>Spinning<\/li>\n<li>Quality assurance<\/li>\n<\/ul>\n<p>[\/et_pb_text][\/et_pb_column][et_pb_column type=&#8220;1_5&#8243; _builder_version=&#8220;4.19.4&#8243; _module_preset=&#8220;default&#8220; global_colors_info=&#8220;{}&#8220;][et_pb_image src=&#8220;https:\/\/sentex.sn\/wp-content\/uploads\/2023\/02\/SENTEX_Icon_digitalization-confection_line_gros.png&#8220; alt=&#8220;gewebter Stoff&#8220; title_text=&#8220;SENTEX_Icon_digitalization-confection_line_gro\u00df&#8220; show_bottom_space=&#8220;off&#8220; align=&#8220;center&#8220; _builder_version=&#8220;4.19.4&#8243; _module_preset=&#8220;default&#8220; custom_margin=&#8220;50px||||false|false&#8220; global_colors_info=&#8220;{}&#8220;][\/et_pb_image][et_pb_text _builder_version=&#8220;4.21.0&#8243; _module_preset=&#8220;2a8182f9-8cae-4e10-9ba1-a37097387ea2&#8243; custom_margin=&#8220;62px|||20%|false|false&#8220; global_colors_info=&#8220;{}&#8220;]<\/p>\n<h3>CONFECTION<\/h3>\n<ul>\n<li>Quality assurance<\/li>\n<li>Coding<\/li>\n<li>Dyeing<\/li>\n<\/ul>\n<p>[\/et_pb_text][\/et_pb_column][et_pb_column type=&#8220;1_5&#8243; _builder_version=&#8220;4.19.4&#8243; _module_preset=&#8220;default&#8220; global_colors_info=&#8220;{}&#8220;][et_pb_image src=&#8220;https:\/\/sentex.sn\/wp-content\/uploads\/2023\/02\/SENTEX_Icon_digitalization-garnment_line.png&#8220; alt=&#8220;Garnment&#8220; title_text=&#8220;SENTEX_Icon_digitalization-garnment_line&#8220; _builder_version=&#8220;4.19.4&#8243; _module_preset=&#8220;default&#8220; transform_translate=&#8220;0px|50px&#8220; transform_translate_linked=&#8220;off&#8220; custom_padding=&#8220;38px||||false|false&#8220; global_colors_info=&#8220;{}&#8220;][\/et_pb_image][et_pb_text _builder_version=&#8220;4.21.0&#8243; _module_preset=&#8220;2a8182f9-8cae-4e10-9ba1-a37097387ea2&#8243; custom_margin=&#8220;174px|||20%|false|false&#8220; global_colors_info=&#8220;{}&#8220;]<\/p>\n<h3>GARNMENT<\/h3>\n<ul>\n<li>Fashion<\/li>\n<li>Home-textiles<\/li>\n<li>Interior<\/li>\n<li>Designer<\/li>\n<\/ul>\n<p>[\/et_pb_text][\/et_pb_column][\/et_pb_row][et_pb_row column_structure=&#8220;1_5,1_5,1_5,1_5,1_5&#8243; custom_padding_last_edited=&#8220;on|phone&#8220; disabled_on=&#8220;off|on|on&#8220; _builder_version=&#8220;4.19.4&#8243; _module_preset=&#8220;default&#8220; custom_margin_tablet=&#8220;&#8220; custom_margin_phone=&#8220;||||false|true&#8220; custom_margin_last_edited=&#8220;on|phone&#8220; custom_padding=&#8220;||||false|false&#8220; custom_padding_tablet=&#8220;||||false|false&#8220; custom_padding_phone=&#8220;|10%||10%|false|true&#8220; global_colors_info=&#8220;{}&#8220;][et_pb_column type=&#8220;1_5&#8243; _builder_version=&#8220;4.19.4&#8243; _module_preset=&#8220;default&#8220; global_colors_info=&#8220;{}&#8220;][et_pb_image src=&#8220;https:\/\/sentex.sn\/wp-content\/uploads\/2023\/02\/SENTEX_Icon_digitalization-farming_line-mobile.png&#8220; title_text=&#8220;SENTEX_Icon_digitalization-farming_line mobile&#8220; align=&#8220;center&#8220; _builder_version=&#8220;4.19.4&#8243; _module_preset=&#8220;default&#8220; global_colors_info=&#8220;{}&#8220;][\/et_pb_image][et_pb_text _builder_version=&#8220;4.21.0&#8243; _module_preset=&#8220;2a8182f9-8cae-4e10-9ba1-a37097387ea2&#8243; global_colors_info=&#8220;{}&#8220;]<\/p>\n<h3>FARMING<\/h3>\n<ul>\n<li>Owner of the farm<\/li>\n<li>Geolocalization of the farm<\/li>\n<li>Fields<\/li>\n<li>Land cultivation<\/li>\n<li>Planting<\/li>\n<li>Plant protection products<\/li>\n<li>Water management<\/li>\n<\/ul>\n<p>[\/et_pb_text][\/et_pb_column][et_pb_column type=&#8220;1_5&#8243; _builder_version=&#8220;4.19.4&#8243; _module_preset=&#8220;default&#8220; global_colors_info=&#8220;{}&#8220;][et_pb_image src=&#8220;https:\/\/sentex.sn\/wp-content\/uploads\/2023\/02\/SENTEX_Icon_digitalization-harvesting_line-mobile.png&#8220; title_text=&#8220;SENTEX_Icon_digitalization-harvesting_line mobile&#8220; align=&#8220;center&#8220; _builder_version=&#8220;4.19.4&#8243; _module_preset=&#8220;default&#8220; global_colors_info=&#8220;{}&#8220;][\/et_pb_image][et_pb_text _builder_version=&#8220;4.21.0&#8243; _module_preset=&#8220;2a8182f9-8cae-4e10-9ba1-a37097387ea2&#8243; global_colors_info=&#8220;{}&#8220;]<\/p>\n<h3>HARVESTING<\/h3>\n<ul>\n<li>Yield estimate<\/li>\n<li>Climate data<\/li>\n<li>Harvest<\/li>\n<li>Post-Harvest<\/li>\n<li>Coding<\/li>\n<\/ul>\n<p>[\/et_pb_text][\/et_pb_column][et_pb_column type=&#8220;1_5&#8243; _builder_version=&#8220;4.19.4&#8243; _module_preset=&#8220;default&#8220; global_colors_info=&#8220;{}&#8220;][et_pb_image src=&#8220;https:\/\/sentex.sn\/wp-content\/uploads\/2023\/02\/SENTEX_Icon_digitalization-processing_line-mobile.png&#8220; title_text=&#8220;SENTEX_Icon_digitalization-processing_line mobile&#8220; align=&#8220;center&#8220; _builder_version=&#8220;4.19.4&#8243; _module_preset=&#8220;default&#8220; global_colors_info=&#8220;{}&#8220;][\/et_pb_image][et_pb_text _builder_version=&#8220;4.21.0&#8243; _module_preset=&#8220;2a8182f9-8cae-4e10-9ba1-a37097387ea2&#8243; global_colors_info=&#8220;{}&#8220;]<\/p>\n<h3>PROCESSING<\/h3>\n<ul>\n<li>Ginning<\/li>\n<li>Spinning<\/li>\n<li>Quality assurance<\/li>\n<\/ul>\n<p>[\/et_pb_text][\/et_pb_column][et_pb_column type=&#8220;1_5&#8243; _builder_version=&#8220;4.19.4&#8243; _module_preset=&#8220;default&#8220; global_colors_info=&#8220;{}&#8220;][et_pb_image src=&#8220;https:\/\/sentex.sn\/wp-content\/uploads\/2023\/02\/SENTEX_Icon_digitalization-confection_line-mobile_gros.png&#8220; title_text=&#8220;SENTEX_Icon_digitalization-confection_line mobile_gro\u00df&#8220; align=&#8220;center&#8220; _builder_version=&#8220;4.19.4&#8243; _module_preset=&#8220;default&#8220; global_colors_info=&#8220;{}&#8220;][\/et_pb_image][et_pb_text _builder_version=&#8220;4.21.0&#8243; _module_preset=&#8220;2a8182f9-8cae-4e10-9ba1-a37097387ea2&#8243; global_colors_info=&#8220;{}&#8220;]<\/p>\n<h3>CONFECTION<\/h3>\n<ul>\n<li>Quality assurance<\/li>\n<li>Coding<\/li>\n<li>Dyeing<\/li>\n<\/ul>\n<p>[\/et_pb_text][\/et_pb_column][et_pb_column type=&#8220;1_5&#8243; _builder_version=&#8220;4.19.4&#8243; _module_preset=&#8220;default&#8220; global_colors_info=&#8220;{}&#8220;][et_pb_image src=&#8220;https:\/\/sentex.sn\/wp-content\/uploads\/2023\/02\/SENTEX_Icon_digitalization-garnment_line-mobile.png&#8220; title_text=&#8220;SENTEX_Icon_digitalization-garnment_line mobile&#8220; align=&#8220;center&#8220; _builder_version=&#8220;4.19.4&#8243; _module_preset=&#8220;default&#8220; global_colors_info=&#8220;{}&#8220;][\/et_pb_image][et_pb_text _builder_version=&#8220;4.21.0&#8243; _module_preset=&#8220;2a8182f9-8cae-4e10-9ba1-a37097387ea2&#8243; global_colors_info=&#8220;{}&#8220;]<\/p>\n<h3>GARNMENT<\/h3>\n<ul>\n<li>Fashion<\/li>\n<li>Home-textiles<\/li>\n<li>Interior<\/li>\n<li>Designer<\/li>\n<\/ul>\n<p>[\/et_pb_text][\/et_pb_column][\/et_pb_row][\/et_pb_section][et_pb_section fb_built=&#8220;1&#8243; _builder_version=&#8220;4.19.4&#8243; _module_preset=&#8220;default&#8220; global_colors_info=&#8220;{}&#8220;][et_pb_row column_structure=&#8220;1_3,2_3&#8243; custom_padding_last_edited=&#8220;on|phone&#8220; _builder_version=&#8220;4.19.4&#8243; _module_preset=&#8220;default&#8220; background_color=&#8220;rgba(247,236,74,0.3)&#8220; custom_margin=&#8220;||100px||false|false&#8220; custom_padding=&#8220;60px|100px|60px|100px|true|true&#8220; custom_padding_tablet=&#8220;|50px||50px|true|true&#8220; custom_padding_phone=&#8220;|50px||50px|true|true&#8220; global_colors_info=&#8220;{}&#8220;][et_pb_column type=&#8220;1_3&#8243; _builder_version=&#8220;4.19.4&#8243; _module_preset=&#8220;default&#8220; global_colors_info=&#8220;{}&#8220;][et_pb_image src=&#8220;https:\/\/sentex.sn\/wp-content\/uploads\/2023\/02\/SENTEX_Icon_QR-Code.png&#8220; title_text=&#8220;SENTEX_Icon_QR-Code&#8220; align=&#8220;center&#8220; _builder_version=&#8220;4.19.4&#8243; _module_preset=&#8220;default&#8220; custom_margin=&#8220;||||false|false&#8220; global_colors_info=&#8220;{}&#8220;][\/et_pb_image][\/et_pb_column][et_pb_column type=&#8220;2_3&#8243; _builder_version=&#8220;4.19.4&#8243; _module_preset=&#8220;default&#8220; global_colors_info=&#8220;{}&#8220;][et_pb_text _builder_version=&#8220;4.20.0&#8243; _module_preset=&#8220;2a8182f9-8cae-4e10-9ba1-a37097387ea2&#8243; custom_margin=&#8220;||||true|false&#8220; global_colors_info=&#8220;{}&#8220;]<\/p>\n<h3>UNSERE VISION &#8211; DAS GROSSE GANZE<\/h3>\n<p>Damit Kunden am Ende der Wertsch\u00f6pfungskette eine bewusste Kaufentscheidung treffen k\u00f6nnen, streben wir eine durchgehende Transparenz an. Von der Saat bis zum fertigen Textil \u2013 alle Informationen auf einem QR-Code vereint.<\/p>\n<p>&nbsp;<\/p>\n<p>[\/et_pb_text][\/et_pb_column][\/et_pb_row][\/et_pb_section][et_pb_section fb_built=&#8220;1&#8243; _builder_version=&#8220;4.19.4&#8243; _module_preset=&#8220;default&#8220; background_color=&#8220;rgba(48,58,122,0.1)&#8220; global_colors_info=&#8220;{}&#8220;][et_pb_row _builder_version=&#8220;4.19.4&#8243; _module_preset=&#8220;default&#8220; custom_margin=&#8220;100px||||false|false&#8220; global_colors_info=&#8220;{}&#8220;][et_pb_column type=&#8220;4_4&#8243; _builder_version=&#8220;4.19.4&#8243; _module_preset=&#8220;default&#8220; global_colors_info=&#8220;{}&#8220;][et_pb_text _builder_version=&#8220;4.19.4&#8243; _module_preset=&#8220;2a8182f9-8cae-4e10-9ba1-a37097387ea2&#8243; header_2_font=&#8220;|||on|||||&#8220; global_colors_info=&#8220;{}&#8220;]<\/p>\n<h2>Unser Partner im Bereich der Digitalisierung<\/h2>\n<p>[\/et_pb_text][\/et_pb_column][\/et_pb_row][et_pb_row column_structure=&#8220;1_2,1_2&#8243; use_custom_gutter=&#8220;on&#8220; gutter_width=&#8220;2&#8243; _builder_version=&#8220;4.19.4&#8243; _module_preset=&#8220;default&#8220; global_colors_info=&#8220;{}&#8220;][et_pb_column type=&#8220;1_2&#8243; _builder_version=&#8220;4.19.4&#8243; _module_preset=&#8220;default&#8220; global_colors_info=&#8220;{}&#8220;][et_pb_image src=&#8220;https:\/\/sentex.sn\/wp-content\/uploads\/2023\/01\/Manobi_Screenshot-Software_01.webp&#8220; title_text=&#8220;Manobi_Screenshot Software_01&#8243; _builder_version=&#8220;4.19.4&#8243; _module_preset=&#8220;default&#8220; global_colors_info=&#8220;{}&#8220;][\/et_pb_image][\/et_pb_column][et_pb_column type=&#8220;1_2&#8243; _builder_version=&#8220;4.19.4&#8243; _module_preset=&#8220;default&#8220; global_colors_info=&#8220;{}&#8220;][et_pb_image src=&#8220;https:\/\/sentex.sn\/wp-content\/uploads\/2023\/01\/Manobi_Screenshot-Software_02.webp&#8220; title_text=&#8220;Manobi_Screenshot Software_02&#8243; _builder_version=&#8220;4.19.4&#8243; _module_preset=&#8220;default&#8220; global_colors_info=&#8220;{}&#8220;][\/et_pb_image][\/et_pb_column][\/et_pb_row][et_pb_row column_structure=&#8220;1_4,3_4&#8243; _builder_version=&#8220;4.19.4&#8243; _module_preset=&#8220;default&#8220; global_colors_info=&#8220;{}&#8220;][et_pb_column type=&#8220;1_4&#8243; _builder_version=&#8220;4.19.4&#8243; _module_preset=&#8220;default&#8220; global_colors_info=&#8220;{}&#8220;][et_pb_image src=&#8220;https:\/\/sentex.sn\/wp-content\/uploads\/2023\/01\/manobi_africa_300dpi.png&#8220; alt=&#8220;Logo Manobi Africa&#8220; title_text=&#8220;manobi_africa_300dpi&#8220; _builder_version=&#8220;4.19.4&#8243; _module_preset=&#8220;default&#8220; global_colors_info=&#8220;{}&#8220;][\/et_pb_image][\/et_pb_column][et_pb_column type=&#8220;3_4&#8243; _builder_version=&#8220;4.19.4&#8243; _module_preset=&#8220;default&#8220; global_colors_info=&#8220;{}&#8220;][et_pb_text _builder_version=&#8220;4.21.0&#8243; _module_preset=&#8220;2a8182f9-8cae-4e10-9ba1-a37097387ea2&#8243; global_colors_info=&#8220;{}&#8220;]<\/p>\n<p>Manobi Africa liefert digitale L\u00f6sungen und Dienstleistungen f\u00fcr Unternehmen, Entwicklungsprojekte und Dienstleister in den Bereichen Wasser und Landwirtschaft in Afrika. Das Unternehmen erstellt Profile, kartiert und \u00fcberwacht die Aktivit\u00e4ten der Akteure der Wertsch\u00f6pfungskette in 14 afrikanischen L\u00e4ndern in Echtzeit, indem es Geodatenkartierung und Fernerkundungstechnologien in gro\u00dfem Ma\u00dfstab kombiniert. Mithilfe von Datenintelligenz zur Zusammenstellung und Analyse dieser Informationen liefert Manobi Africa zuverl\u00e4ssige \u00dcberwachungs- und Bewertungsberichte sowie nachhaltige Managementl\u00f6sungen.<\/p>\n<p>Heute arbeitet Manobi Africa mit einem Netz von Entwicklungsorganisationen zusammen, darunter Africa Rice, die Islamische Entwicklungsbank, das Entwicklungsprogramm der Vereinten Nationen und die Weltbank. Durch diese Kooperationen verbessert das Unternehmen den Zugang zu sauberem Wasser, die Besch\u00e4ftigung von Jugendlichen, die digitale Landwirtschaft und vieles mehr in Schwellenl\u00e4ndern.<\/p>\n<p>[\/et_pb_text][\/et_pb_column][\/et_pb_row][et_pb_row _builder_version=&#8220;4.19.4&#8243; _module_preset=&#8220;default&#8220; global_colors_info=&#8220;{}&#8220;][et_pb_column type=&#8220;4_4&#8243; _builder_version=&#8220;4.19.4&#8243; _module_preset=&#8220;default&#8220; global_colors_info=&#8220;{}&#8220;][et_pb_divider show_divider=&#8220;off&#8220; _builder_version=&#8220;4.19.4&#8243; _module_preset=&#8220;default&#8220; height=&#8220;100px&#8220; global_colors_info=&#8220;{}&#8220;][\/et_pb_divider][\/et_pb_column][\/et_pb_row][et_pb_row column_structure=&#8220;2_5,3_5&#8243; _builder_version=&#8220;4.19.4&#8243; _module_preset=&#8220;default&#8220; custom_margin=&#8220;||100px||false|false&#8220; global_colors_info=&#8220;{}&#8220;][et_pb_column type=&#8220;2_5&#8243; _builder_version=&#8220;4.19.4&#8243; _module_preset=&#8220;default&#8220; global_colors_info=&#8220;{}&#8220;][et_pb_text _builder_version=&#8220;4.19.4&#8243; _module_preset=&#8220;2a8182f9-8cae-4e10-9ba1-a37097387ea2&#8243; global_colors_info=&#8220;{}&#8220;]<\/p>\n<h3>SENTEX trifft MANOBI<\/h3>\n<p>Menschen. Unternehmen. Visionen.<\/p>\n<p>[\/et_pb_text][\/et_pb_column][et_pb_column type=&#8220;3_5&#8243; _builder_version=&#8220;4.19.4&#8243; _module_preset=&#8220;default&#8220; global_colors_info=&#8220;{}&#8220;][et_pb_video _builder_version=&#8220;4.21.2&#8243; _module_preset=&#8220;default&#8220; title_text=&#8220;Still image video sequence_MANOBI&#8220; src_webm=&#8220;https:\/\/sentex.sn\/wp-content\/uploads\/2023\/08\/SENTEX-ITV-V2.webm&#8220; image_src=&#8220;https:\/\/sentex.sn\/wp-content\/uploads\/2023\/08\/Still-image-video-sequence_MANOBI.jpg&#8220; hover_enabled=&#8220;0&#8243; sticky_enabled=&#8220;0&#8243;][\/et_pb_video][\/et_pb_column][\/et_pb_row][\/et_pb_section][et_pb_section fb_built=&#8220;1&#8243; _builder_version=&#8220;4.19.4&#8243; _module_preset=&#8220;default&#8220; background_color=&#8220;#303A7A&#8220; height=&#8220;160px&#8220; custom_padding=&#8220;0px||0px||false|false&#8220; global_colors_info=&#8220;{}&#8220;][et_pb_row _builder_version=&#8220;4.19.4&#8243; _module_preset=&#8220;default&#8220; global_colors_info=&#8220;{}&#8220;][et_pb_column type=&#8220;4_4&#8243; _builder_version=&#8220;4.19.4&#8243; _module_preset=&#8220;default&#8220; global_colors_info=&#8220;{}&#8220;][et_pb_button button_url=&#8220;@ET-DC@eyJkeW5hbWljIjp0cnVlLCJjb250ZW50IjoicG9zdF9saW5rX3VybF9wYWdlIiwic2V0dGluZ3MiOnsicG9zdF9pZCI6IjIxMCJ9fQ==@&#8220; button_text=&#8220;alle Partner&#8220; button_alignment=&#8220;center&#8220; _builder_version=&#8220;4.19.4&#8243; _dynamic_attributes=&#8220;button_url&#8220; _module_preset=&#8220;4c4a5a69-4d6f-477e-8b62-9b595ee58385&#8243; custom_margin=&#8220;45px||||false|false&#8220; global_colors_info=&#8220;{}&#8220;][\/et_pb_button][\/et_pb_column][\/et_pb_row][\/et_pb_section]<\/p>\n","protected":false},"excerpt":{"rendered":"<p>DIGITALISIERUNG &#8211; F\u00dcR MEHR SICHERHEIT UND TRANSPARENZ &nbsp; Um auf der internationalen Landkarte f\u00fcr Textil eine agile Rolle zu \u00fcbernehmen, setzt Senegal auf eine l\u00fcckenlose Beweisf\u00fchrung in Punkto Qualit\u00e4t und Nachhaltigkeit. In Zusammenarbeit mit dem senegalesische Softwareunternehmen Manobi kann das Land schon heute essenzielle Arbeits- und Produktionsschritte in den Bereichen Landwirtschaft, Ernte und Verarbeitung visualisieren [&hellip;]<\/p>\n","protected":false},"author":3,"featured_media":0,"parent":0,"menu_order":0,"comment_status":"closed","ping_status":"closed","template":"","meta":{"_et_pb_use_builder":"on","_et_pb_old_content":"","_et_gb_content_width":"","footnotes":""},"class_list":["post-791","page","type-page","status-publish","hentry"],"_links":{"self":[{"href":"https:\/\/sentex.sn\/de\/wp-json\/wp\/v2\/pages\/791","targetHints":{"allow":["GET"]}}],"collection":[{"href":"https:\/\/sentex.sn\/de\/wp-json\/wp\/v2\/pages"}],"about":[{"href":"https:\/\/sentex.sn\/de\/wp-json\/wp\/v2\/types\/page"}],"author":[{"embeddable":true,"href":"https:\/\/sentex.sn\/de\/wp-json\/wp\/v2\/users\/3"}],"replies":[{"embeddable":true,"href":"https:\/\/sentex.sn\/de\/wp-json\/wp\/v2\/comments?post=791"}],"version-history":[{"count":28,"href":"https:\/\/sentex.sn\/de\/wp-json\/wp\/v2\/pages\/791\/revisions"}],"predecessor-version":[{"id":1042,"href":"https:\/\/sentex.sn\/de\/wp-json\/wp\/v2\/pages\/791\/revisions\/1042"}],"wp:attachment":[{"href":"https:\/\/sentex.sn\/de\/wp-json\/wp\/v2\/media?parent=791"}],"curies":[{"name":"wp","href":"https:\/\/api.w.org\/{rel}","templated":true}]}}