{"id":761,"date":"2023-02-03T09:22:37","date_gmt":"2023-02-03T09:22:37","guid":{"rendered":"https:\/\/sentex.sn\/unsere-vision\/"},"modified":"2024-06-27T10:17:19","modified_gmt":"2024-06-27T10:17:19","slug":"unsere-vision","status":"publish","type":"page","link":"https:\/\/sentex.sn\/de\/unsere-vision\/","title":{"rendered":"Unsere Vision"},"content":{"rendered":"<p>[et_pb_section fb_built=&#8220;1&#8243; _builder_version=&#8220;4.19.4&#8243; _module_preset=&#8220;default&#8220; background_image=&#8220;https:\/\/sentex.sn\/wp-content\/uploads\/2023\/01\/SENTEX_cotton_\u00a9AttilaHenning_4897.webp&#8220; global_colors_info=&#8220;{}&#8220;][et_pb_row _builder_version=&#8220;4.19.4&#8243; _module_preset=&#8220;default&#8220; global_colors_info=&#8220;{}&#8220;][et_pb_column type=&#8220;4_4&#8243; _builder_version=&#8220;4.19.4&#8243; _module_preset=&#8220;default&#8220; global_colors_info=&#8220;{}&#8220;][et_pb_image src=&#8220;https:\/\/sentex.sn\/wp-content\/uploads\/2023\/01\/SENTEX-Vision_Cotton-Textile-made-in-S.png&#8220; alt=&#8220;Cotton and Textile made in Senegal&#8220; title_text=&#8220;SENTEX-Vision_Cotton Textile made in S&#8220; _builder_version=&#8220;4.19.4&#8243; _module_preset=&#8220;default&#8220; global_colors_info=&#8220;{}&#8220;][\/et_pb_image][\/et_pb_column][\/et_pb_row][\/et_pb_section][et_pb_section fb_built=&#8220;1&#8243; _builder_version=&#8220;4.19.4&#8243; _module_preset=&#8220;default&#8220; min_height=&#8220;330px&#8220; global_colors_info=&#8220;{}&#8220;][et_pb_row _builder_version=&#8220;4.19.4&#8243; _module_preset=&#8220;default&#8220; custom_margin=&#8220;||||false|false&#8220; custom_padding=&#8220;45px||45px||true|false&#8220; global_colors_info=&#8220;{}&#8220;][et_pb_column type=&#8220;4_4&#8243; _builder_version=&#8220;4.19.4&#8243; _module_preset=&#8220;default&#8220; global_colors_info=&#8220;{}&#8220;][et_pb_text _builder_version=&#8220;4.20.0&#8243; _module_preset=&#8220;2a8182f9-8cae-4e10-9ba1-a37097387ea2&#8243; custom_padding=&#8220;25px||||false|false&#8220; border_width_top=&#8220;2px&#8220; border_color_top=&#8220;#303A7A&#8220; global_colors_info=&#8220;{}&#8220;]<\/p>\n<h2><em>\u201eDie Wertsch\u00f6pfungskette f\u00fcr ein Land von Anfang bis Ende aufzubauen, digital abzubilden um vielf\u00e4ltige M\u00f6glichkeiten zu Transparenz und Weiterentwicklung zu schaffen, national wie international, ist revolution\u00e4r und hier im Senegal fast schon Realit\u00e4t.\u201c SENTEX SENTEX<\/em><\/h2>\n<p>[\/et_pb_text][\/et_pb_column][\/et_pb_row][\/et_pb_section][et_pb_section fb_built=&#8220;1&#8243; _builder_version=&#8220;4.19.4&#8243; _module_preset=&#8220;default&#8220; background_color=&#8220;rgba(255,255,255,0.7)&#8220; background_image=&#8220;https:\/\/sentex.sn\/wp-content\/uploads\/2023\/01\/SENTEX_Cotton_Sodefitex\u00a9AttilaHenning_4438.webp&#8220; background_blend=&#8220;overlay&#8220; global_colors_info=&#8220;{}&#8220;][et_pb_row use_custom_gutter=&#8220;on&#8220; gutter_width=&#8220;4&#8243; _builder_version=&#8220;4.19.4&#8243; _module_preset=&#8220;default&#8220; custom_padding=&#8220;100px||||false|false&#8220; global_colors_info=&#8220;{}&#8220;][et_pb_column type=&#8220;4_4&#8243; _builder_version=&#8220;4.19.4&#8243; _module_preset=&#8220;default&#8220; global_colors_info=&#8220;{}&#8220;][et_pb_text _builder_version=&#8220;4.20.0&#8243; _module_preset=&#8220;default&#8220; global_colors_info=&#8220;{}&#8220;]<\/p>\n<h1>NACHHALTIGE UND NACHVERFOLGBARE BAUMWOLLE UND TEXTILIEN ZU 100% MADE IN SENEGAL<\/h1>\n<p>[\/et_pb_text][\/et_pb_column][\/et_pb_row][et_pb_row column_structure=&#8220;1_2,1_2&#8243; use_custom_gutter=&#8220;on&#8220; gutter_width=&#8220;4&#8243; _builder_version=&#8220;4.19.4&#8243; _module_preset=&#8220;default&#8220; custom_padding=&#8220;||||false|false&#8220; global_colors_info=&#8220;{}&#8220;][et_pb_column type=&#8220;1_2&#8243; _builder_version=&#8220;4.19.4&#8243; _module_preset=&#8220;default&#8220; global_colors_info=&#8220;{}&#8220;][et_pb_text _builder_version=&#8220;4.20.0&#8243; _module_preset=&#8220;2a8182f9-8cae-4e10-9ba1-a37097387ea2&#8243; global_colors_info=&#8220;{}&#8220;]<\/p>\n<h3>INTAKTER WIRTSCHAFTSKREISLAUF<\/h3>\n<p>Senegal ist bekannt f\u00fcr seine Baumwolle, die Pflanze ist einer der wichtigsten Agrar- und Exportg\u00fcter des westafrikanischen Landes Doch Senegal ist nicht mehr bekannt f\u00fcr seine Garn- und Textilproduktion. Doch Senegal ist nicht mehr bekannt f\u00fcr seine Garn- und Textilproduktion. Um diese zu reaktivieren, haben wir uns ein Ziel gesetzt: Im Schulterschluss die gesamte Wertsch\u00f6pfungskette vom Anbau der Baumwolle bis zum Verkauf des fertigen Textils wieder im Land zu etablieren: from the fibre to the shop. Mit Augenmerk auf nachhaltig, fair, \u00f6kologisch, interkulturell, transparent und hochwertige Qualit\u00e4tsprodukte durch Ausbildung und Kapazit\u00e4tsaufbau.<\/p>\n<p>[\/et_pb_text][\/et_pb_column][et_pb_column type=&#8220;1_2&#8243; _builder_version=&#8220;4.19.4&#8243; _module_preset=&#8220;default&#8220; global_colors_info=&#8220;{}&#8220;][et_pb_text _builder_version=&#8220;4.20.0&#8243; _module_preset=&#8220;2a8182f9-8cae-4e10-9ba1-a37097387ea2&#8243; global_colors_info=&#8220;{}&#8220;]<\/p>\n<h3>AN EINEM STRANG<\/h3>\n<p>Um die Vision Wirklichkeit werden zu lassen, ziehen unter dem Namen SENTEX mit einem Multi-Stakeholder-Ansatz mehrere staatliche und nichtstaatliche, nationale und internationale Akteure an einem Strang. Alle sehen das gro\u00dfe, vorhandene Potential und nutzen es aktiv \u2013 nicht zuletzt, um das Land unabh\u00e4ngiger und resilienter zu machen, Ausbildungs- und Arbeitspl\u00e4tze zu schaffen sowie der Bev\u00f6lkerung in einem revitalisierten Textilsektor vielf\u00e4ltige Perspektiven zu bieten.<\/p>\n<p>[\/et_pb_text][\/et_pb_column][\/et_pb_row][et_pb_row _builder_version=&#8220;4.19.4&#8243; _module_preset=&#8220;default&#8220; custom_padding=&#8220;||100px||false|false&#8220; global_colors_info=&#8220;{}&#8220;][et_pb_column type=&#8220;4_4&#8243; _builder_version=&#8220;4.19.4&#8243; _module_preset=&#8220;default&#8220; global_colors_info=&#8220;{}&#8220;][et_pb_text _builder_version=&#8220;4.20.0&#8243; _module_preset=&#8220;2a8182f9-8cae-4e10-9ba1-a37097387ea2&#8243; header_3_font=&#8220;|||on|||||&#8220; global_colors_info=&#8220;{}&#8220;]<\/p>\n<h3>AGIEREN STATT RESIGNIEREN<\/h3>\n<p>Die treibende Kraft dahinter ist ein gro\u00dfer Umdenkprozess, der nicht erst gestern eingesetzt hat. Senegal steht angesichts von Klimawandel, sinkenden Ernteertr\u00e4ge sowie instabilen Baumwollpreisen auf dem Weltmarkt mit den asiatischen L\u00e4ndern schon seit vielen Jahren vor gro\u00dfen Herausforderungen. Doch statt zu resignieren, setzt das Land jetzt kontinuierlich auf Zukunft. Und es befindet sich heute in der Position, sich als selbstbewusster Player innerhalb der lokalen, nationalen wie internationalen Textilindustrie behaupten zu k\u00f6nnen. Insbesondere auf qualitativen Nischenm\u00e4rkten. Wir von SENTEX glauben fest daran: 100 % MADE IN SENEGAL ist m\u00f6glich.<\/p>\n<p>SENTEX wird durch die Sonderinitiative \u201eGute Besch\u00e4ftigung f\u00fcr sozial gerechten Wandel\u201c des Bundesministeriums f\u00fcr wirtschaftliche Zusammenarbeit und Entwicklung (BMZ) gef\u00f6rdert und von der Deutschen Gesellschaft f\u00fcr internationale Zusammenarbeit (GIZ) unter der Marke \u201eInvest for Jobs\u201c umgesetzt. Ziel der Sonderinitiative ist, gemeinsam mit Unternehmen gute Arbeitspl\u00e4tze zu schaffen und Arbeitsbedingungen zu verbessern.<\/p>\n<p>[\/et_pb_text][\/et_pb_column][\/et_pb_row][\/et_pb_section][et_pb_section fb_built=&#8220;1&#8243; _builder_version=&#8220;4.19.4&#8243; _module_preset=&#8220;default&#8220; custom_padding=&#8220;0px||0px||false|false&#8220; global_colors_info=&#8220;{}&#8220;][et_pb_row column_structure=&#8220;1_2,1_2&#8243; use_custom_gutter=&#8220;on&#8220; gutter_width=&#8220;1&#8243; make_equal=&#8220;on&#8220; _builder_version=&#8220;4.19.4&#8243; _module_preset=&#8220;default&#8220; width=&#8220;100%&#8220; max_width=&#8220;100%&#8220; custom_padding=&#8220;0px||0px||false|false&#8220; global_colors_info=&#8220;{}&#8220;][et_pb_column type=&#8220;1_2&#8243; _builder_version=&#8220;4.19.4&#8243; _module_preset=&#8220;default&#8220; background_color=&#8220;#379B62&#8243; global_colors_info=&#8220;{}&#8220;][et_pb_text _builder_version=&#8220;4.20.0&#8243; _module_preset=&#8220;2a8182f9-8cae-4e10-9ba1-a37097387ea2&#8243; custom_padding=&#8220;100px|10%|100px|44%|false|false&#8220; custom_padding_tablet=&#8220;50px||50px|10%|true|false&#8220; custom_padding_phone=&#8220;50px|10%|50px|10%|true|false&#8220; custom_padding_last_edited=&#8220;on|desktop&#8220; global_colors_info=&#8220;{}&#8220;]<\/p>\n<h3>SOLIDE BASIS<\/h3>\n<p>F\u00fcr einen wirklichen Wandel, sind nicht nur Mindset und Ver\u00e4nderungsbereitschaft wichtig. Grundvoraussetzung ist eine solide Basis, von der aus Zukunft gedacht, Ziele definiert und Visionen entwickelt werden k\u00f6nnen. F\u00fcr Senegal sprechen vor allem drei Punkte: Das Land verf\u00fcgt erstens \u00fcber einen gut strukturierten Baumwollsektor; hat zweitens in den vergangenen Jahren unter anderem mit Hilfe der Deutschen Entwicklungszusammenarbeit wie die Gesellschaft f\u00fcr Internationale Zusammenarbeit (GIZ) und Sequa einen Teil seiner Baumwollproduktion auf biologischen Anbau umgestellt, so dass die Ware schon heute diverse Zertifikate vorweisen kann; besitzt drittens einen funktionst\u00fcchtigen Maschinenpark mit europ\u00e4ischen Spinn-, Web- sowie Wirkmaschinen. Hinzu kommt Senegals politisch stabile und geostrategisch g\u00fcnstige Lage \u2013 das westlichste Land Afrikas direkt am Atlantik gilt als verl\u00e4ssliche Drehscheibe f\u00fcr nationale wie internationale Handelsbeziehungen.<\/p>\n<p>[\/et_pb_text][\/et_pb_column][et_pb_column type=&#8220;1_2&#8243; _builder_version=&#8220;4.19.4&#8243; _module_preset=&#8220;default&#8220; background_image=&#8220;https:\/\/sentex.sn\/wp-content\/uploads\/2023\/01\/Baumwollfeld-Tambacounda_5_GIZ-Hamet-Diop.webp&#8220; global_colors_info=&#8220;{}&#8220;][et_pb_divider show_divider=&#8220;off&#8220; _builder_version=&#8220;4.19.4&#8243; _module_preset=&#8220;default&#8220; min_height=&#8220;400px&#8220; min_height_tablet=&#8220;400px&#8220; min_height_phone=&#8220;200px&#8220; min_height_last_edited=&#8220;on|tablet&#8220; height_tablet=&#8220;&#8220; height_phone=&#8220;&#8220; height_last_edited=&#8220;on|tablet&#8220; global_colors_info=&#8220;{}&#8220;][\/et_pb_divider][\/et_pb_column][\/et_pb_row][\/et_pb_section][et_pb_section fb_built=&#8220;1&#8243; _builder_version=&#8220;4.19.4&#8243; _module_preset=&#8220;default&#8220; custom_padding=&#8220;0px||0px||false|false&#8220; global_colors_info=&#8220;{}&#8220;][et_pb_row column_structure=&#8220;1_2,1_2&#8243; use_custom_gutter=&#8220;on&#8220; gutter_width=&#8220;1&#8243; make_equal=&#8220;on&#8220; _builder_version=&#8220;4.19.4&#8243; _module_preset=&#8220;default&#8220; width=&#8220;100%&#8220; max_width=&#8220;100%&#8220; custom_padding=&#8220;0px||0px||false|false&#8220; global_colors_info=&#8220;{}&#8220;][et_pb_column type=&#8220;1_2&#8243; _builder_version=&#8220;4.19.4&#8243; _module_preset=&#8220;default&#8220; background_image=&#8220;https:\/\/sentex.sn\/wp-content\/uploads\/2023\/01\/Arbeiter-in-Firma-Domitexka-in-Kaolack_3_GIZ-Hamet-Diop.webp&#8220; custom_padding=&#8220;||||false|false&#8220; global_colors_info=&#8220;{}&#8220;][et_pb_divider show_divider=&#8220;off&#8220; _builder_version=&#8220;4.19.4&#8243; _module_preset=&#8220;default&#8220; global_colors_info=&#8220;{}&#8220;][\/et_pb_divider][et_pb_divider show_divider=&#8220;off&#8220; _builder_version=&#8220;4.19.4&#8243; _module_preset=&#8220;default&#8220; min_height=&#8220;400px&#8220; min_height_tablet=&#8220;400px&#8220; min_height_phone=&#8220;200px&#8220; min_height_last_edited=&#8220;on|tablet&#8220; height_tablet=&#8220;&#8220; height_phone=&#8220;&#8220; height_last_edited=&#8220;on|tablet&#8220; global_colors_info=&#8220;{}&#8220;][\/et_pb_divider][\/et_pb_column][et_pb_column type=&#8220;1_2&#8243; _builder_version=&#8220;4.19.4&#8243; _module_preset=&#8220;default&#8220; background_color=&#8220;#F7EC4A&#8220; global_colors_info=&#8220;{}&#8220;][et_pb_text _builder_version=&#8220;4.20.0&#8243; _module_preset=&#8220;2a8182f9-8cae-4e10-9ba1-a37097387ea2&#8243; custom_padding=&#8220;100px|44%||7%|false|false&#8220; custom_padding_tablet=&#8220;50px|10%|50px|10%|true|true&#8220; custom_padding_phone=&#8220;50px|10%|50px|10%|true|true&#8220; custom_padding_last_edited=&#8220;on|tablet&#8220; global_colors_info=&#8220;{}&#8220;]<\/p>\n<h3>ZUSAMMENDENKEN, WAS ZUSAMMENGEH\u00d6RT<\/h3>\n<p>Eine textile Wertsch\u00f6pfungskette, die beim nachhaltigen Anbau der Baumwollpflanzen beginnt und beim fertigen Textil im Einzelhandel endet, braucht verschiedenste Akteure. Nicht nur Produzenten von biologischem Saatgut und D\u00fcngemitteln, Baumwollbauern und Hersteller hochwertiger Garne, Zwirne und textiler Fl\u00e4chen. Sondern auch Mechaniker, die sich um die Wartung der Maschinen k\u00fcmmern. Modestudenten und Textildesigner, die aus senegalesischen Stoffen traditionelle und doch moderne Kollektionen kreieren. Manager lokaler Handwerksbetriebe und Handelsunternehmen. Experten f\u00fcr Digitalisierung und R\u00fcckverfolgbarkeit, die mit ihrer Software bereits heute einen relevanten Teil der Wertsch\u00f6pfungskette detailliert abbilden k\u00f6nnen. Oder engagierte Multiplikatoren im In- und Ausland. Auch SENTEX hat es sich zur Aufgabe gemacht, sie alle ins Boot zu holen und die Crew stetig zu erweitern. F\u00fcr einen starken Senegal mit Vorbildfunktion und Strahlkraft weit \u00fcber die eigenen Grenzen hinaus.<\/p>\n<p>[\/et_pb_text][et_pb_button button_url=&#8220;@ET-DC@eyJkeW5hbWljIjp0cnVlLCJjb250ZW50IjoicG9zdF9saW5rX3VybF9wYWdlIiwic2V0dGluZ3MiOnsicG9zdF9pZCI6IjE2MyJ9fQ==@&#8220; button_text=&#8220;Mehr \u00fcber die Wertsch\u00f6pfungskette&#8220; _builder_version=&#8220;4.19.4&#8243; _dynamic_attributes=&#8220;button_url&#8220; _module_preset=&#8220;62b44166-62d1-4f5e-8de1-50396d5d2355&#8243; custom_margin=&#8220;25px||100px|7%|false|false&#8220; custom_margin_tablet=&#8220;25px||100px|7%|false|false&#8220; custom_margin_phone=&#8220;25px|10%|100px|10%|false|true&#8220; custom_margin_last_edited=&#8220;on|desktop&#8220; custom_padding_tablet=&#8220;&#8220; custom_padding_phone=&#8220;|10%||10%|false|false&#8220; custom_padding_last_edited=&#8220;on|phone&#8220; global_colors_info=&#8220;{}&#8220;][\/et_pb_button][\/et_pb_column][\/et_pb_row][\/et_pb_section][et_pb_section fb_built=&#8220;1&#8243; _builder_version=&#8220;4.19.4&#8243; _module_preset=&#8220;default&#8220; custom_padding=&#8220;0px||0px||false|false&#8220; global_colors_info=&#8220;{}&#8220;][et_pb_row _builder_version=&#8220;4.19.4&#8243; _module_preset=&#8220;default&#8220; background_color=&#8220;#303A7A&#8220; width=&#8220;100%&#8220; max_width=&#8220;100%&#8220; height=&#8220;30px&#8220; custom_padding=&#8220;0px||0px||false|false&#8220; global_colors_info=&#8220;{}&#8220;][et_pb_column type=&#8220;4_4&#8243; _builder_version=&#8220;4.19.4&#8243; _module_preset=&#8220;default&#8220; global_colors_info=&#8220;{}&#8220;][et_pb_divider show_divider=&#8220;off&#8220; _builder_version=&#8220;4.19.4&#8243; _module_preset=&#8220;default&#8220; global_colors_info=&#8220;{}&#8220;][\/et_pb_divider][\/et_pb_column][\/et_pb_row][\/et_pb_section][et_pb_section fb_built=&#8220;1&#8243; _builder_version=&#8220;4.19.4&#8243; _module_preset=&#8220;default&#8220; background_image=&#8220;https:\/\/sentex.sn\/wp-content\/uploads\/2023\/01\/845-22-Dakahr_023\u00a9AttilaHenning_0056.webp&#8220; global_colors_info=&#8220;{}&#8220;][et_pb_row _builder_version=&#8220;4.19.4&#8243; _module_preset=&#8220;default&#8220; background_color=&#8220;rgba(255,255,255,0.85)&#8220; width=&#8220;60%&#8220; max_width=&#8220;900px&#8220; custom_margin=&#8220;100px||100px||true|false&#8220; custom_padding=&#8220;||||false|false&#8220; global_colors_info=&#8220;{}&#8220;][et_pb_column type=&#8220;4_4&#8243; _builder_version=&#8220;4.19.4&#8243; _module_preset=&#8220;default&#8220; global_colors_info=&#8220;{}&#8220;][et_pb_text _builder_version=&#8220;4.19.4&#8243; _module_preset=&#8220;2a8182f9-8cae-4e10-9ba1-a37097387ea2&#8243; header_3_font=&#8220;|||on|||||&#8220; custom_margin=&#8220;50px|20%||20%|false|true&#8220; custom_padding=&#8220;||||false|true&#8220; global_colors_info=&#8220;{}&#8220;]<\/p>\n<h3>Menschen, Erbe und Kultur<\/h3>\n<p>[\/et_pb_text][et_pb_button button_url=&#8220;@ET-DC@eyJkeW5hbWljIjp0cnVlLCJjb250ZW50IjoicG9zdF9saW5rX3VybF9wYWdlIiwic2V0dGluZ3MiOnsicG9zdF9pZCI6IjEzNiJ9fQ==@&#8220; button_text=&#8220; Mehr \u00fcber Senegal&#8220; _builder_version=&#8220;4.19.4&#8243; _dynamic_attributes=&#8220;button_url&#8220; _module_preset=&#8220;62b44166-62d1-4f5e-8de1-50396d5d2355&#8243; custom_margin=&#8220;25px|20%|50px|20%|false|false&#8220; custom_padding=&#8220;||||false|true&#8220; global_colors_info=&#8220;{}&#8220;][\/et_pb_button][\/et_pb_column][\/et_pb_row][\/et_pb_section]<\/p>\n","protected":false},"excerpt":{"rendered":"<p>\u201eDie Wertsch\u00f6pfungskette f\u00fcr ein Land von Anfang bis Ende aufzubauen, digital abzubilden um vielf\u00e4ltige M\u00f6glichkeiten zu Transparenz und Weiterentwicklung zu schaffen, national wie international, ist revolution\u00e4r und hier im Senegal fast schon Realit\u00e4t.\u201c SENTEX SENTEXNACHHALTIGE UND NACHVERFOLGBARE BAUMWOLLE UND TEXTILIEN ZU 100% MADE IN SENEGALINTAKTER WIRTSCHAFTSKREISLAUF Senegal ist bekannt f\u00fcr seine Baumwolle, die Pflanze ist [&hellip;]<\/p>\n","protected":false},"author":3,"featured_media":0,"parent":0,"menu_order":0,"comment_status":"closed","ping_status":"closed","template":"","meta":{"_et_pb_use_builder":"on","_et_pb_old_content":"","_et_gb_content_width":"","footnotes":""},"class_list":["post-761","page","type-page","status-publish","hentry"],"_links":{"self":[{"href":"https:\/\/sentex.sn\/de\/wp-json\/wp\/v2\/pages\/761","targetHints":{"allow":["GET"]}}],"collection":[{"href":"https:\/\/sentex.sn\/de\/wp-json\/wp\/v2\/pages"}],"about":[{"href":"https:\/\/sentex.sn\/de\/wp-json\/wp\/v2\/types\/page"}],"author":[{"embeddable":true,"href":"https:\/\/sentex.sn\/de\/wp-json\/wp\/v2\/users\/3"}],"replies":[{"embeddable":true,"href":"https:\/\/sentex.sn\/de\/wp-json\/wp\/v2\/comments?post=761"}],"version-history":[{"count":9,"href":"https:\/\/sentex.sn\/de\/wp-json\/wp\/v2\/pages\/761\/revisions"}],"predecessor-version":[{"id":1399,"href":"https:\/\/sentex.sn\/de\/wp-json\/wp\/v2\/pages\/761\/revisions\/1399"}],"wp:attachment":[{"href":"https:\/\/sentex.sn\/de\/wp-json\/wp\/v2\/media?parent=761"}],"curies":[{"name":"wp","href":"https:\/\/api.w.org\/{rel}","templated":true}]}}