{"id":747,"date":"2023-02-13T12:00:38","date_gmt":"2023-02-13T12:00:38","guid":{"rendered":"https:\/\/sentex.sn\/wertschoepfungskette\/"},"modified":"2023-05-23T13:16:51","modified_gmt":"2023-05-23T13:16:51","slug":"wertschoepfungskette","status":"publish","type":"page","link":"https:\/\/sentex.sn\/de\/wertschoepfungskette\/","title":{"rendered":"WERTSCH\u00d6PFUNGSKETTE"},"content":{"rendered":"<p>[et_pb_section fb_built=&#8220;1&#8243; _builder_version=&#8220;4.19.4&#8243; _module_preset=&#8220;default&#8220; background_image=&#8220;https:\/\/sentex.sn\/wp-content\/uploads\/2023\/01\/SENTEX_hand-cotton_\u00a9AttilaHenning_9808.webp&#8220; height=&#8220;600px&#8220; global_colors_info=&#8220;{}&#8220;][et_pb_row _builder_version=&#8220;4.19.4&#8243; _module_preset=&#8220;default&#8220; global_colors_info=&#8220;{}&#8220;][et_pb_column type=&#8220;4_4&#8243; _builder_version=&#8220;4.19.4&#8243; _module_preset=&#8220;default&#8220; global_colors_info=&#8220;{}&#8220;][\/et_pb_column][\/et_pb_row][\/et_pb_section][et_pb_section fb_built=&#8220;1&#8243; _builder_version=&#8220;4.19.4&#8243; _module_preset=&#8220;default&#8220; global_colors_info=&#8220;{}&#8220;][et_pb_row _builder_version=&#8220;4.19.4&#8243; _module_preset=&#8220;default&#8220; global_colors_info=&#8220;{}&#8220;][et_pb_column type=&#8220;4_4&#8243; _builder_version=&#8220;4.19.4&#8243; _module_preset=&#8220;default&#8220; global_colors_info=&#8220;{}&#8220;][et_pb_text _builder_version=&#8220;4.21.0&#8243; _module_preset=&#8220;2a8182f9-8cae-4e10-9ba1-a37097387ea2&#8243; global_colors_info=&#8220;{}&#8220;]<\/p>\n<h1>WERTSCH\u00d6PFUNGSKETTE \u2013 GEMEINSAM NACHHALTIGE WERTE SCHAFFEN.<\/h1>\n<p>[\/et_pb_text][\/et_pb_column][\/et_pb_row][et_pb_row _builder_version=&#8220;4.19.4&#8243; _module_preset=&#8220;default&#8220; global_colors_info=&#8220;{}&#8220;][et_pb_column type=&#8220;4_4&#8243; _builder_version=&#8220;4.19.4&#8243; _module_preset=&#8220;default&#8220; global_colors_info=&#8220;{}&#8220;][et_pb_text _builder_version=&#8220;4.20.0&#8243; _module_preset=&#8220;2a8182f9-8cae-4e10-9ba1-a37097387ea2&#8243; global_colors_info=&#8220;{}&#8220;]<\/p>\n<p>Durch die Zusammenarbeit staatlicher und nichtstaatlicher, nationaler und internationaler Partner, sind wir in der Lage, den senegalesischen Textilsektor nachhaltig zu sanieren und den vertikalen Produktionsansatz im Land zu reaktivieren. Unsere Wertsch\u00f6pfungskette beinhaltet nicht nur Verarbeitung, Konfektionierung und Vertrieb, sondern beispielsweise auch die Verwendung unseres eigenen zertifizierten organischen D\u00fcngers aus unserer eigenen Kompostierung.<\/p>\n<p>Dies alles geschieht auch aus der \u00dcberzeugung heraus, dass wir den \u00dcbergang zu einer klimagerechten Wirtschafts- und Lebensweise nur gemeinsam gestalten k\u00f6nnen. Schulter an Schulter. Hand in Hand.<\/p>\n<p>[\/et_pb_text][\/et_pb_column][\/et_pb_row][\/et_pb_section][et_pb_section fb_built=&#8220;1&#8243; _builder_version=&#8220;4.19.4&#8243; _module_preset=&#8220;default&#8220; background_color=&#8220;rgba(255,255,255,0.7)&#8220; background_image=&#8220;https:\/\/sentex.sn\/wp-content\/uploads\/2023\/01\/SENTEX_Cotton_Sodefitex\u00a9AttilaHenning_4438.webp&#8220; background_blend=&#8220;overlay&#8220; global_colors_info=&#8220;{}&#8220;][et_pb_row column_structure=&#8220;1_4,1_4,1_4,1_4&#8243; use_custom_gutter=&#8220;on&#8220; gutter_width=&#8220;1&#8243; disabled_on=&#8220;on|off|off&#8220; _builder_version=&#8220;4.19.4&#8243; _module_preset=&#8220;default&#8220; custom_margin=&#8220;50px||50px||true|false&#8220; global_colors_info=&#8220;{}&#8220;][et_pb_column type=&#8220;1_4&#8243; _builder_version=&#8220;4.19.4&#8243; _module_preset=&#8220;default&#8220; global_colors_info=&#8220;{}&#8220;][et_pb_image src=&#8220;https:\/\/sentex.sn\/wp-content\/uploads\/2023\/02\/SENTEX_Icon_value-chain-farming_line.png&#8220; alt=&#8220;protective hands seedling&#8220; title_text=&#8220;SENTEX_Icon_wertschoepfungskette-anbau&#8220; align=&#8220;right&#8220; _builder_version=&#8220;4.19.4&#8243; _module_preset=&#8220;default&#8220; custom_margin=&#8220;||50px||false|false&#8220; global_colors_info=&#8220;{}&#8220;][\/et_pb_image][et_pb_text _builder_version=&#8220;4.21.0&#8243; _module_preset=&#8220;2a8182f9-8cae-4e10-9ba1-a37097387ea2&#8243; custom_margin=&#8220;|10%||10%|false|true&#8220; global_colors_info=&#8220;{}&#8220;]<\/p>\n<h3>FARMING<\/h3>\n<p>&#8211; Kompostierung<br \/>&#8211; zertifizierte organische D\u00fcnger<br \/>&#8211; konventionelle Baumwolle<br \/>&#8211; organische Baumwolle<br \/>&#8211; Fairtraide Baumwolle<\/p>\n<p>[\/et_pb_text][\/et_pb_column][et_pb_column type=&#8220;1_4&#8243; _builder_version=&#8220;4.19.4&#8243; _module_preset=&#8220;default&#8220; global_colors_info=&#8220;{}&#8220;][et_pb_image src=&#8220;https:\/\/sentex.sn\/wp-content\/uploads\/2023\/02\/SENTEX_Icon_value-chain-processing_line.png&#8220; alt=&#8220;Baumwolle&#8220; title_text=&#8220;SENTEX_Icon_value chain-processing_line&#8220; align=&#8220;center&#8220; _builder_version=&#8220;4.19.4&#8243; _module_preset=&#8220;default&#8220; custom_margin=&#8220;||50px||false|false&#8220; global_colors_info=&#8220;{}&#8220;][\/et_pb_image][et_pb_text _builder_version=&#8220;4.21.0&#8243; _module_preset=&#8220;2a8182f9-8cae-4e10-9ba1-a37097387ea2&#8243; width=&#8220;100%&#8220; custom_margin=&#8220;|10%||10%|false|true&#8220; global_colors_info=&#8220;{}&#8220;]<\/p>\n<h3>VERARBEITUNG<\/h3>\n<p>&#8211; Entk\u00f6rnung<br \/>&#8211; Spinnen<br \/>&#8211; Weben und Stricken<br \/>&#8211; F\u00e4rben<br \/>&#8211; Bedrucken<\/p>\n<p>[\/et_pb_text][\/et_pb_column][et_pb_column type=&#8220;1_4&#8243; _builder_version=&#8220;4.19.4&#8243; _module_preset=&#8220;default&#8220; global_colors_info=&#8220;{}&#8220;][et_pb_image src=&#8220;https:\/\/sentex.sn\/wp-content\/uploads\/2023\/02\/SENTEX_Icon_value-chain-confection_line.png&#8220; title_text=&#8220;SENTEX_Icon_value chain-confection_line&#8220; align=&#8220;center&#8220; _builder_version=&#8220;4.19.4&#8243; _module_preset=&#8220;default&#8220; custom_margin=&#8220;||50px||false|false&#8220; global_colors_info=&#8220;{}&#8220;][\/et_pb_image][et_pb_text _builder_version=&#8220;4.21.0&#8243; _module_preset=&#8220;2a8182f9-8cae-4e10-9ba1-a37097387ea2&#8243; custom_margin=&#8220;|10%||10%|false|true&#8220; global_colors_info=&#8220;{}&#8220;]<\/p>\n<h3>KONFEKTIONIERUNG<\/h3>\n<p>&#8211; Mode<br \/>&#8211; Heimtextilien<\/p>\n<p>[\/et_pb_text][\/et_pb_column][et_pb_column type=&#8220;1_4&#8243; _builder_version=&#8220;4.19.4&#8243; _module_preset=&#8220;default&#8220; global_colors_info=&#8220;{}&#8220;][et_pb_image src=&#8220;https:\/\/sentex.sn\/wp-content\/uploads\/2023\/02\/SENTEX_Icon_value-chain-market_line.png&#8220; title_text=&#8220;SENTEX_Icon_value chain-market_line&#8220; _builder_version=&#8220;4.19.4&#8243; _module_preset=&#8220;default&#8220; custom_margin=&#8220;||50px||false|false&#8220; global_colors_info=&#8220;{}&#8220;][\/et_pb_image][et_pb_text _builder_version=&#8220;4.21.0&#8243; _module_preset=&#8220;2a8182f9-8cae-4e10-9ba1-a37097387ea2&#8243; custom_margin=&#8220;|10%||10%|false|false&#8220; global_colors_info=&#8220;{}&#8220;]<\/p>\n<h3>MARKT<\/h3>\n<p>&#8211; regional<br \/>&#8211; national<br \/>&#8211; international<\/p>\n<p>[\/et_pb_text][\/et_pb_column][\/et_pb_row][et_pb_row column_structure=&#8220;1_4,1_4,1_4,1_4&#8243; use_custom_gutter=&#8220;on&#8220; gutter_width=&#8220;1&#8243; disabled_on=&#8220;off|on|on&#8220; _builder_version=&#8220;4.21.0&#8243; _module_preset=&#8220;default&#8220; custom_margin=&#8220;50px||50px||true|false&#8220; global_colors_info=&#8220;{}&#8220;][et_pb_column type=&#8220;1_4&#8243; _builder_version=&#8220;4.19.4&#8243; _module_preset=&#8220;default&#8220; global_colors_info=&#8220;{}&#8220;][et_pb_image src=&#8220;https:\/\/sentex.sn\/wp-content\/uploads\/2023\/02\/SENTEX_Icon_value-chain-farming_line-mobile.png&#8220; alt=&#8220;protective hands seedling&#8220; title_text=&#8220;SENTEX_Icon_value chain-farming_line mobile&#8220; align=&#8220;center&#8220; _builder_version=&#8220;4.19.4&#8243; _module_preset=&#8220;default&#8220; max_width=&#8220;50%&#8220; module_alignment=&#8220;center&#8220; global_colors_info=&#8220;{}&#8220;][\/et_pb_image][et_pb_text _builder_version=&#8220;4.21.0&#8243; _module_preset=&#8220;2a8182f9-8cae-4e10-9ba1-a37097387ea2&#8243; custom_margin=&#8220;|10%||10%|false|true&#8220; global_colors_info=&#8220;{}&#8220;]<\/p>\n<h3>FARMING<\/h3>\n<p>&#8211; Kompostierung<br \/>&#8211; zertifizierte organische D\u00fcnger<br \/>&#8211; konventionelle Baumwolle<br \/>&#8211; organische Baumwolle<br \/>&#8211; Fairtraide Baumwolle<\/p>\n<p>[\/et_pb_text][\/et_pb_column][et_pb_column type=&#8220;1_4&#8243; _builder_version=&#8220;4.19.4&#8243; _module_preset=&#8220;default&#8220; global_colors_info=&#8220;{}&#8220;][et_pb_image src=&#8220;https:\/\/sentex.sn\/wp-content\/uploads\/2023\/02\/SENTEX_Icon_value-chain-processing_line-mobile.png&#8220; alt=&#8220;Baumwolle&#8220; title_text=&#8220;SENTEX_Icon_value chain-processing_line mobile&#8220; align=&#8220;center&#8220; _builder_version=&#8220;4.19.4&#8243; _module_preset=&#8220;default&#8220; max_width=&#8220;50%&#8220; global_colors_info=&#8220;{}&#8220;][\/et_pb_image][et_pb_text _builder_version=&#8220;4.21.0&#8243; _module_preset=&#8220;2a8182f9-8cae-4e10-9ba1-a37097387ea2&#8243; width=&#8220;100%&#8220; custom_margin=&#8220;|10%||10%|false|true&#8220; global_colors_info=&#8220;{}&#8220;]<\/p>\n<h3>VERARBEITUNG<\/h3>\n<p>&#8211; Entk\u00f6rnung<br \/>&#8211; Spinnen<br \/>&#8211; Weben und Stricken<br \/>&#8211; F\u00e4rben<br \/>&#8211; Bedrucken<\/p>\n<p>[\/et_pb_text][\/et_pb_column][et_pb_column type=&#8220;1_4&#8243; _builder_version=&#8220;4.19.4&#8243; _module_preset=&#8220;default&#8220; global_colors_info=&#8220;{}&#8220;][et_pb_image src=&#8220;https:\/\/sentex.sn\/wp-content\/uploads\/2023\/02\/SENTEX_Icon_value-chain-confection_line-mobile.png&#8220; title_text=&#8220;SENTEX_Icon_value chain-confection_line mobile&#8220; align=&#8220;center&#8220; _builder_version=&#8220;4.19.4&#8243; _module_preset=&#8220;default&#8220; max_width=&#8220;50%&#8220; global_colors_info=&#8220;{}&#8220;][\/et_pb_image][et_pb_text _builder_version=&#8220;4.21.0&#8243; _module_preset=&#8220;2a8182f9-8cae-4e10-9ba1-a37097387ea2&#8243; custom_margin=&#8220;|10%||10%|false|true&#8220; global_colors_info=&#8220;{}&#8220;]<\/p>\n<h3>KONFEKTIONIERUNG<\/h3>\n<p>&#8211; Mode<br \/>&#8211; Heimtextilien<\/p>\n<p>[\/et_pb_text][\/et_pb_column][et_pb_column type=&#8220;1_4&#8243; _builder_version=&#8220;4.19.4&#8243; _module_preset=&#8220;default&#8220; global_colors_info=&#8220;{}&#8220;][et_pb_image src=&#8220;https:\/\/sentex.sn\/wp-content\/uploads\/2023\/02\/SENTEX_Icon_value-chain-market_line-mobile.png&#8220; title_text=&#8220;SENTEX_Icon_value chain-market_line mobile&#8220; align=&#8220;center&#8220; _builder_version=&#8220;4.19.4&#8243; _module_preset=&#8220;default&#8220; max_width=&#8220;50%&#8220; global_colors_info=&#8220;{}&#8220;][\/et_pb_image][et_pb_text _builder_version=&#8220;4.21.0&#8243; _module_preset=&#8220;2a8182f9-8cae-4e10-9ba1-a37097387ea2&#8243; custom_margin=&#8220;|10%||10%|false|true&#8220; global_colors_info=&#8220;{}&#8220;]<\/p>\n<h3>MARKT<\/h3>\n<p>&#8211; regional<br \/>&#8211; national<br \/>&#8211; international<\/p>\n<p>[\/et_pb_text][\/et_pb_column][\/et_pb_row][\/et_pb_section][et_pb_section fb_built=&#8220;1&#8243; _builder_version=&#8220;4.19.4&#8243; _module_preset=&#8220;default&#8220; global_colors_info=&#8220;{}&#8220;][et_pb_row _builder_version=&#8220;4.19.4&#8243; _module_preset=&#8220;default&#8220; max_width=&#8220;900px&#8220; global_colors_info=&#8220;{}&#8220;][et_pb_column type=&#8220;4_4&#8243; _builder_version=&#8220;4.19.4&#8243; _module_preset=&#8220;default&#8220; global_colors_info=&#8220;{}&#8220;][et_pb_text _builder_version=&#8220;4.19.4&#8243; _module_preset=&#8220;2a8182f9-8cae-4e10-9ba1-a37097387ea2&#8243; global_colors_info=&#8220;{}&#8220;]<\/p>\n<h3 style=\"text-align: center;\">BESSERE UMWELT- UND NACHHALTIGKEITSSTANDARDS, GEW\u00c4HRLEISTUNG DER PRODUKTIONSSTABILIT\u00c4T, INVESTITIONEN IN DIE N\u00c4CHSTE GENERATION.<\/h3>\n<p>[\/et_pb_text][\/et_pb_column][\/et_pb_row][\/et_pb_section][et_pb_section fb_built=&#8220;1&#8243; _builder_version=&#8220;4.19.4&#8243; _module_preset=&#8220;default&#8220; global_colors_info=&#8220;{}&#8220;][et_pb_row custom_padding_last_edited=&#8220;on|tablet&#8220; _builder_version=&#8220;4.19.4&#8243; _module_preset=&#8220;default&#8220; background_color=&#8220;#F7EC4A&#8220; background_image=&#8220;https:\/\/sentex.sn\/wp-content\/uploads\/2023\/01\/SENTEX_digitalization_binary-code.png&#8220; background_position=&#8220;center_right&#8220; max_width=&#8220;1480px&#8220; custom_margin=&#8220;||||false|true&#8220; custom_padding=&#8220;65px|100px|65px|100px|true|true&#8220; custom_padding_tablet=&#8220;|60px||60px|true|true&#8220; custom_padding_phone=&#8220;|50px||50px|true|true&#8220; global_colors_info=&#8220;{}&#8220;][et_pb_column type=&#8220;4_4&#8243; _builder_version=&#8220;4.19.4&#8243; _module_preset=&#8220;default&#8220; global_colors_info=&#8220;{}&#8220;][et_pb_text _builder_version=&#8220;4.20.0&#8243; _module_preset=&#8220;2a8182f9-8cae-4e10-9ba1-a37097387ea2&#8243; custom_margin_tablet=&#8220;&#8220; custom_margin_phone=&#8220;&#8220; custom_margin_last_edited=&#8220;on|desktop&#8220; global_colors_info=&#8220;{}&#8220;]<\/p>\n<h3>VON DER FASER BIS ZUM LADEN<\/h3>\n<p>\u00dcber alle Stationen hinweg entstehen Hunderte neuer Aus-, Fortbildungs- und letztendlich Arbeitspl\u00e4tze. Auch in den Bereichen Digitalisierung und Echtzeit\u00fcberwachung. Der Senegal verf\u00fcgt hier bereits \u00fcber ein Knowhow, das sich andere L\u00e4nder erst erschlie\u00dfen m\u00fcssen.<\/p>\n<p>[\/et_pb_text][et_pb_button button_url=&#8220;@ET-DC@eyJkeW5hbWljIjp0cnVlLCJjb250ZW50IjoicG9zdF9saW5rX3VybF9wYWdlIiwic2V0dGluZ3MiOnsicG9zdF9pZCI6IjE4MSJ9fQ==@&#8220; button_text=&#8220;Digitalisierung&#8220; _builder_version=&#8220;4.19.4&#8243; _dynamic_attributes=&#8220;button_url&#8220; _module_preset=&#8220;62b44166-62d1-4f5e-8de1-50396d5d2355&#8243; global_colors_info=&#8220;{}&#8220;][\/et_pb_button][\/et_pb_column][\/et_pb_row][\/et_pb_section][et_pb_section fb_built=&#8220;1&#8243; disabled_on=&#8220;on|on|on&#8220; _builder_version=&#8220;4.21.0&#8243; _module_preset=&#8220;default&#8220; disabled=&#8220;on&#8220; global_colors_info=&#8220;{}&#8220;][et_pb_row column_structure=&#8220;1_2,1_2&#8243; _builder_version=&#8220;4.19.4&#8243; _module_preset=&#8220;default&#8220; global_colors_info=&#8220;{}&#8220;][et_pb_column type=&#8220;1_2&#8243; _builder_version=&#8220;4.19.4&#8243; _module_preset=&#8220;default&#8220; global_colors_info=&#8220;{}&#8220;][et_pb_image src=&#8220;https:\/\/sentex.sn\/wp-content\/uploads\/2023\/01\/SENTEX_ddh-trainings_\u00a9AttilaHenning_9549.webp&#8220; alt=&#8220;SENTEX Dakar Design Hub DDH trainings&#8220; title_text=&#8220;SENTEX_ddh trainings_\u00a9AttilaHenning_9549&#8243; _builder_version=&#8220;4.19.4&#8243; _module_preset=&#8220;default&#8220; global_colors_info=&#8220;{}&#8220;][\/et_pb_image][\/et_pb_column][et_pb_column type=&#8220;1_2&#8243; _builder_version=&#8220;4.19.4&#8243; _module_preset=&#8220;default&#8220; global_colors_info=&#8220;{}&#8220;][et_pb_text _builder_version=&#8220;4.19.4&#8243; _module_preset=&#8220;2a8182f9-8cae-4e10-9ba1-a37097387ea2&#8243; global_colors_info=&#8220;{}&#8220;]<\/p>\n<h3>AUSBILDUNGEN<\/h3>\n<p>Lorem ipsum dolor sit amet, consectetur adipiscing elit, sed do eiusmod tempor incididunt ut labore et dolore magna aliqua. Quis ipsum suspendisse ultrices gravida. Risus commodo viverra maecenas accumsan lacus vel facilisis. Lorem ipsum dolor sit amet, consectetur adipiscing elit, sed do eiusmod tempor incididunt ut labore et dolore magna aliqua. Quis ipsum suspendisse ultrices gravida. Risus commodo viverra maecenas accumsan lacus vel facilisis.<\/p>\n<p>[\/et_pb_text][\/et_pb_column][\/et_pb_row][et_pb_row _builder_version=&#8220;4.19.4&#8243; _module_preset=&#8220;default&#8220; global_colors_info=&#8220;{}&#8220;][et_pb_column type=&#8220;4_4&#8243; _builder_version=&#8220;4.19.4&#8243; _module_preset=&#8220;default&#8220; global_colors_info=&#8220;{}&#8220;][et_pb_button button_text=&#8220;mehr&#8220; button_alignment=&#8220;center&#8220; _builder_version=&#8220;4.19.4&#8243; _module_preset=&#8220;62b44166-62d1-4f5e-8de1-50396d5d2355&#8243; global_colors_info=&#8220;{}&#8220;][\/et_pb_button][\/et_pb_column][\/et_pb_row][\/et_pb_section][et_pb_section fb_built=&#8220;1&#8243; _builder_version=&#8220;4.19.4&#8243; _module_preset=&#8220;default&#8220; background_color=&#8220;#303A7A&#8220; height=&#8220;30px&#8220; custom_padding=&#8220;0px||0px||false|false&#8220; global_colors_info=&#8220;{}&#8220;][\/et_pb_section][et_pb_section fb_built=&#8220;1&#8243; _builder_version=&#8220;4.21.0&#8243; _module_preset=&#8220;default&#8220; background_image=&#8220;https:\/\/sentex.sn\/wp-content\/uploads\/2023\/05\/SENTEX_Collage_follow-the-stories-I.webp&#8220; min_height=&#8220;800px&#8220; hover_enabled=&#8220;0&#8243; locked=&#8220;off&#8220; global_colors_info=&#8220;{}&#8220; title_text=&#8220;SENTEX_Collage_follow the stories I&#8220; background_position=&#8220;center_left&#8220; sticky_enabled=&#8220;0&#8243;][et_pb_row _builder_version=&#8220;4.19.4&#8243; _module_preset=&#8220;default&#8220; background_color=&#8220;rgba(255,255,255,0.85)&#8220; custom_margin=&#8220;220px||||false|false&#8220; custom_padding=&#8220;85px|5%|85px|5%|true|true&#8220; global_colors_info=&#8220;{}&#8220; height__hover_enabled=&#8220;off|desktop&#8220;][et_pb_column type=&#8220;4_4&#8243; _builder_version=&#8220;4.19.4&#8243; _module_preset=&#8220;default&#8220; global_colors_info=&#8220;{}&#8220;][et_pb_text _builder_version=&#8220;4.19.4&#8243; _module_preset=&#8220;2a8182f9-8cae-4e10-9ba1-a37097387ea2&#8243; custom_margin_tablet=&#8220;&#8220; custom_margin_phone=&#8220;|10%||10%|false|false&#8220; custom_margin_last_edited=&#8220;on|phone&#8220; global_colors_info=&#8220;{}&#8220;]<\/p>\n<h2>Menschen und Unternehmen, die unsere Vision beleben.<\/h2>\n<p>[\/et_pb_text][et_pb_button button_url=&#8220;@ET-DC@eyJkeW5hbWljIjp0cnVlLCJjb250ZW50IjoicG9zdF9saW5rX3VybF9wYWdlIiwic2V0dGluZ3MiOnsicG9zdF9pZCI6IjE4OSJ9fQ==@&#8220; button_text=&#8220;zu deren Geschichten&#8220; _builder_version=&#8220;4.19.4&#8243; _dynamic_attributes=&#8220;button_url&#8220; _module_preset=&#8220;62b44166-62d1-4f5e-8de1-50396d5d2355&#8243; custom_margin_tablet=&#8220;&#8220; custom_margin_phone=&#8220;25px|10%||10%|false|false&#8220; custom_margin_last_edited=&#8220;on|phone&#8220; global_colors_info=&#8220;{}&#8220;][\/et_pb_button][\/et_pb_column][\/et_pb_row][\/et_pb_section]<\/p>\n","protected":false},"excerpt":{"rendered":"<p>WERTSCH\u00d6PFUNGSKETTE \u2013 GEMEINSAM NACHHALTIGE WERTE SCHAFFEN.Durch die Zusammenarbeit staatlicher und nichtstaatlicher, nationaler und internationaler Partner, sind wir in der Lage, den senegalesischen Textilsektor nachhaltig zu sanieren und den vertikalen Produktionsansatz im Land zu reaktivieren. Unsere Wertsch\u00f6pfungskette beinhaltet nicht nur Verarbeitung, Konfektionierung und Vertrieb, sondern beispielsweise auch die Verwendung unseres eigenen zertifizierten organischen D\u00fcngers aus unserer [&hellip;]<\/p>\n","protected":false},"author":3,"featured_media":0,"parent":0,"menu_order":0,"comment_status":"closed","ping_status":"closed","template":"","meta":{"_et_pb_use_builder":"on","_et_pb_old_content":"","_et_gb_content_width":"","footnotes":""},"class_list":["post-747","page","type-page","status-publish","hentry"],"_links":{"self":[{"href":"https:\/\/sentex.sn\/de\/wp-json\/wp\/v2\/pages\/747","targetHints":{"allow":["GET"]}}],"collection":[{"href":"https:\/\/sentex.sn\/de\/wp-json\/wp\/v2\/pages"}],"about":[{"href":"https:\/\/sentex.sn\/de\/wp-json\/wp\/v2\/types\/page"}],"author":[{"embeddable":true,"href":"https:\/\/sentex.sn\/de\/wp-json\/wp\/v2\/users\/3"}],"replies":[{"embeddable":true,"href":"https:\/\/sentex.sn\/de\/wp-json\/wp\/v2\/comments?post=747"}],"version-history":[{"count":10,"href":"https:\/\/sentex.sn\/de\/wp-json\/wp\/v2\/pages\/747\/revisions"}],"predecessor-version":[{"id":918,"href":"https:\/\/sentex.sn\/de\/wp-json\/wp\/v2\/pages\/747\/revisions\/918"}],"wp:attachment":[{"href":"https:\/\/sentex.sn\/de\/wp-json\/wp\/v2\/media?parent=747"}],"curies":[{"name":"wp","href":"https:\/\/api.w.org\/{rel}","templated":true}]}}