{"id":730,"date":"2023-02-02T11:13:04","date_gmt":"2023-02-02T11:13:04","guid":{"rendered":"https:\/\/sentex.sn\/senegal\/"},"modified":"2023-05-23T10:40:43","modified_gmt":"2023-05-23T10:40:43","slug":"senegal","status":"publish","type":"page","link":"https:\/\/sentex.sn\/de\/senegal\/","title":{"rendered":"Senegal"},"content":{"rendered":"<p>[et_pb_section fb_built=&#8220;1&#8243; _builder_version=&#8220;4.19.4&#8243; _module_preset=&#8220;default&#8220; background_image=&#8220;https:\/\/sentex.sn\/wp-content\/uploads\/2023\/02\/845-22-Senegal-Street-053\u00a9AttilaHenning_2to1.webp&#8220; height=&#8220;600px&#8220; custom_padding=&#8220;0px||0px||false|false&#8220; global_colors_info=&#8220;{}&#8220;][et_pb_row _builder_version=&#8220;4.19.4&#8243; _module_preset=&#8220;default&#8220; custom_padding=&#8220;0px||0px||false|false&#8220; global_colors_info=&#8220;{}&#8220;][et_pb_column type=&#8220;4_4&#8243; _builder_version=&#8220;4.19.4&#8243; _module_preset=&#8220;default&#8220; global_colors_info=&#8220;{}&#8220;][\/et_pb_column][\/et_pb_row][\/et_pb_section][et_pb_section fb_built=&#8220;1&#8243; _builder_version=&#8220;4.19.4&#8243; _module_preset=&#8220;default&#8220; background_color=&#8220;RGBA(255,255,255,0)&#8220; background_enable_image=&#8220;off&#8220; background_blend=&#8220;overlay&#8220; custom_padding=&#8220;0px||0px||false|false&#8220; global_colors_info=&#8220;{}&#8220;][et_pb_row column_structure=&#8220;1_3,1_3,1_3&#8243; use_custom_gutter=&#8220;on&#8220; gutter_width=&#8220;1&#8243; make_equal=&#8220;on&#8220; _builder_version=&#8220;4.19.4&#8243; _module_preset=&#8220;default&#8220; width=&#8220;100%&#8220; max_width=&#8220;100%&#8220; custom_padding=&#8220;0px||0px||false|false&#8220; global_colors_info=&#8220;{}&#8220;][et_pb_column type=&#8220;1_3&#8243; _builder_version=&#8220;4.19.4&#8243; _module_preset=&#8220;default&#8220; background_color=&#8220;#379B62&#8243; global_colors_info=&#8220;{}&#8220;][et_pb_text _builder_version=&#8220;4.20.0&#8243; _module_preset=&#8220;2a8182f9-8cae-4e10-9ba1-a37097387ea2&#8243; text_text_color=&#8220;#FFFFFF&#8220; header_3_text_color=&#8220;#FFFFFF&#8220; custom_margin=&#8220;60px|15%|60px|15%|false|true&#8220; custom_margin_tablet=&#8220;50px||50px|5%|true|false&#8220; custom_margin_phone=&#8220;50px|10%|50px|10%|true|false&#8220; custom_margin_last_edited=&#8220;on|desktop&#8220; global_colors_info=&#8220;{}&#8220;]<\/p>\n<h3>SENEGAL<\/h3>\n<p>ZAHLEN, DATEN, FAKTEN<\/p>\n<p>Senegal, offiziell die Republik Senegal, ist ein Land in Westafrika, das direkt an der Atlantikk\u00fcste liegt hat eine Gesamtfl\u00e4che von 196.712 Quadratkilometern, auf der eine Bev\u00f6lkerung von sch\u00e4tzungsweise 17 Millionen Senegalese (2021) lebt. Das Land grenzt im Norden an Mauretanien, im Osten an Mali, im S\u00fcdosten an Guinea und im S\u00fcdwesten an Guinea-Bissau. Senegal umgibt fast ganz Gambia, das einen schmalen Landstreifen entlang des Gambia-Flusses einnimmt und somit Senegals s\u00fcdliche Region Casamance vom Rest des Landes trennt. Senegal hat auch eine gemeinsame Seegrenze mit Kap Verde. Die wirtschaftliche und politische Hauptstadt des Senegals ist Dakar. Der gr\u00f6\u00dfte Teil der Menschen lebt in modernen St\u00e4dten. Die Hauptstadt Dakar selbst hat 1.030.594 Einwohner, w\u00e4hrend die Bev\u00f6lkerung des Gro\u00dfraums Dakar im Jahr 2021 auf 3,94 Millionen gesch\u00e4tzt wird. Neben Dakar sind die bev\u00f6lkerungsreichsten und dynamischsten St\u00e4dte Thi\u00e8s, Touba und Kaolack.<\/p>\n<p>[\/et_pb_text][\/et_pb_column][et_pb_column type=&#8220;1_3&#8243; _builder_version=&#8220;4.19.4&#8243; _module_preset=&#8220;default&#8220; background_image=&#8220;https:\/\/sentex.sn\/wp-content\/uploads\/2023\/01\/Senegal-map.webp&#8220; global_colors_info=&#8220;{}&#8220;][et_pb_divider show_divider=&#8220;off&#8220; _builder_version=&#8220;4.19.4&#8243; _module_preset=&#8220;default&#8220; min_height=&#8220;200px&#8220; min_height_tablet=&#8220;400px&#8220; min_height_phone=&#8220;200px&#8220; min_height_last_edited=&#8220;on|desktop&#8220; global_colors_info=&#8220;{}&#8220;][\/et_pb_divider][\/et_pb_column][et_pb_column type=&#8220;1_3&#8243; _builder_version=&#8220;4.19.4&#8243; _module_preset=&#8220;default&#8220; background_image=&#8220;https:\/\/sentex.sn\/wp-content\/uploads\/2023\/01\/845-22-Popeguine-Drohne-006\u00a9AttilaHenning.webp&#8220; global_colors_info=&#8220;{}&#8220;][et_pb_divider show_divider=&#8220;off&#8220; _builder_version=&#8220;4.19.4&#8243; _module_preset=&#8220;default&#8220; min_height_tablet=&#8220;400px&#8220; min_height_phone=&#8220;200px&#8220; min_height_last_edited=&#8220;on|tablet&#8220; height=&#8220;452px&#8220; height_tablet=&#8220;452px&#8220; height_phone=&#8220;452px&#8220; height_last_edited=&#8220;on|desktop&#8220; global_colors_info=&#8220;{}&#8220;][\/et_pb_divider][\/et_pb_column][\/et_pb_row][\/et_pb_section][et_pb_section fb_built=&#8220;1&#8243; _builder_version=&#8220;4.19.4&#8243; _module_preset=&#8220;default&#8220; custom_padding=&#8220;0px||0px||false|false&#8220; global_colors_info=&#8220;{}&#8220;][et_pb_row column_structure=&#8220;1_2,1_2&#8243; use_custom_gutter=&#8220;on&#8220; gutter_width=&#8220;1&#8243; make_equal=&#8220;on&#8220; _builder_version=&#8220;4.21.0&#8243; _module_preset=&#8220;default&#8220; width=&#8220;100%&#8220; max_width=&#8220;100%&#8220; custom_padding=&#8220;0px||0px||false|false&#8220; hover_enabled=&#8220;0&#8243; global_colors_info=&#8220;{}&#8220; sticky_enabled=&#8220;0&#8243;][et_pb_column type=&#8220;1_2&#8243; _builder_version=&#8220;4.19.4&#8243; _module_preset=&#8220;default&#8220; background_enable_color=&#8220;off&#8220; background_image=&#8220;https:\/\/sentex.sn\/wp-content\/uploads\/2023\/01\/845-22-Senegal-Street-4718\u00a9AttilaHenning.webp&#8220; global_colors_info=&#8220;{}&#8220;][et_pb_divider show_divider=&#8220;off&#8220; _builder_version=&#8220;4.19.4&#8243; _module_preset=&#8220;default&#8220; min_height_tablet=&#8220;400px&#8220; min_height_phone=&#8220;200px&#8220; min_height_last_edited=&#8220;on|tablet&#8220; global_colors_info=&#8220;{}&#8220;][\/et_pb_divider][\/et_pb_column][et_pb_column type=&#8220;1_2&#8243; _builder_version=&#8220;4.19.4&#8243; _module_preset=&#8220;default&#8220; background_color=&#8220;#F7EC4A&#8220; background_enable_image=&#8220;off&#8220; global_colors_info=&#8220;{}&#8220;][et_pb_text _builder_version=&#8220;4.20.0&#8243; _module_preset=&#8220;2a8182f9-8cae-4e10-9ba1-a37097387ea2&#8243; custom_margin=&#8220;60px|15%|60px|15%|true|true&#8220; custom_margin_tablet=&#8220;50px|10%|50px|10%|true|true&#8220; custom_margin_phone=&#8220;50px|10%|50px|10%|true|true&#8220; custom_margin_last_edited=&#8220;on|phone&#8220; global_colors_info=&#8220;{}&#8220;]<\/p>\n<h3>WIRTSCHAFT<\/h3>\n<p>Der Senegal ist nach der Elfenbeink\u00fcste die zweitgr\u00f6\u00dfte Volkswirtschaft in Westafrika und gilt als eines der wohlhabendsten und stabilsten L\u00e4nder Afrikas, sowohl in wirtschaftlicher als auch in politischer Hinsicht. F\u00fcr Investoren und Partner ist das sehr interessant, so dass das Land in der internationalen Zusammenarbeit sehr aktiv ist. Zudem ist der Senegal seit November 2019 Reformpartner des Bundesministeriums f\u00fcr wirtschaftliche Zusammenarbeit und Entwicklung (BMZ), neben \u00c4thiopien, der Elfenbeink\u00fcste, Ghana, Marokko, Togo und Tunesien.<\/p>\n<p>Der Prim\u00e4rsektor (16,5 % des BIP, 50 % der Erwerbsbev\u00f6lkerung) ist nach wie vor besonders stark vom Klimawandel und der Volatilit\u00e4t der Rohstoffpreise betroffen. Der sekund\u00e4re Sektor entwickelt sich (25,6 % des BIP mit Goldbergbau, Phosphaten, Zement, Agrar- und Ern\u00e4hrungswirtschaft, Industrie und Baugewerbe) ebenso wie der terti\u00e4re Sektor, in dem die Telekommunikationsbranche eine wichtige Rolle spielt. Die j\u00fcngsten \u00d6l- und Gasfunde d\u00fcrften die Wertsch\u00f6pfung in naher Zukunft steigern.<\/p>\n<p>Der Privatsektor wird weiterhin stark vom informellen Sektor dominiert. Die Arbeitslosigkeit und die hohen Lebenshaltungskosten sind nach wie vor die Hauptsorge der senegalesischen Bev\u00f6lkerung, insbesondere der jungen Menschen, die verh\u00e4ltnism\u00e4\u00dfig wenig Arbeit haben. Angesichts dieser Probleme hat sich das Unternehmertum in den letzten Jahren gl\u00fccklicherweise stark entwickelt und zu einer wachsenden Dynamik gef\u00fchrt. In der Hauptstadt Dakar wimmelt es nur so von Investoren, Gesch\u00e4ftsleuten und Unternehmern aus der ganzen Welt.<\/p>\n<p>[\/et_pb_text][\/et_pb_column][\/et_pb_row][et_pb_row column_structure=&#8220;1_4,1_2,1_4&#8243; use_custom_gutter=&#8220;on&#8220; gutter_width=&#8220;1&#8243; make_equal=&#8220;on&#8220; _builder_version=&#8220;4.19.4&#8243; _module_preset=&#8220;default&#8220; width=&#8220;100%&#8220; max_width=&#8220;100%&#8220; custom_padding=&#8220;0px||0px||false|false&#8220; global_colors_info=&#8220;{}&#8220;][et_pb_column type=&#8220;1_4&#8243; _builder_version=&#8220;4.19.4&#8243; _module_preset=&#8220;default&#8220; background_enable_color=&#8220;off&#8220; background_image=&#8220;https:\/\/sentex.sn\/wp-content\/uploads\/2023\/01\/803-22-144-\u00a9AttilaHenning.webp&#8220; global_colors_info=&#8220;{}&#8220;][et_pb_divider show_divider=&#8220;off&#8220; _builder_version=&#8220;4.19.4&#8243; _module_preset=&#8220;default&#8220; min_height_tablet=&#8220;400px&#8220; min_height_phone=&#8220;200px&#8220; min_height_last_edited=&#8220;on|tablet&#8220; height=&#8220;452px&#8220; height_tablet=&#8220;452px&#8220; height_phone=&#8220;452px&#8220; height_last_edited=&#8220;on|phone&#8220; global_colors_info=&#8220;{}&#8220;][\/et_pb_divider][\/et_pb_column][et_pb_column type=&#8220;1_2&#8243; _builder_version=&#8220;4.19.4&#8243; _module_preset=&#8220;default&#8220; background_image=&#8220;https:\/\/sentex.sn\/wp-content\/uploads\/2023\/01\/845-22-Senegal-Street-037\u00a9AttilaHenning.webp&#8220; global_colors_info=&#8220;{}&#8220;][et_pb_divider show_divider=&#8220;off&#8220; _builder_version=&#8220;4.19.4&#8243; _module_preset=&#8220;default&#8220; min_height_tablet=&#8220;400px&#8220; min_height_phone=&#8220;200px&#8220; min_height_last_edited=&#8220;on|tablet&#8220; height=&#8220;452px&#8220; height_tablet=&#8220;452px&#8220; height_phone=&#8220;452px&#8220; height_last_edited=&#8220;on|phone&#8220; global_colors_info=&#8220;{}&#8220;][\/et_pb_divider][\/et_pb_column][et_pb_column type=&#8220;1_4&#8243; _builder_version=&#8220;4.19.4&#8243; _module_preset=&#8220;default&#8220; background_color=&#8220;#E31323&#8243; background_enable_image=&#8220;off&#8220; global_colors_info=&#8220;{}&#8220;][et_pb_text _builder_version=&#8220;4.20.0&#8243; _module_preset=&#8220;2a8182f9-8cae-4e10-9ba1-a37097387ea2&#8243; text_text_color=&#8220;#FFFFFF&#8220; header_3_text_color=&#8220;#FFFFFF&#8220; custom_margin=&#8220;70px|15%|70px|15%|true|true&#8220; custom_margin_tablet=&#8220;50px|10%|50px|10%|true|true&#8220; custom_margin_phone=&#8220;50px|10%|50px|10%|true|true&#8220; custom_margin_last_edited=&#8220;on|desktop&#8220; global_colors_info=&#8220;{}&#8220;]<\/p>\n<h3>RELIGION UND KULTUR<\/h3>\n<p>Das Zusammenleben der etwa 20 ethnischen Gruppen funktioniert ohne Konflikte, die meisten Senegalesen geh\u00f6ren dem muslimischen Glauben an. Wie in anderen afrikanischen L\u00e4ndern wird auch im Senegal dem gesprochenen Wort mehr Aufmerksamkeit und Glaube geschenkt als dem geschriebenen Wort. Ein Grund, warum Radiosender, Podcasts und Sprachnachrichten \u00fcber Messangerdiensten sehr beliebt sind. Auch wenn Sch\u00e4tzungen davon ausgehen, dass mehr als 90 Prozent der Senegalesen offiziell anerkannte Landessprache Wolof sprechen beziehungsweise verstehen, die offizielle Amtssprache ist nach wie vor Franz\u00f6sisch \u2013 sie wird an weiterf\u00fchrenden Schulen, im Parlament und in Gerichtss\u00e4len gesprochen \u2013 und auch mit Englisch kommt man im Gesch\u00e4ftsleben sehr weit.<\/p>\n<p>[\/et_pb_text][\/et_pb_column][\/et_pb_row][\/et_pb_section][et_pb_section fb_built=&#8220;1&#8243; _builder_version=&#8220;4.19.4&#8243; _module_preset=&#8220;default&#8220; custom_padding=&#8220;0px||0px||false|false&#8220; global_colors_info=&#8220;{}&#8220;][et_pb_row column_structure=&#8220;1_4,1_4,1_2&#8243; use_custom_gutter=&#8220;on&#8220; gutter_width=&#8220;1&#8243; make_equal=&#8220;on&#8220; _builder_version=&#8220;4.19.4&#8243; _module_preset=&#8220;default&#8220; width=&#8220;100%&#8220; max_width=&#8220;100%&#8220; custom_padding=&#8220;0px||0px||false|false&#8220; global_colors_info=&#8220;{}&#8220;][et_pb_column type=&#8220;1_4&#8243; _builder_version=&#8220;4.19.4&#8243; _module_preset=&#8220;default&#8220; background_image=&#8220;https:\/\/sentex.sn\/wp-content\/uploads\/2023\/01\/803-22-293-\u00a9AttilaHenning.webp&#8220; custom_padding=&#8220;||||false|false&#8220; global_colors_info=&#8220;{}&#8220;][et_pb_divider show_divider=&#8220;off&#8220; _builder_version=&#8220;4.19.4&#8243; _module_preset=&#8220;default&#8220; min_height_tablet=&#8220;&#8220; min_height_phone=&#8220;200px&#8220; min_height_last_edited=&#8220;on|phone&#8220; height=&#8220;452px&#8220; module_alignment_tablet=&#8220;&#8220; module_alignment_phone=&#8220;&#8220; module_alignment_last_edited=&#8220;on|phone&#8220; global_colors_info=&#8220;{}&#8220;][\/et_pb_divider][\/et_pb_column][et_pb_column type=&#8220;1_4&#8243; _builder_version=&#8220;4.19.4&#8243; _module_preset=&#8220;default&#8220; background_enable_color=&#8220;off&#8220; global_colors_info=&#8220;{}&#8220;][et_pb_text _builder_version=&#8220;4.20.0&#8243; _module_preset=&#8220;2a8182f9-8cae-4e10-9ba1-a37097387ea2&#8243; custom_margin=&#8220;60px|15%|60px|15%|false|true&#8220; custom_margin_tablet=&#8220;50px|10%|55px|10%|false|true&#8220; custom_margin_phone=&#8220;50px||50px||true|true&#8220; custom_margin_last_edited=&#8220;on|phone&#8220; global_colors_info=&#8220;{}&#8220;]<\/p>\n<h3>GESCHICHTE DER TEXTILINDUSTRIE<\/h3>\n<p>Die senegalesische Baumwolle wird in der ganzen Welt verkauft und ist f\u00fcr ihre hervorragende Qualit\u00e4t bekannt. Auch wenn viele Spinnereien, Rundstrickereien und Webereien im Moment stillstehen: Senegal kann in Punkto Textilproduktion auf eine lange Historie zur\u00fcckblicken, die nur darauf wartet, wiederbelebt zu werden. Vor allem zwischen 1970 und 1990 florierte die Branche geradezu, schuf mehrere Zehntausend Arbeitspl\u00e4tze und exportiere einen Gro\u00dfteil seiner Konfektionen in andere westafrikanische L\u00e4nder. Geht man in der Textilgeschichte noch weiter zur\u00fcck, st\u00f6\u00dft man schnell auf die besondere Bedeutung des Mandjak-Webstil, der einen festen und zugleich geschmeidigen Stoff mit symbolischen Motiven kreiert \u2013 nicht zuletzt f\u00fcr den traditionellen Lendenschurze, dem Pagne. Junge Designer und K\u00fcnstler werden sich dieser aufw\u00e4ndigen Webart wieder gewahr und interpretieren sie neu. Es ist auch wichtig zu wissen, dass der Senegal ein Land der Kunsthandwerker und Modedesigner ist, in dem traditionelle und moderne Kleidung zum t\u00e4glichen Leben geh\u00f6rt.<\/p>\n<p>[\/et_pb_text][\/et_pb_column][et_pb_column type=&#8220;1_2&#8243; _builder_version=&#8220;4.19.4&#8243; _module_preset=&#8220;default&#8220; background_color=&#8220;RGBA(255,255,255,0)&#8220; background_image=&#8220;https:\/\/sentex.sn\/wp-content\/uploads\/2023\/01\/803-22-053-\u00a9AttilaHenning.webp&#8220; global_colors_info=&#8220;{}&#8220;][et_pb_divider show_divider=&#8220;off&#8220; _builder_version=&#8220;4.19.4&#8243; _module_preset=&#8220;default&#8220; min_height_tablet=&#8220;400px&#8220; min_height_phone=&#8220;200px&#8220; min_height_last_edited=&#8220;on|desktop&#8220; global_colors_info=&#8220;{}&#8220;][\/et_pb_divider][\/et_pb_column][\/et_pb_row][\/et_pb_section][et_pb_section fb_built=&#8220;1&#8243; _builder_version=&#8220;4.19.4&#8243; _module_preset=&#8220;default&#8220; custom_padding=&#8220;0px||0px||false|false&#8220; global_colors_info=&#8220;{}&#8220;][et_pb_row column_structure=&#8220;1_2,1_2&#8243; use_custom_gutter=&#8220;on&#8220; gutter_width=&#8220;1&#8243; make_equal=&#8220;on&#8220; _builder_version=&#8220;4.19.4&#8243; _module_preset=&#8220;default&#8220; width=&#8220;100%&#8220; max_width=&#8220;100%&#8220; custom_padding=&#8220;0px||0px||false|false&#8220; global_colors_info=&#8220;{}&#8220;][et_pb_column type=&#8220;1_2&#8243; _builder_version=&#8220;4.19.4&#8243; _module_preset=&#8220;default&#8220; background_image=&#8220;https:\/\/sentex.sn\/wp-content\/uploads\/2023\/01\/845-22-Dakar-Drohne-009\u00a9AttilaHenning_0042.webp&#8220; custom_padding=&#8220;||||false|false&#8220; global_colors_info=&#8220;{}&#8220;][et_pb_divider show_divider=&#8220;off&#8220; _builder_version=&#8220;4.19.4&#8243; _module_preset=&#8220;default&#8220; min_height_tablet=&#8220;400px&#8220; min_height_phone=&#8220;200px&#8220; min_height_last_edited=&#8220;on|desktop&#8220; height=&#8220;452px&#8220; height_tablet=&#8220;452px&#8220; height_phone=&#8220;452px&#8220; height_last_edited=&#8220;on|tablet&#8220; global_colors_info=&#8220;{}&#8220;][\/et_pb_divider][\/et_pb_column][et_pb_column type=&#8220;1_2&#8243; _builder_version=&#8220;4.19.4&#8243; _module_preset=&#8220;default&#8220; background_enable_color=&#8220;off&#8220; background_image=&#8220;https:\/\/sentex.sn\/wp-content\/uploads\/2023\/01\/845-22-Senegal-Street-105\u00a9AttilaHenning.webp&#8220; global_colors_info=&#8220;{}&#8220;][\/et_pb_column][\/et_pb_row][\/et_pb_section][et_pb_section fb_built=&#8220;1&#8243; _builder_version=&#8220;4.21.0&#8243; _module_preset=&#8220;default&#8220; background_color=&#8220;#F7EC4A&#8220; global_colors_info=&#8220;{}&#8220;][et_pb_row _builder_version=&#8220;4.21.0&#8243; _module_preset=&#8220;default&#8220; global_colors_info=&#8220;{}&#8220;][et_pb_column type=&#8220;4_4&#8243; _builder_version=&#8220;4.21.0&#8243; _module_preset=&#8220;default&#8220; global_colors_info=&#8220;{}&#8220;][et_pb_text _builder_version=&#8220;4.21.0&#8243; _module_preset=&#8220;2a8182f9-8cae-4e10-9ba1-a37097387ea2&#8243; global_colors_info=&#8220;{}&#8220;]<\/p>\n<p>Dakar ist vor allem durch die bekannte Rallye ber\u00fchmt, bei der Motorr\u00e4der, Quads, Lastwagen und Autos auf weiten Strecken ohne markierte Wege teilnehmen. Aber die Stadt z\u00e4hlt auch als dynamisch und kreativ. Im Dezember 2021 hat das Luxusmodehaus Chanel Dakar ausgew\u00e4hlt, um seine Kollektion M\u00e9tiers d&#8217;art 2022\/23 CHANEL zu pr\u00e4sentieren. Das Luxuslabel erkl\u00e4rte in einer Pressemitteilung, dass es mit der Entscheidung f\u00fcr Dakar &#8222;das Know-how seines Handwerks mit der k\u00fcnstlerischen und kulturellen Energie der Stadt in Einklang bringen&#8220; wolle. Alles deutet darauf hin, dass die senegalesische Hauptstadt in dieser Phase die Stadt der afrikanischen Mode werden wird.<\/p>\n<p>[\/et_pb_text][\/et_pb_column][\/et_pb_row][\/et_pb_section][et_pb_section fb_built=&#8220;1&#8243; _builder_version=&#8220;4.19.4&#8243; _module_preset=&#8220;default&#8220; background_color=&#8220;RGBA(255,255,255,0)&#8220; custom_padding=&#8220;0px||0px||false|false&#8220; global_colors_info=&#8220;{}&#8220;][et_pb_row _builder_version=&#8220;4.19.4&#8243; _module_preset=&#8220;default&#8220; background_enable_color=&#8220;off&#8220; width=&#8220;100%&#8220; max_width=&#8220;100%&#8220; height=&#8220;97px&#8220; custom_padding=&#8220;0px||0px||false|false&#8220; global_colors_info=&#8220;{}&#8220;][et_pb_column type=&#8220;4_4&#8243; _builder_version=&#8220;4.19.4&#8243; _module_preset=&#8220;default&#8220; global_colors_info=&#8220;{}&#8220;][et_pb_divider show_divider=&#8220;off&#8220; _builder_version=&#8220;4.19.4&#8243; _module_preset=&#8220;default&#8220; global_colors_info=&#8220;{}&#8220;][\/et_pb_divider][\/et_pb_column][\/et_pb_row][\/et_pb_section][et_pb_section fb_built=&#8220;1&#8243; _builder_version=&#8220;4.19.4&#8243; _module_preset=&#8220;default&#8220; background_color=&#8220;#303A7A&#8220; custom_padding=&#8220;0px||0px||false|false&#8220; global_colors_info=&#8220;{}&#8220;][et_pb_row _builder_version=&#8220;4.19.4&#8243; _module_preset=&#8220;default&#8220; background_color=&#8220;RGBA(255,255,255,0)&#8220; width=&#8220;70%&#8220; max_width=&#8220;900px&#8220; custom_padding=&#8220;0px||0px||false|false&#8220; global_colors_info=&#8220;{}&#8220;][et_pb_column type=&#8220;4_4&#8243; _builder_version=&#8220;4.19.4&#8243; _module_preset=&#8220;default&#8220; global_colors_info=&#8220;{}&#8220;][et_pb_text _builder_version=&#8220;4.19.4&#8243; _module_preset=&#8220;2a8182f9-8cae-4e10-9ba1-a37097387ea2&#8243; header_3_font=&#8220;|||on|||||&#8220; header_3_text_color=&#8220;#FFFFFF&#8220; custom_margin=&#8220;60px||||false|false&#8220; custom_padding=&#8220;||||false|false&#8220; global_colors_info=&#8220;{}&#8220;]<\/p>\n<h3>WERTSCH\u00d6PFUNGSKETTE &#8211; GEMEINSAM WERTE SCHAFFEN<\/h3>\n<p>[\/et_pb_text][et_pb_button button_url=&#8220;@ET-DC@eyJkeW5hbWljIjp0cnVlLCJjb250ZW50IjoicG9zdF9saW5rX3VybF9wYWdlIiwic2V0dGluZ3MiOnsicG9zdF9pZCI6IjE2MyJ9fQ==@&#8220; button_text=&#8220;mehr erfahren&#8220; _builder_version=&#8220;4.19.4&#8243; _dynamic_attributes=&#8220;button_url&#8220; _module_preset=&#8220;4c4a5a69-4d6f-477e-8b62-9b595ee58385&#8243; custom_margin=&#8220;25px||50px||false|false&#8220; global_colors_info=&#8220;{}&#8220;][\/et_pb_button][\/et_pb_column][\/et_pb_row][\/et_pb_section]<\/p>\n","protected":false},"excerpt":{"rendered":"<p>SENEGAL ZAHLEN, DATEN, FAKTEN Senegal, offiziell die Republik Senegal, ist ein Land in Westafrika, das direkt an der Atlantikk\u00fcste liegt hat eine Gesamtfl\u00e4che von 196.712 Quadratkilometern, auf der eine Bev\u00f6lkerung von sch\u00e4tzungsweise 17 Millionen Senegalese (2021) lebt. Das Land grenzt im Norden an Mauretanien, im Osten an Mali, im S\u00fcdosten an Guinea und im S\u00fcdwesten [&hellip;]<\/p>\n","protected":false},"author":3,"featured_media":0,"parent":0,"menu_order":0,"comment_status":"closed","ping_status":"closed","template":"","meta":{"_et_pb_use_builder":"on","_et_pb_old_content":"","_et_gb_content_width":"","footnotes":""},"class_list":["post-730","page","type-page","status-publish","hentry"],"_links":{"self":[{"href":"https:\/\/sentex.sn\/de\/wp-json\/wp\/v2\/pages\/730","targetHints":{"allow":["GET"]}}],"collection":[{"href":"https:\/\/sentex.sn\/de\/wp-json\/wp\/v2\/pages"}],"about":[{"href":"https:\/\/sentex.sn\/de\/wp-json\/wp\/v2\/types\/page"}],"author":[{"embeddable":true,"href":"https:\/\/sentex.sn\/de\/wp-json\/wp\/v2\/users\/3"}],"replies":[{"embeddable":true,"href":"https:\/\/sentex.sn\/de\/wp-json\/wp\/v2\/comments?post=730"}],"version-history":[{"count":4,"href":"https:\/\/sentex.sn\/de\/wp-json\/wp\/v2\/pages\/730\/revisions"}],"predecessor-version":[{"id":904,"href":"https:\/\/sentex.sn\/de\/wp-json\/wp\/v2\/pages\/730\/revisions\/904"}],"wp:attachment":[{"href":"https:\/\/sentex.sn\/de\/wp-json\/wp\/v2\/media?parent=730"}],"curies":[{"name":"wp","href":"https:\/\/api.w.org\/{rel}","templated":true}]}}