{"id":2007,"date":"2024-09-09T10:24:24","date_gmt":"2024-09-09T10:24:24","guid":{"rendered":"https:\/\/sentex.sn\/partner\/sequa\/"},"modified":"2025-06-02T18:35:47","modified_gmt":"2025-06-02T18:35:47","slug":"sequa","status":"publish","type":"page","link":"https:\/\/sentex.sn\/de\/partner\/sequa\/","title":{"rendered":"Sequa"},"content":{"rendered":"<p>[et_pb_section fb_built=&#8220;1&#8243; _builder_version=&#8220;4.23&#8243; _module_preset=&#8220;default&#8220; background_enable_color=&#8220;off&#8220; background_image=&#8220;https:\/\/sentex.sn\/wp-content\/uploads\/2024\/09\/Screen-Shot-2024-09-09-at-10.58.19.png&#8220; height=&#8220;600px&#8220; background_last_edited=&#8220;on|phone&#8220; background_image_phone=&#8220;https:\/\/sentex.sn\/wp-content\/uploads\/2023\/05\/SENTEX_Image_digitalization_mobile.jpg&#8220; background_enable_image_phone=&#8220;on&#8220; global_colors_info=&#8220;{}&#8220;][\/et_pb_section][et_pb_section fb_built=&#8220;1&#8243; _builder_version=&#8220;4.19.4&#8243; _module_preset=&#8220;default&#8220; min_height=&#8220;343.7px&#8220; custom_margin=&#8220;||-101px|||&#8220; global_colors_info=&#8220;{}&#8220;][et_pb_row _builder_version=&#8220;4.19.4&#8243; _module_preset=&#8220;default&#8220; global_colors_info=&#8220;{}&#8220;][et_pb_column type=&#8220;4_4&#8243; _builder_version=&#8220;4.19.4&#8243; _module_preset=&#8220;default&#8220; global_colors_info=&#8220;{}&#8220;][et_pb_text _builder_version=&#8220;4.23&#8243; _module_preset=&#8220;2a8182f9-8cae-4e10-9ba1-a37097387ea2&#8243; global_colors_info=&#8220;{}&#8220;]<\/p>\n<h1>SEQUA<\/h1>\n<p>&nbsp;<\/p>\n<p>Wir freuen uns \u00fcber die Zusammenarbeit mit Sequa, einer angesehenen Organisation, die sich f\u00fcr die wirtschaftliche und soziale Entwicklung in Afrika einsetzt. Ihr Programm PartnerAfrica spielt eine entscheidende Rolle bei der Unterst\u00fctzung lokaler Initiativen und der F\u00f6rderung nachhaltigen Wachstums auf dem gesamten Kontinent. <\/p>\n<p>Sequa ist eine deutsche Organisation, die sich auf die F\u00f6rderung der wirtschaftlichen Entwicklung und der internationalen Zusammenarbeit spezialisiert hat. Mit einem Schwerpunkt auf Zusammenarbeit und Nachhaltigkeit tr\u00e4gt Sequa dazu bei, lokale Kapazit\u00e4ten zu st\u00e4rken und wirksame Partnerschaften f\u00fcr die Entwicklung zu f\u00f6rdern. <\/p>\n<p>&nbsp;<\/p>\n<p>&nbsp;<\/p>\n<p>&nbsp;<\/p>\n<p>[\/et_pb_text][\/et_pb_column][\/et_pb_row][\/et_pb_section][et_pb_section fb_built=&#8220;1&#8243; _builder_version=&#8220;4.19.4&#8243; _module_preset=&#8220;default&#8220; custom_padding=&#8220;||0px|||&#8220; global_colors_info=&#8220;{}&#8220;][\/et_pb_section][et_pb_section fb_built=&#8220;1&#8243; _builder_version=&#8220;4.19.4&#8243; _module_preset=&#8220;default&#8220; background_color=&#8220;rgba(48,58,122,0.1)&#8220; min_height=&#8220;1502.9px&#8220; custom_margin=&#8220;-58px|||||&#8220; custom_padding=&#8220;5px|||||&#8220; global_colors_info=&#8220;{}&#8220;][et_pb_row _builder_version=&#8220;4.19.4&#8243; _module_preset=&#8220;default&#8220; custom_margin=&#8220;100px||||false|false&#8220; global_colors_info=&#8220;{}&#8220;][et_pb_column type=&#8220;4_4&#8243; _builder_version=&#8220;4.19.4&#8243; _module_preset=&#8220;default&#8220; global_colors_info=&#8220;{}&#8220;][et_pb_text _builder_version=&#8220;4.23&#8243; _module_preset=&#8220;2a8182f9-8cae-4e10-9ba1-a37097387ea2&#8243; header_2_font=&#8220;|||on|||||&#8220; global_colors_info=&#8220;{}&#8220;]<\/p>\n<h2>Unser Partner f\u00fcr WIRTSCHAFTLICHE UND SOZIALE ENTWICKLUNG<\/h2>\n<p>[\/et_pb_text][\/et_pb_column][\/et_pb_row][et_pb_row column_structure=&#8220;1_2,1_2&#8243; use_custom_gutter=&#8220;on&#8220; gutter_width=&#8220;2&#8243; _builder_version=&#8220;4.19.4&#8243; _module_preset=&#8220;default&#8220; global_colors_info=&#8220;{}&#8220;][et_pb_column type=&#8220;1_2&#8243; _builder_version=&#8220;4.19.4&#8243; _module_preset=&#8220;default&#8220; global_colors_info=&#8220;{}&#8220;][et_pb_image src=&#8220;https:\/\/sentex.sn\/wp-content\/uploads\/2024\/09\/csm_171117-Klein_Gruppenbild_ALLE_Europass_HWK-6845_von_Hannes_Harnack__002_-Hwk_Braunschweig_fd96f112e6.jpg&#8220; title_text=&#8220;csm_171117-Klein_Gruppenbild_ALLE_Europass_HWK-6845_von_Hannes_Harnack__002_-Hwk_Braunschweig_fd96f112e6&#8243; _builder_version=&#8220;4.23&#8243; _module_preset=&#8220;default&#8220; global_colors_info=&#8220;{}&#8220;][\/et_pb_image][\/et_pb_column][et_pb_column type=&#8220;1_2&#8243; _builder_version=&#8220;4.19.4&#8243; _module_preset=&#8220;default&#8220; global_colors_info=&#8220;{}&#8220;][et_pb_image src=&#8220;https:\/\/sentex.sn\/wp-content\/uploads\/2024\/09\/csm_develoPPP_KE-645-167_Quelle-GIZ-Tristan-Vostry_Foto3_908fcbb35c.jpg&#8220; title_text=&#8220;csm_develoPPP_KE-645-167_Quelle-GIZ-Tristan-Vostry_Foto3_908fcbb35c&#8220; _builder_version=&#8220;4.23&#8243; _module_preset=&#8220;default&#8220; global_colors_info=&#8220;{}&#8220;][\/et_pb_image][\/et_pb_column][\/et_pb_row][et_pb_row column_structure=&#8220;1_4,3_4&#8243; _builder_version=&#8220;4.19.4&#8243; _module_preset=&#8220;default&#8220; global_colors_info=&#8220;{}&#8220;][et_pb_column type=&#8220;1_4&#8243; _builder_version=&#8220;4.19.4&#8243; _module_preset=&#8220;default&#8220; global_colors_info=&#8220;{}&#8220;][et_pb_image src=&#8220;https:\/\/sentex.sn\/wp-content\/uploads\/2024\/09\/logo_sequa_rgb_150_dpi.jpg&#8220; alt=&#8220;giz Deutsche Gesellschaft f\u00fcr internationale Zusammenarbeit&#8220; title_text=&#8220;logo_sequa_rgb_150_dpi&#8220; _builder_version=&#8220;4.23&#8243; _module_preset=&#8220;default&#8220; global_colors_info=&#8220;{}&#8220;][\/et_pb_image][\/et_pb_column][et_pb_column type=&#8220;3_4&#8243; _builder_version=&#8220;4.19.4&#8243; _module_preset=&#8220;default&#8220; global_colors_info=&#8220;{}&#8220;][et_pb_text _builder_version=&#8220;4.21.0&#8243; _module_preset=&#8220;2a8182f9-8cae-4e10-9ba1-a37097387ea2&#8243; global_colors_info=&#8220;{}&#8220;]<\/p>\n<p>In unserer Partnerschaft mit Sequa ist ihre Expertise in wirtschaftlicher Entwicklung und Kapazit\u00e4tsaufbau entscheidend f\u00fcr den Erfolg unserer lokalen Initiativen. Ihre Unterst\u00fctzung tr\u00e4gt zur Umsetzung wirkungsvoller Projekte und zur Erreichung nachhaltiger Ergebnisse bei. <\/p>\n<p>Die Zusammenarbeit mit Sequa bereichert unsere Projekte durch wertvolle Expertise und technische Unterst\u00fctzung und st\u00e4rkt somit unsere F\u00e4higkeit, unsere Ziele f\u00fcr nachhaltige Entwicklung zu erreichen.<\/p>\n<p>&nbsp;<\/p>\n<p>&nbsp;<\/p>\n<p>&nbsp;<\/p>\n<p>&nbsp;<\/p>\n<p>[\/et_pb_text][\/et_pb_column][\/et_pb_row][et_pb_row column_structure=&#8220;2_5,3_5&#8243; _builder_version=&#8220;4.19.4&#8243; _module_preset=&#8220;default&#8220; custom_margin=&#8220;||100px||false|false&#8220; global_colors_info=&#8220;{}&#8220;][et_pb_column type=&#8220;2_5&#8243; _builder_version=&#8220;4.19.4&#8243; _module_preset=&#8220;default&#8220; global_colors_info=&#8220;{}&#8220;][et_pb_text _builder_version=&#8220;4.23&#8243; _module_preset=&#8220;2a8182f9-8cae-4e10-9ba1-a37097387ea2&#8243; global_colors_info=&#8220;{}&#8220;]<\/p>\n<h3>SENTEX trifft SEQUA<\/h3>\n<p>Menschen. Unternehmen. Vision.  <\/p>\n<p>[\/et_pb_text][\/et_pb_column][et_pb_column type=&#8220;3_5&#8243; _builder_version=&#8220;4.19.4&#8243; _module_preset=&#8220;default&#8220; global_colors_info=&#8220;{}&#8220;][et_pb_video image_src=&#8220;\/\/i.ytimg.com\/vi\/bE_tc4sTnPA\/hqdefault.jpg&#8220; _builder_version=&#8220;4.23&#8243; _module_preset=&#8220;default&#8220; hover_enabled=&#8220;0&#8243; global_colors_info=&#8220;{}&#8220; src=&#8220;https:\/\/youtu.be\/bE_tc4sTnPA&#8220; sticky_enabled=&#8220;0&#8243;][\/et_pb_video][\/et_pb_column][\/et_pb_row][\/et_pb_section][et_pb_section fb_built=&#8220;1&#8243; _builder_version=&#8220;4.19.4&#8243; _module_preset=&#8220;default&#8220; background_color=&#8220;#303A7A&#8220; height=&#8220;160px&#8220; custom_padding=&#8220;0px||0px||false|false&#8220; global_colors_info=&#8220;{}&#8220;][et_pb_row _builder_version=&#8220;4.19.4&#8243; _module_preset=&#8220;default&#8220; global_colors_info=&#8220;{}&#8220;][et_pb_column type=&#8220;4_4&#8243; _builder_version=&#8220;4.19.4&#8243; _module_preset=&#8220;default&#8220; global_colors_info=&#8220;{}&#8220;][et_pb_button button_url=&#8220;@ET-DC@eyJkeW5hbWljIjp0cnVlLCJjb250ZW50IjoicG9zdF9saW5rX3VybF9wYWdlIiwic2V0dGluZ3MiOnsicG9zdF9pZCI6IjIxMCJ9fQ==@&#8220; button_text=&#8220;Alle Partner anzeigen&#8220; button_alignment=&#8220;center&#8220; _builder_version=&#8220;4.19.4&#8243; _dynamic_attributes=&#8220;button_url&#8220; _module_preset=&#8220;4c4a5a69-4d6f-477e-8b62-9b595ee58385&#8243; custom_margin=&#8220;45px||||false|false&#8220; global_colors_info=&#8220;{}&#8220;][\/et_pb_button][\/et_pb_column][\/et_pb_row][\/et_pb_section]<\/p>\n","protected":false},"excerpt":{"rendered":"<p>SEQUA &nbsp; Wir freuen uns \u00fcber die Zusammenarbeit mit Sequa, einer angesehenen Organisation, die sich f\u00fcr die wirtschaftliche und soziale Entwicklung in Afrika einsetzt. Ihr Programm PartnerAfrica spielt eine entscheidende Rolle bei der Unterst\u00fctzung lokaler Initiativen und der F\u00f6rderung nachhaltigen Wachstums auf dem gesamten Kontinent. Sequa ist eine deutsche Organisation, die sich auf die F\u00f6rderung [&hellip;]<\/p>\n","protected":false},"author":7,"featured_media":0,"parent":786,"menu_order":0,"comment_status":"closed","ping_status":"closed","template":"","meta":{"_et_pb_use_builder":"on","_et_pb_old_content":"","_et_gb_content_width":"","footnotes":""},"class_list":["post-2007","page","type-page","status-publish","hentry"],"_links":{"self":[{"href":"https:\/\/sentex.sn\/de\/wp-json\/wp\/v2\/pages\/2007","targetHints":{"allow":["GET"]}}],"collection":[{"href":"https:\/\/sentex.sn\/de\/wp-json\/wp\/v2\/pages"}],"about":[{"href":"https:\/\/sentex.sn\/de\/wp-json\/wp\/v2\/types\/page"}],"author":[{"embeddable":true,"href":"https:\/\/sentex.sn\/de\/wp-json\/wp\/v2\/users\/7"}],"replies":[{"embeddable":true,"href":"https:\/\/sentex.sn\/de\/wp-json\/wp\/v2\/comments?post=2007"}],"version-history":[{"count":3,"href":"https:\/\/sentex.sn\/de\/wp-json\/wp\/v2\/pages\/2007\/revisions"}],"predecessor-version":[{"id":2070,"href":"https:\/\/sentex.sn\/de\/wp-json\/wp\/v2\/pages\/2007\/revisions\/2070"}],"up":[{"embeddable":true,"href":"https:\/\/sentex.sn\/de\/wp-json\/wp\/v2\/pages\/786"}],"wp:attachment":[{"href":"https:\/\/sentex.sn\/de\/wp-json\/wp\/v2\/media?parent=2007"}],"curies":[{"name":"wp","href":"https:\/\/api.w.org\/{rel}","templated":true}]}}