{"id":1992,"date":"2025-05-12T13:00:26","date_gmt":"2025-05-12T13:00:26","guid":{"rendered":"https:\/\/sentex.sn\/partner\/ministerium-fuer-industrie-und-handel\/"},"modified":"2025-06-02T18:34:21","modified_gmt":"2025-06-02T18:34:21","slug":"ministerium-fuer-industrie-und-handel","status":"publish","type":"page","link":"https:\/\/sentex.sn\/de\/partner\/ministerium-fuer-industrie-und-handel\/","title":{"rendered":"Ministerium f\u00fcr Industrie und Handel"},"content":{"rendered":"<p>[et_pb_section fb_built=&#8220;1&#8243; _builder_version=&#8220;4.23&#8243; _module_preset=&#8220;default&#8220; background_enable_color=&#8220;off&#8220; background_image=&#8220;https:\/\/sentex.sn\/wp-content\/uploads\/2025\/05\/Screen-Shot-2025-05-12-at-12.19.33.png&#8220; height=&#8220;600px&#8220; background_last_edited=&#8220;on|phone&#8220; background_image_phone=&#8220;https:\/\/sentex.sn\/wp-content\/uploads\/2023\/05\/SENTEX_Image_digitalization_mobile.jpg&#8220; background_enable_image_phone=&#8220;on&#8220; global_colors_info=&#8220;{}&#8220;][\/et_pb_section][et_pb_section fb_built=&#8220;1&#8243; _builder_version=&#8220;4.19.4&#8243; _module_preset=&#8220;default&#8220; min_height=&#8220;343.7px&#8220; custom_margin=&#8220;||-101px|||&#8220; global_colors_info=&#8220;{}&#8220;][et_pb_row _builder_version=&#8220;4.19.4&#8243; _module_preset=&#8220;default&#8220; global_colors_info=&#8220;{}&#8220;][et_pb_column type=&#8220;4_4&#8243; _builder_version=&#8220;4.19.4&#8243; _module_preset=&#8220;default&#8220; global_colors_info=&#8220;{}&#8220;][et_pb_text _builder_version=&#8220;4.23&#8243; _module_preset=&#8220;2a8182f9-8cae-4e10-9ba1-a37097387ea2&#8243; global_colors_info=&#8220;{}&#8220;]<\/p>\n<h3 class=\"LC20lb MBeuO DKV0Md\">MINISTERIUM F\u00dcR INDUSTRIE UND HANDEL<span style=\"font-size: 16px;\"> <\/span><\/h3>\n<p><span style=\"font-size: 16px;\">Wir freuen uns \u00fcber die Zusammenarbeit mit dem Ministerium f\u00fcr Industrie und Handel, einer staatlichen Institution, die f\u00fcr den gesamten Industriesektor verantwortlich ist \u2013 einschlie\u00dflich der Textil- und Bekleidungsindustrie. <\/span> <\/p>\n<p>Das Ministerium f\u00fcr Industrie und Handel spielt eine zentrale Rolle bei der Entwicklung und F\u00f6rderung der senegalesischen Textilwirtschaft. Der Fokus liegt dabei auf der Baumwollindustrie, dem handwerklichen Textilsektor und der Bekleidungsindustrie. <\/p>\n<p>&nbsp;<\/p>\n<p>&nbsp;<\/p>\n<p>&nbsp;<\/p>\n<p>[\/et_pb_text][\/et_pb_column][\/et_pb_row][\/et_pb_section][et_pb_section fb_built=&#8220;1&#8243; _builder_version=&#8220;4.19.4&#8243; _module_preset=&#8220;default&#8220; custom_padding=&#8220;||0px|||&#8220; global_colors_info=&#8220;{}&#8220;][\/et_pb_section][et_pb_section fb_built=&#8220;1&#8243; _builder_version=&#8220;4.19.4&#8243; _module_preset=&#8220;default&#8220; background_color=&#8220;rgba(48,58,122,0.1)&#8220; min_height=&#8220;1502.9px&#8220; custom_margin=&#8220;-58px|||||&#8220; custom_padding=&#8220;5px|||||&#8220; global_colors_info=&#8220;{}&#8220;][et_pb_row _builder_version=&#8220;4.19.4&#8243; _module_preset=&#8220;default&#8220; custom_margin=&#8220;100px||||false|false&#8220; global_colors_info=&#8220;{}&#8220;][et_pb_column type=&#8220;4_4&#8243; _builder_version=&#8220;4.19.4&#8243; _module_preset=&#8220;default&#8220; global_colors_info=&#8220;{}&#8220;][et_pb_text _builder_version=&#8220;4.23&#8243; _module_preset=&#8220;2a8182f9-8cae-4e10-9ba1-a37097387ea2&#8243; header_2_font=&#8220;|||on|||||&#8220; custom_padding=&#8220;8px|||||&#8220; global_colors_info=&#8220;{}&#8220;]<\/p>\n<h2>Unser REGIERUNGSPARTNER<\/h2>\n<p>[\/et_pb_text][\/et_pb_column][\/et_pb_row][et_pb_row column_structure=&#8220;1_2,1_2&#8243; use_custom_gutter=&#8220;on&#8220; gutter_width=&#8220;2&#8243; _builder_version=&#8220;4.19.4&#8243; _module_preset=&#8220;default&#8220; global_colors_info=&#8220;{}&#8220;][et_pb_column type=&#8220;1_2&#8243; _builder_version=&#8220;4.19.4&#8243; _module_preset=&#8220;default&#8220; global_colors_info=&#8220;{}&#8220;][et_pb_image src=&#8220;https:\/\/sentex.sn\/wp-content\/uploads\/2025\/05\/Screen-Shot-2025-05-12-at-12.45.31.png&#8220; title_text=&#8220;Screen Shot 2025-05-12 at 12.45.31&#8243; _builder_version=&#8220;4.23&#8243; _module_preset=&#8220;default&#8220; global_colors_info=&#8220;{}&#8220;][\/et_pb_image][\/et_pb_column][et_pb_column type=&#8220;1_2&#8243; _builder_version=&#8220;4.19.4&#8243; _module_preset=&#8220;default&#8220; global_colors_info=&#8220;{}&#8220;][et_pb_image src=&#8220;https:\/\/sentex.sn\/wp-content\/uploads\/2025\/05\/Screen-Shot-2025-05-12-at-12.44.23.png&#8220; title_text=&#8220;Screen Shot 2025-05-12 at 12.44.23&#8243; _builder_version=&#8220;4.23&#8243; _module_preset=&#8220;default&#8220; global_colors_info=&#8220;{}&#8220;][\/et_pb_image][\/et_pb_column][\/et_pb_row][et_pb_row column_structure=&#8220;1_4,3_4&#8243; _builder_version=&#8220;4.19.4&#8243; _module_preset=&#8220;default&#8220; global_colors_info=&#8220;{}&#8220;][et_pb_column type=&#8220;1_4&#8243; _builder_version=&#8220;4.19.4&#8243; _module_preset=&#8220;default&#8220; global_colors_info=&#8220;{}&#8220;][et_pb_image src=&#8220;https:\/\/sentex.sn\/wp-content\/uploads\/2025\/05\/Flag-Senegal.webp&#8220; alt=&#8220;Senegal&#8220; title_text=&#8220;Flag-Senegal&#8220; _builder_version=&#8220;4.23&#8243; _module_preset=&#8220;default&#8220; global_colors_info=&#8220;{}&#8220;][\/et_pb_image][\/et_pb_column][et_pb_column type=&#8220;3_4&#8243; _builder_version=&#8220;4.19.4&#8243; _module_preset=&#8220;default&#8220; global_colors_info=&#8220;{}&#8220;][et_pb_text _builder_version=&#8220;4.23&#8243; _module_preset=&#8220;2a8182f9-8cae-4e10-9ba1-a37097387ea2&#8243; global_colors_info=&#8220;{}&#8220;]<\/p>\n<p>Das Ministerium f\u00fcr Industrie und Handel ist daf\u00fcr zust\u00e4ndig, industriepolitische Strategien zu entwickeln und umzusetzen \u2013 einschlie\u00dflich jener f\u00fcr den Textilsektor. Es unterst\u00fctzt die Entwicklung von Textilunternehmen, insbesondere kleinen und mittleren Unternehmen (KMU) sowie handwerklichen Betrieben, und f\u00f6rdert den Export senegalesischer Textilprodukte auf den internationalen M\u00e4rkten. <\/p>\n<p>Es spielt eine zentrale Rolle bei der Entwicklung und F\u00f6rderung der senegalesischen Textilindustrie, indem es Innovation und Modernisierung in den Betrieben unterst\u00fctzt, mit dem Ziel, die Wettbewerbsf\u00e4higkeit des Sektors zu steigern. Gleichzeitig sorgt es f\u00fcr die Qualit\u00e4t der Textilprodukte und die Einhaltung geltender Standards.<\/p>\n<p>&nbsp;<\/p>\n<p>&nbsp;<\/p>\n<p>&nbsp;<\/p>\n<p>&nbsp;<\/p>\n<p>[\/et_pb_text][\/et_pb_column][\/et_pb_row][et_pb_row column_structure=&#8220;2_5,3_5&#8243; _builder_version=&#8220;4.19.4&#8243; _module_preset=&#8220;default&#8220; custom_margin=&#8220;||100px||false|false&#8220; global_colors_info=&#8220;{}&#8220;][et_pb_column type=&#8220;2_5&#8243; _builder_version=&#8220;4.19.4&#8243; _module_preset=&#8220;default&#8220; global_colors_info=&#8220;{}&#8220;][et_pb_text _builder_version=&#8220;4.23&#8243; _module_preset=&#8220;2a8182f9-8cae-4e10-9ba1-a37097387ea2&#8243; global_colors_info=&#8220;{}&#8220;]<\/p>\n<h3>SENTEX trifft das MINISTERIUM F\u00dcR INDUSTRIE UND HANDEL<\/h3>\n<p>Menschen. Unternehmen. Vision.<br \/>.<\/p>\n<p>[\/et_pb_text][\/et_pb_column][et_pb_column type=&#8220;3_5&#8243; _builder_version=&#8220;4.19.4&#8243; _module_preset=&#8220;default&#8220; global_colors_info=&#8220;{}&#8220;][et_pb_video image_src=&#8220;\/\/i.ytimg.com\/vi\/bE_tc4sTnPA\/hqdefault.jpg&#8220; _builder_version=&#8220;4.23&#8243; _module_preset=&#8220;default&#8220; hover_enabled=&#8220;0&#8243; global_colors_info=&#8220;{}&#8220; src=&#8220;https:\/\/youtu.be\/bE_tc4sTnPA&#8220; sticky_enabled=&#8220;0&#8243;][\/et_pb_video][\/et_pb_column][\/et_pb_row][\/et_pb_section][et_pb_section fb_built=&#8220;1&#8243; _builder_version=&#8220;4.19.4&#8243; _module_preset=&#8220;default&#8220; background_color=&#8220;#303A7A&#8220; height=&#8220;160px&#8220; custom_padding=&#8220;0px||0px||false|false&#8220; global_colors_info=&#8220;{}&#8220;][et_pb_row _builder_version=&#8220;4.19.4&#8243; _module_preset=&#8220;default&#8220; global_colors_info=&#8220;{}&#8220;][et_pb_column type=&#8220;4_4&#8243; _builder_version=&#8220;4.19.4&#8243; _module_preset=&#8220;default&#8220; global_colors_info=&#8220;{}&#8220;][et_pb_button button_url=&#8220;@ET-DC@eyJkeW5hbWljIjp0cnVlLCJjb250ZW50IjoicG9zdF9saW5rX3VybF9wYWdlIiwic2V0dGluZ3MiOnsicG9zdF9pZCI6IjIxMCJ9fQ==@&#8220; button_text=&#8220;Alle Partner anzeigen&#8220; button_alignment=&#8220;center&#8220; _builder_version=&#8220;4.19.4&#8243; _dynamic_attributes=&#8220;button_url&#8220; _module_preset=&#8220;4c4a5a69-4d6f-477e-8b62-9b595ee58385&#8243; custom_margin=&#8220;45px||||false|false&#8220; global_colors_info=&#8220;{}&#8220;][\/et_pb_button][\/et_pb_column][\/et_pb_row][\/et_pb_section]<\/p>\n","protected":false},"excerpt":{"rendered":"<p>MINISTERIUM F\u00dcR INDUSTRIE UND HANDEL Wir freuen uns \u00fcber die Zusammenarbeit mit dem Ministerium f\u00fcr Industrie und Handel, einer staatlichen Institution, die f\u00fcr den gesamten Industriesektor verantwortlich ist \u2013 einschlie\u00dflich der Textil- und Bekleidungsindustrie. Das Ministerium f\u00fcr Industrie und Handel spielt eine zentrale Rolle bei der Entwicklung und F\u00f6rderung der senegalesischen Textilwirtschaft. Der Fokus liegt [&hellip;]<\/p>\n","protected":false},"author":7,"featured_media":0,"parent":786,"menu_order":0,"comment_status":"closed","ping_status":"closed","template":"","meta":{"_et_pb_use_builder":"on","_et_pb_old_content":"","_et_gb_content_width":"","footnotes":""},"class_list":["post-1992","page","type-page","status-publish","hentry"],"_links":{"self":[{"href":"https:\/\/sentex.sn\/de\/wp-json\/wp\/v2\/pages\/1992","targetHints":{"allow":["GET"]}}],"collection":[{"href":"https:\/\/sentex.sn\/de\/wp-json\/wp\/v2\/pages"}],"about":[{"href":"https:\/\/sentex.sn\/de\/wp-json\/wp\/v2\/types\/page"}],"author":[{"embeddable":true,"href":"https:\/\/sentex.sn\/de\/wp-json\/wp\/v2\/users\/7"}],"replies":[{"embeddable":true,"href":"https:\/\/sentex.sn\/de\/wp-json\/wp\/v2\/comments?post=1992"}],"version-history":[{"count":3,"href":"https:\/\/sentex.sn\/de\/wp-json\/wp\/v2\/pages\/1992\/revisions"}],"predecessor-version":[{"id":2068,"href":"https:\/\/sentex.sn\/de\/wp-json\/wp\/v2\/pages\/1992\/revisions\/2068"}],"up":[{"embeddable":true,"href":"https:\/\/sentex.sn\/de\/wp-json\/wp\/v2\/pages\/786"}],"wp:attachment":[{"href":"https:\/\/sentex.sn\/de\/wp-json\/wp\/v2\/media?parent=1992"}],"curies":[{"name":"wp","href":"https:\/\/api.w.org\/{rel}","templated":true}]}}