{"id":1971,"date":"2025-05-12T11:49:21","date_gmt":"2025-05-12T11:49:21","guid":{"rendered":"https:\/\/sentex.sn\/partner\/nationaler-verband-der-baumwollproduzenten\/"},"modified":"2025-06-02T18:41:16","modified_gmt":"2025-06-02T18:41:16","slug":"nationaler-verband-der-baumwollproduzenten","status":"publish","type":"page","link":"https:\/\/sentex.sn\/de\/partner\/nationaler-verband-der-baumwollproduzenten\/","title":{"rendered":"Nationaler Verband der Baumwollproduzenten"},"content":{"rendered":"<p>[et_pb_section fb_built=&#8220;1&#8243; _builder_version=&#8220;4.23&#8243; _module_preset=&#8220;default&#8220; background_enable_color=&#8220;off&#8220; background_image=&#8220;https:\/\/sentex.sn\/wp-content\/uploads\/2025\/05\/mali-production-coton_0.jpg&#8220; height=&#8220;600px&#8220; background_last_edited=&#8220;on|phone&#8220; background_image_phone=&#8220;https:\/\/sentex.sn\/wp-content\/uploads\/2023\/05\/SENTEX_Image_digitalization_mobile.jpg&#8220; background_enable_image_phone=&#8220;on&#8220; global_colors_info=&#8220;{}&#8220;][\/et_pb_section][et_pb_section fb_built=&#8220;1&#8243; _builder_version=&#8220;4.19.4&#8243; _module_preset=&#8220;default&#8220; min_height=&#8220;343.7px&#8220; custom_margin=&#8220;||-101px|||&#8220; global_colors_info=&#8220;{}&#8220;][et_pb_row _builder_version=&#8220;4.19.4&#8243; _module_preset=&#8220;default&#8220; global_colors_info=&#8220;{}&#8220;][et_pb_column type=&#8220;4_4&#8243; _builder_version=&#8220;4.19.4&#8243; _module_preset=&#8220;default&#8220; global_colors_info=&#8220;{}&#8220;][et_pb_text _builder_version=&#8220;4.23&#8243; _module_preset=&#8220;2a8182f9-8cae-4e10-9ba1-a37097387ea2&#8243; global_colors_info=&#8220;{}&#8220;]<\/p>\n<h1>Nationaler Verband der Baumwollproduzenten Senegals (FNPC)<\/h1>\n<p>&nbsp;<\/p>\n<p>Wir freuen uns \u00fcber die Zusammenarbeit mit der FNPC, einer Organisation, die \u00fcber 1800 Zusammenschl\u00fcsse von Baumwollproduzenten vertritt<span>. <\/span> <\/p>\n<p><span>Sie koordiniert die Produktion und Vermarktung von Baumwolle im Senegal und arbeitet dabei eng mit der Sodefitex, der Gesellschaft f\u00fcr die Entwicklung und Verarbeitung von Textilfasern, zusammen.<\/span><span jscontroller=\"JHnpme\" class=\"pjBG2e\" data-cid=\"cac3212f-352b-4535-9575-94b6e4af4af7\" jsaction=\"rcuQ6b:npT2md\"><span class=\"UV3uM\"> <\/span><\/span><\/p>\n<p>&nbsp;<\/p>\n<p>&nbsp;<\/p>\n<p>&nbsp;<\/p>\n<p>[\/et_pb_text][\/et_pb_column][\/et_pb_row][\/et_pb_section][et_pb_section fb_built=&#8220;1&#8243; _builder_version=&#8220;4.19.4&#8243; _module_preset=&#8220;default&#8220; custom_padding=&#8220;||0px|||&#8220; global_colors_info=&#8220;{}&#8220;][\/et_pb_section][et_pb_section fb_built=&#8220;1&#8243; _builder_version=&#8220;4.19.4&#8243; _module_preset=&#8220;default&#8220; background_color=&#8220;rgba(48,58,122,0.1)&#8220; min_height=&#8220;1502.9px&#8220; custom_margin=&#8220;-58px|||||&#8220; custom_padding=&#8220;5px|||||&#8220; global_colors_info=&#8220;{}&#8220;][et_pb_row _builder_version=&#8220;4.19.4&#8243; _module_preset=&#8220;default&#8220; custom_margin=&#8220;100px||||false|false&#8220; global_colors_info=&#8220;{}&#8220;][et_pb_column type=&#8220;4_4&#8243; _builder_version=&#8220;4.19.4&#8243; _module_preset=&#8220;default&#8220; global_colors_info=&#8220;{}&#8220;][et_pb_text _builder_version=&#8220;4.23&#8243; _module_preset=&#8220;2a8182f9-8cae-4e10-9ba1-a37097387ea2&#8243; header_2_font=&#8220;|||on|||||&#8220; custom_padding=&#8220;8px|||||&#8220; global_colors_info=&#8220;{}&#8220;]<\/p>\n<h2>Unser Partner f\u00fcr ENTWICKLUNG<\/h2>\n<p>[\/et_pb_text][\/et_pb_column][\/et_pb_row][et_pb_row column_structure=&#8220;1_2,1_2&#8243; use_custom_gutter=&#8220;on&#8220; gutter_width=&#8220;2&#8243; _builder_version=&#8220;4.19.4&#8243; _module_preset=&#8220;default&#8220; global_colors_info=&#8220;{}&#8220;][et_pb_column type=&#8220;1_2&#8243; _builder_version=&#8220;4.19.4&#8243; _module_preset=&#8220;default&#8220; global_colors_info=&#8220;{}&#8220;][et_pb_image src=&#8220;https:\/\/sentex.sn\/wp-content\/uploads\/2025\/05\/COTON-B.jpg&#8220; title_text=&#8220;COTON B&#8220; _builder_version=&#8220;4.23&#8243; _module_preset=&#8220;default&#8220; global_colors_info=&#8220;{}&#8220;][\/et_pb_image][\/et_pb_column][et_pb_column type=&#8220;1_2&#8243; _builder_version=&#8220;4.19.4&#8243; _module_preset=&#8220;default&#8220; global_colors_info=&#8220;{}&#8220;][et_pb_image src=&#8220;https:\/\/sentex.sn\/wp-content\/uploads\/2025\/05\/COTON-C.jpg&#8220; title_text=&#8220;xr:d:DAFSLHyWnXI:544,j:2947346491,t:23041814&#8243; _builder_version=&#8220;4.23&#8243; _module_preset=&#8220;default&#8220; global_colors_info=&#8220;{}&#8220;][\/et_pb_image][\/et_pb_column][\/et_pb_row][et_pb_row column_structure=&#8220;1_4,3_4&#8243; _builder_version=&#8220;4.19.4&#8243; _module_preset=&#8220;default&#8220; global_colors_info=&#8220;{}&#8220;][et_pb_column type=&#8220;1_4&#8243; _builder_version=&#8220;4.19.4&#8243; _module_preset=&#8220;default&#8220; global_colors_info=&#8220;{}&#8220;][et_pb_image src=&#8220;https:\/\/sentex.sn\/wp-content\/uploads\/2023\/02\/FNPC.webp&#8220; alt=&#8220;giz Deutsche Gesellschaft f\u00fcr internationale Zusammenarbeit&#8220; title_text=&#8220;FNPC&#8220; _builder_version=&#8220;4.23&#8243; _module_preset=&#8220;default&#8220; global_colors_info=&#8220;{}&#8220;][\/et_pb_image][\/et_pb_column][et_pb_column type=&#8220;3_4&#8243; _builder_version=&#8220;4.19.4&#8243; _module_preset=&#8220;default&#8220; global_colors_info=&#8220;{}&#8220;][et_pb_text _builder_version=&#8220;4.23&#8243; _module_preset=&#8220;2a8182f9-8cae-4e10-9ba1-a37097387ea2&#8243; global_colors_info=&#8220;{}&#8220;]<\/p>\n<p><span data-huuid=\"3160067273973835447\">Die FNPC ist eine organisatorische Struktur, die die Baumwollproduktion auf nationaler Ebene koordiniert. <\/span><span data-huuid=\"3160067273973836200\">Sie vertritt die Interessen zahlreicher landwirtschaftlicher Organisationen, insbesondere der Baumwollproduzenten-Gruppen (GPC), die die Basisstrukturen der Organisation auf Dorfebene bilden.<span jscontroller=\"JHnpme\" class=\"pjBG2e\" data-cid=\"dc30680d-36bb-464f-ba4f-152248b44b0a\" jsaction=\"rcuQ6b:npT2md\"><span class=\"UV3uM\"> <\/span><\/span><\/span><\/p>\n<p><span>Die FNPC und die Sodefitex, deren Auftrag die Entwicklung der Baumwoll-Agroindustrie im Senegal ist, arbeiten gemeinsam daran, das reibungslose Funktionieren der Baumwollwertsch\u00f6pfungskette sicherzustellen.<\/span><\/p>\n<p>&nbsp;<\/p>\n<p>&nbsp;<\/p>\n<p>&nbsp;<\/p>\n<p>&nbsp;<\/p>\n<p>[\/et_pb_text][\/et_pb_column][\/et_pb_row][et_pb_row column_structure=&#8220;2_5,3_5&#8243; _builder_version=&#8220;4.19.4&#8243; _module_preset=&#8220;default&#8220; custom_margin=&#8220;||100px||false|false&#8220; global_colors_info=&#8220;{}&#8220;][et_pb_column type=&#8220;2_5&#8243; _builder_version=&#8220;4.19.4&#8243; _module_preset=&#8220;default&#8220; global_colors_info=&#8220;{}&#8220;][et_pb_text _builder_version=&#8220;4.23&#8243; _module_preset=&#8220;2a8182f9-8cae-4e10-9ba1-a37097387ea2&#8243; global_colors_info=&#8220;{}&#8220;]<\/p>\n<h3>SENTEX trifft die FNPC<\/h3>\n<p>Menschen. Unternehmen. Vision.  <\/p>\n<p>[\/et_pb_text][\/et_pb_column][et_pb_column type=&#8220;3_5&#8243; _builder_version=&#8220;4.19.4&#8243; _module_preset=&#8220;default&#8220; global_colors_info=&#8220;{}&#8220;][et_pb_video image_src=&#8220;\/\/i.ytimg.com\/vi\/bE_tc4sTnPA\/hqdefault.jpg&#8220; _builder_version=&#8220;4.23&#8243; _module_preset=&#8220;default&#8220; hover_enabled=&#8220;0&#8243; global_colors_info=&#8220;{}&#8220; src=&#8220;https:\/\/youtu.be\/bE_tc4sTnPA&#8220; sticky_enabled=&#8220;0&#8243;][\/et_pb_video][\/et_pb_column][\/et_pb_row][\/et_pb_section][et_pb_section fb_built=&#8220;1&#8243; _builder_version=&#8220;4.19.4&#8243; _module_preset=&#8220;default&#8220; background_color=&#8220;#303A7A&#8220; height=&#8220;160px&#8220; custom_padding=&#8220;0px||0px||false|false&#8220; global_colors_info=&#8220;{}&#8220;][et_pb_row _builder_version=&#8220;4.19.4&#8243; _module_preset=&#8220;default&#8220; global_colors_info=&#8220;{}&#8220;][et_pb_column type=&#8220;4_4&#8243; _builder_version=&#8220;4.19.4&#8243; _module_preset=&#8220;default&#8220; global_colors_info=&#8220;{}&#8220;][et_pb_button button_url=&#8220;@ET-DC@eyJkeW5hbWljIjp0cnVlLCJjb250ZW50IjoicG9zdF9saW5rX3VybF9wYWdlIiwic2V0dGluZ3MiOnsicG9zdF9pZCI6IjIxMCJ9fQ==@&#8220; button_text=&#8220;Alle Partner anzeigen&#8220; button_alignment=&#8220;center&#8220; _builder_version=&#8220;4.19.4&#8243; _dynamic_attributes=&#8220;button_url&#8220; _module_preset=&#8220;4c4a5a69-4d6f-477e-8b62-9b595ee58385&#8243; custom_margin=&#8220;45px||||false|false&#8220; global_colors_info=&#8220;{}&#8220;][\/et_pb_button][\/et_pb_column][\/et_pb_row][\/et_pb_section]<\/p>\n","protected":false},"excerpt":{"rendered":"<p>Nationaler Verband der Baumwollproduzenten Senegals (FNPC) &nbsp; Wir freuen uns \u00fcber die Zusammenarbeit mit der FNPC, einer Organisation, die \u00fcber 1800 Zusammenschl\u00fcsse von Baumwollproduzenten vertritt. Sie koordiniert die Produktion und Vermarktung von Baumwolle im Senegal und arbeitet dabei eng mit der Sodefitex, der Gesellschaft f\u00fcr die Entwicklung und Verarbeitung von Textilfasern, zusammen. &nbsp; &nbsp; &nbsp;Unser [&hellip;]<\/p>\n","protected":false},"author":7,"featured_media":0,"parent":786,"menu_order":0,"comment_status":"closed","ping_status":"closed","template":"","meta":{"_et_pb_use_builder":"on","_et_pb_old_content":"","_et_gb_content_width":"","footnotes":""},"class_list":["post-1971","page","type-page","status-publish","hentry"],"_links":{"self":[{"href":"https:\/\/sentex.sn\/de\/wp-json\/wp\/v2\/pages\/1971","targetHints":{"allow":["GET"]}}],"collection":[{"href":"https:\/\/sentex.sn\/de\/wp-json\/wp\/v2\/pages"}],"about":[{"href":"https:\/\/sentex.sn\/de\/wp-json\/wp\/v2\/types\/page"}],"author":[{"embeddable":true,"href":"https:\/\/sentex.sn\/de\/wp-json\/wp\/v2\/users\/7"}],"replies":[{"embeddable":true,"href":"https:\/\/sentex.sn\/de\/wp-json\/wp\/v2\/comments?post=1971"}],"version-history":[{"count":3,"href":"https:\/\/sentex.sn\/de\/wp-json\/wp\/v2\/pages\/1971\/revisions"}],"predecessor-version":[{"id":2073,"href":"https:\/\/sentex.sn\/de\/wp-json\/wp\/v2\/pages\/1971\/revisions\/2073"}],"up":[{"embeddable":true,"href":"https:\/\/sentex.sn\/de\/wp-json\/wp\/v2\/pages\/786"}],"wp:attachment":[{"href":"https:\/\/sentex.sn\/de\/wp-json\/wp\/v2\/media?parent=1971"}],"curies":[{"name":"wp","href":"https:\/\/api.w.org\/{rel}","templated":true}]}}