{"id":1965,"date":"2024-09-10T10:14:40","date_gmt":"2024-09-10T10:14:40","guid":{"rendered":"https:\/\/sentex.sn\/partner\/dakar-design-hub\/"},"modified":"2025-05-21T13:09:58","modified_gmt":"2025-05-21T13:09:58","slug":"dakar-design-hub","status":"publish","type":"page","link":"https:\/\/sentex.sn\/de\/partner\/dakar-design-hub\/","title":{"rendered":"Dakar Design Hub"},"content":{"rendered":"<p>[et_pb_section fb_built=&#8220;1&#8243; _builder_version=&#8220;4.23&#8243; _module_preset=&#8220;default&#8220; background_enable_color=&#8220;off&#8220; background_image=&#8220;https:\/\/sentex.sn\/wp-content\/uploads\/2024\/09\/Dakar-Design-Hub-immeuble-\u00a9-Dakar-Design-Hub.jpg&#8220; height=&#8220;600px&#8220; background_last_edited=&#8220;on|phone&#8220; background_image_phone=&#8220;https:\/\/sentex.sn\/wp-content\/uploads\/2023\/05\/SENTEX_Image_digitalization_mobile.jpg&#8220; background_enable_image_phone=&#8220;on&#8220; global_colors_info=&#8220;{}&#8220;][\/et_pb_section][et_pb_section fb_built=&#8220;1&#8243; _builder_version=&#8220;4.19.4&#8243; _module_preset=&#8220;default&#8220; min_height=&#8220;343.7px&#8220; custom_margin=&#8220;||-101px|||&#8220; global_colors_info=&#8220;{}&#8220;][et_pb_row _builder_version=&#8220;4.19.4&#8243; _module_preset=&#8220;default&#8220; global_colors_info=&#8220;{}&#8220;][et_pb_column type=&#8220;4_4&#8243; _builder_version=&#8220;4.19.4&#8243; _module_preset=&#8220;default&#8220; global_colors_info=&#8220;{}&#8220;][et_pb_text _builder_version=&#8220;4.23&#8243; _module_preset=&#8220;2a8182f9-8cae-4e10-9ba1-a37097387ea2&#8243; global_colors_info=&#8220;{}&#8220;]<\/p>\n<h1>Dakar Design Hub<\/h1>\n<p>&nbsp;<\/p>\n<p>Wir freuen uns \u00fcber die Zusammenarbeit mit dem Dakar Design Hub, einem interdisziplin\u00e4ren Designzentrum mit Sitz in Popenguine, Senegal, das professionelle Schulungen und Dienstleistungen im Bereich Design anbietet. Ziel des Zentrums ist es, Innovation und Nachhaltigkeit in der senegalesischen Mode- und Designbranche durch Bildung und M\u00f6glichkeiten zur Wertsch\u00f6pfung zu f\u00f6rdern.<\/p>\n<p>Das Hub f\u00f6rdert Zusammenarbeit, Lernen und die Entwicklung kreativer L\u00f6sungen, die auf lokale Bed\u00fcrfnisse zugeschnitten sind. Es bietet Programme, die von der Herstellung \u00fcber Textildesign bis hin zu Mobilit\u00e4t und Studio-Design reichen.<\/p>\n<p>&nbsp;<\/p>\n<p>&nbsp;<\/p>\n<p>&nbsp;<\/p>\n<p>[\/et_pb_text][\/et_pb_column][\/et_pb_row][\/et_pb_section][et_pb_section fb_built=&#8220;1&#8243; _builder_version=&#8220;4.19.4&#8243; _module_preset=&#8220;default&#8220; custom_padding=&#8220;||0px|||&#8220; global_colors_info=&#8220;{}&#8220;][\/et_pb_section][et_pb_section fb_built=&#8220;1&#8243; _builder_version=&#8220;4.19.4&#8243; _module_preset=&#8220;default&#8220; background_color=&#8220;rgba(48,58,122,0.1)&#8220; min_height=&#8220;1502.9px&#8220; custom_margin=&#8220;-58px|||||&#8220; custom_padding=&#8220;5px|||||&#8220; global_colors_info=&#8220;{}&#8220;][et_pb_row _builder_version=&#8220;4.19.4&#8243; _module_preset=&#8220;default&#8220; custom_margin=&#8220;100px||||false|false&#8220; global_colors_info=&#8220;{}&#8220;][et_pb_column type=&#8220;4_4&#8243; _builder_version=&#8220;4.19.4&#8243; _module_preset=&#8220;default&#8220; global_colors_info=&#8220;{}&#8220;][et_pb_text _builder_version=&#8220;4.23&#8243; _module_preset=&#8220;2a8182f9-8cae-4e10-9ba1-a37097387ea2&#8243; header_2_font=&#8220;|||on|||||&#8220; custom_padding=&#8220;8px|||||&#8220; global_colors_info=&#8220;{}&#8220;]<\/p>\n<h2>Unser Partner f\u00fcr INNOVATION UND NACHHALTIGKEIT<\/h2>\n<p>[\/et_pb_text][\/et_pb_column][\/et_pb_row][et_pb_row column_structure=&#8220;1_2,1_2&#8243; use_custom_gutter=&#8220;on&#8220; gutter_width=&#8220;2&#8243; _builder_version=&#8220;4.19.4&#8243; _module_preset=&#8220;default&#8220; global_colors_info=&#8220;{}&#8220;][et_pb_column type=&#8220;1_2&#8243; _builder_version=&#8220;4.19.4&#8243; _module_preset=&#8220;default&#8220; global_colors_info=&#8220;{}&#8220;][et_pb_image src=&#8220;https:\/\/sentex.sn\/wp-content\/uploads\/2024\/09\/2b83601bd9a9ddb9cc905a463477aa9eb4d04b05-1080&#215;719-1.webp&#8220; title_text=&#8220;2b83601bd9a9ddb9cc905a463477aa9eb4d04b05-1080&#215;719&#8243; _builder_version=&#8220;4.23&#8243; _module_preset=&#8220;default&#8220; global_colors_info=&#8220;{}&#8220;][\/et_pb_image][\/et_pb_column][et_pb_column type=&#8220;1_2&#8243; _builder_version=&#8220;4.19.4&#8243; _module_preset=&#8220;default&#8220; global_colors_info=&#8220;{}&#8220;][et_pb_image src=&#8220;https:\/\/sentex.sn\/wp-content\/uploads\/2024\/09\/Blank-1080-x-710.jpg&#8220; title_text=&#8220;Blank 1080 x 710&#8243; _builder_version=&#8220;4.23&#8243; _module_preset=&#8220;default&#8220; global_colors_info=&#8220;{}&#8220;][\/et_pb_image][\/et_pb_column][\/et_pb_row][et_pb_row column_structure=&#8220;1_4,3_4&#8243; _builder_version=&#8220;4.19.4&#8243; _module_preset=&#8220;default&#8220; global_colors_info=&#8220;{}&#8220;][et_pb_column type=&#8220;1_4&#8243; _builder_version=&#8220;4.19.4&#8243; _module_preset=&#8220;default&#8220; global_colors_info=&#8220;{}&#8220;][et_pb_image src=&#8220;https:\/\/sentex.sn\/wp-content\/uploads\/2024\/09\/c445b0709c2219802bbea34e266836364c2f98ce-1668&#215;266-1.webp&#8220; alt=&#8220;giz Deutsche Gesellschaft f\u00fcr internationale Zusammenarbeit&#8220; title_text=&#8220;c445b0709c2219802bbea34e266836364c2f98ce-1668&#215;266&#8243; _builder_version=&#8220;4.23&#8243; _module_preset=&#8220;default&#8220; global_colors_info=&#8220;{}&#8220;][\/et_pb_image][\/et_pb_column][et_pb_column type=&#8220;3_4&#8243; _builder_version=&#8220;4.19.4&#8243; _module_preset=&#8220;default&#8220; global_colors_info=&#8220;{}&#8220;][et_pb_text _builder_version=&#8220;4.23&#8243; _module_preset=&#8220;2a8182f9-8cae-4e10-9ba1-a37097387ea2&#8243; global_colors_info=&#8220;{}&#8220;]<\/p>\n<p>Die Partnerschaft mit dem Dakar Design Hub erm\u00f6glicht es uns, von ihrer Kreativit\u00e4t und Innovationskraft zu profitieren. Ihre Unterst\u00fctzung ist entscheidend f\u00fcr die Umsetzung von Projekten, die eine positive Wirkung auf die Gemeinschaften haben.<\/p>\n<p>Der Dakar Design Hub zeichnet sich durch seinen interdisziplin\u00e4ren Ansatz aus und deckt eine Vielzahl von Bereichen ab \u2013 von Produktdesign \u00fcber Mode bis hin zu Grafikdesign und Industriedesign. Er bietet senegalesischen Kreativen die M\u00f6glichkeit, mit lokalen und internationalen Experten zusammenzuarbeiten, Ideen auszutauschen und innovative Projekte zu entwickeln, die den Bed\u00fcrfnissen des afrikanischen Marktes gerecht werden \u2013 und dabei in den lokalen Werten und Traditionen verwurzelt bleiben.<\/p>\n<p>&nbsp;<\/p>\n<p>&nbsp;<\/p>\n<p>&nbsp;<\/p>\n<p>&nbsp;<\/p>\n<p>[\/et_pb_text][\/et_pb_column][\/et_pb_row][et_pb_row column_structure=&#8220;2_5,3_5&#8243; _builder_version=&#8220;4.19.4&#8243; _module_preset=&#8220;default&#8220; custom_margin=&#8220;||100px||false|false&#8220; global_colors_info=&#8220;{}&#8220;][et_pb_column type=&#8220;2_5&#8243; _builder_version=&#8220;4.19.4&#8243; _module_preset=&#8220;default&#8220; global_colors_info=&#8220;{}&#8220;][et_pb_text _builder_version=&#8220;4.23&#8243; _module_preset=&#8220;2a8182f9-8cae-4e10-9ba1-a37097387ea2&#8243; global_colors_info=&#8220;{}&#8220;]<\/p>\n<h3>SENTEX trifft den DAKAR DESIGN HUB<\/h3>\n<p>Menschen. Unternehmen. Vision.<br \/>.<\/p>\n<p>[\/et_pb_text][\/et_pb_column][et_pb_column type=&#8220;3_5&#8243; _builder_version=&#8220;4.19.4&#8243; _module_preset=&#8220;default&#8220; global_colors_info=&#8220;{}&#8220;][et_pb_video image_src=&#8220;\/\/i.ytimg.com\/vi\/XChZa-0FzCA\/hqdefault.jpg&#8220; _builder_version=&#8220;4.23&#8243; _module_preset=&#8220;default&#8220; hover_enabled=&#8220;0&#8243; global_colors_info=&#8220;{}&#8220; src=&#8220;https:\/\/youtu.be\/XChZa-0FzCA&#8220; sticky_enabled=&#8220;0&#8243;][\/et_pb_video][\/et_pb_column][\/et_pb_row][\/et_pb_section][et_pb_section fb_built=&#8220;1&#8243; _builder_version=&#8220;4.19.4&#8243; _module_preset=&#8220;default&#8220; background_color=&#8220;#303A7A&#8220; height=&#8220;160px&#8220; custom_padding=&#8220;0px||0px||false|false&#8220; global_colors_info=&#8220;{}&#8220;][et_pb_row _builder_version=&#8220;4.19.4&#8243; _module_preset=&#8220;default&#8220; global_colors_info=&#8220;{}&#8220;][et_pb_column type=&#8220;4_4&#8243; _builder_version=&#8220;4.19.4&#8243; _module_preset=&#8220;default&#8220; global_colors_info=&#8220;{}&#8220;][et_pb_button button_url=&#8220;@ET-DC@eyJkeW5hbWljIjp0cnVlLCJjb250ZW50IjoicG9zdF9saW5rX3VybF9wYWdlIiwic2V0dGluZ3MiOnsicG9zdF9pZCI6IjIxMCJ9fQ==@&#8220; button_text=&#8220;Alle Partner anzeigen&#8220; button_alignment=&#8220;center&#8220; _builder_version=&#8220;4.19.4&#8243; _dynamic_attributes=&#8220;button_url&#8220; _module_preset=&#8220;4c4a5a69-4d6f-477e-8b62-9b595ee58385&#8243; custom_margin=&#8220;45px||||false|false&#8220; global_colors_info=&#8220;{}&#8220;][\/et_pb_button][\/et_pb_column][\/et_pb_row][\/et_pb_section]<\/p>\n","protected":false},"excerpt":{"rendered":"<p>Dakar Design Hub &nbsp; Wir freuen uns \u00fcber die Zusammenarbeit mit dem Dakar Design Hub, einem interdisziplin\u00e4ren Designzentrum mit Sitz in Popenguine, Senegal, das professionelle Schulungen und Dienstleistungen im Bereich Design anbietet. Ziel des Zentrums ist es, Innovation und Nachhaltigkeit in der senegalesischen Mode- und Designbranche durch Bildung und M\u00f6glichkeiten zur Wertsch\u00f6pfung zu f\u00f6rdern. Das [&hellip;]<\/p>\n","protected":false},"author":7,"featured_media":0,"parent":786,"menu_order":0,"comment_status":"closed","ping_status":"closed","template":"","meta":{"_et_pb_use_builder":"on","_et_pb_old_content":"","_et_gb_content_width":"","footnotes":""},"class_list":["post-1965","page","type-page","status-publish","hentry"],"_links":{"self":[{"href":"https:\/\/sentex.sn\/de\/wp-json\/wp\/v2\/pages\/1965","targetHints":{"allow":["GET"]}}],"collection":[{"href":"https:\/\/sentex.sn\/de\/wp-json\/wp\/v2\/pages"}],"about":[{"href":"https:\/\/sentex.sn\/de\/wp-json\/wp\/v2\/types\/page"}],"author":[{"embeddable":true,"href":"https:\/\/sentex.sn\/de\/wp-json\/wp\/v2\/users\/7"}],"replies":[{"embeddable":true,"href":"https:\/\/sentex.sn\/de\/wp-json\/wp\/v2\/comments?post=1965"}],"version-history":[{"count":2,"href":"https:\/\/sentex.sn\/de\/wp-json\/wp\/v2\/pages\/1965\/revisions"}],"predecessor-version":[{"id":1967,"href":"https:\/\/sentex.sn\/de\/wp-json\/wp\/v2\/pages\/1965\/revisions\/1967"}],"up":[{"embeddable":true,"href":"https:\/\/sentex.sn\/de\/wp-json\/wp\/v2\/pages\/786"}],"wp:attachment":[{"href":"https:\/\/sentex.sn\/de\/wp-json\/wp\/v2\/media?parent=1965"}],"curies":[{"name":"wp","href":"https:\/\/api.w.org\/{rel}","templated":true}]}}