{"id":1953,"date":"2024-09-10T12:48:58","date_gmt":"2024-09-10T12:48:58","guid":{"rendered":"https:\/\/sentex.sn\/partner\/aissa-dione\/"},"modified":"2025-05-21T12:48:55","modified_gmt":"2025-05-21T12:48:55","slug":"aissa-dione","status":"publish","type":"page","link":"https:\/\/sentex.sn\/de\/partner\/aissa-dione\/","title":{"rendered":"Aissa Dione"},"content":{"rendered":"<p>[et_pb_section fb_built=&#8220;1&#8243; _builder_version=&#8220;4.23&#8243; _module_preset=&#8220;default&#8220; background_enable_color=&#8220;off&#8220; background_image=&#8220;https:\/\/sentex.sn\/wp-content\/uploads\/2024\/09\/Blank-1080-x-710-3.jpg&#8220; height=&#8220;600px&#8220; background_last_edited=&#8220;on|phone&#8220; background_image_phone=&#8220;https:\/\/sentex.sn\/wp-content\/uploads\/2023\/05\/SENTEX_Image_digitalization_mobile.jpg&#8220; background_enable_image_phone=&#8220;on&#8220; global_colors_info=&#8220;{}&#8220;][\/et_pb_section][et_pb_section fb_built=&#8220;1&#8243; _builder_version=&#8220;4.19.4&#8243; _module_preset=&#8220;default&#8220; min_height=&#8220;343.7px&#8220; custom_margin=&#8220;||-101px|||&#8220; global_colors_info=&#8220;{}&#8220;][et_pb_row _builder_version=&#8220;4.19.4&#8243; _module_preset=&#8220;default&#8220; global_colors_info=&#8220;{}&#8220;][et_pb_column type=&#8220;4_4&#8243; _builder_version=&#8220;4.19.4&#8243; _module_preset=&#8220;default&#8220; global_colors_info=&#8220;{}&#8220;][et_pb_text _builder_version=&#8220;4.23&#8243; _module_preset=&#8220;2a8182f9-8cae-4e10-9ba1-a37097387ea2&#8243; global_colors_info=&#8220;{}&#8220;]<\/p>\n<h1>AISSA DIONE TISSUS<\/h1>\n<p>&nbsp;<\/p>\n<p>Wir freuen uns \u00fcber die Zusammenarbeit mit Aissa Dione Tissus, einem senegalesischen Unternehmen, das von der Designerin und Textilk\u00fcnstlerin Aissa Dione gegr\u00fcndet wurde. Aissa Dione ist bekannt f\u00fcr ihr Engagement zur Bewahrung traditioneller Handwerkstechniken und hat die senegalesische Textilindustrie neu belebt, indem sie zeitgen\u00f6ssisches Design in handgewebte Stoffe integriert hat. <\/p>\n<p>Ihre Kreationen, die international gro\u00dfe Anerkennung finden, werden im Bereich luxuri\u00f6ser Inneneinrichtung verwendet. Das Unternehmen besch\u00e4ftigt lokale Handwerker, um das afrikanische Kunsthandwerk zu f\u00f6rdern und gleichzeitig eine positive soziale und wirtschaftliche Wirkung zu erzielen.<\/p>\n<p>&nbsp;<\/p>\n<p>&nbsp;<\/p>\n<p>&nbsp;<\/p>\n<p>[\/et_pb_text][\/et_pb_column][\/et_pb_row][\/et_pb_section][et_pb_section fb_built=&#8220;1&#8243; _builder_version=&#8220;4.19.4&#8243; _module_preset=&#8220;default&#8220; custom_padding=&#8220;||0px|||&#8220; global_colors_info=&#8220;{}&#8220;][\/et_pb_section][et_pb_section fb_built=&#8220;1&#8243; _builder_version=&#8220;4.19.4&#8243; _module_preset=&#8220;default&#8220; background_color=&#8220;rgba(48,58,122,0.1)&#8220; min_height=&#8220;1502.9px&#8220; custom_margin=&#8220;-58px|||||&#8220; custom_padding=&#8220;5px|||||&#8220; global_colors_info=&#8220;{}&#8220;][et_pb_row _builder_version=&#8220;4.19.4&#8243; _module_preset=&#8220;default&#8220; custom_margin=&#8220;100px||||false|false&#8220; global_colors_info=&#8220;{}&#8220;][et_pb_column type=&#8220;4_4&#8243; _builder_version=&#8220;4.19.4&#8243; _module_preset=&#8220;default&#8220; global_colors_info=&#8220;{}&#8220;][et_pb_text _builder_version=&#8220;4.23&#8243; _module_preset=&#8220;2a8182f9-8cae-4e10-9ba1-a37097387ea2&#8243; header_2_font=&#8220;|||on|||||&#8220; custom_padding=&#8220;8px|||||&#8220; global_colors_info=&#8220;{}&#8220;]<\/p>\n<h2>Unser Partner f\u00fcr nachhaltiges Textilhandwerk<\/h2>\n<p>[\/et_pb_text][\/et_pb_column][\/et_pb_row][et_pb_row column_structure=&#8220;1_2,1_2&#8243; use_custom_gutter=&#8220;on&#8220; gutter_width=&#8220;2&#8243; _builder_version=&#8220;4.19.4&#8243; _module_preset=&#8220;default&#8220; global_colors_info=&#8220;{}&#8220;][et_pb_column type=&#8220;1_2&#8243; _builder_version=&#8220;4.19.4&#8243; _module_preset=&#8220;default&#8220; global_colors_info=&#8220;{}&#8220;][et_pb_image src=&#8220;https:\/\/sentex.sn\/wp-content\/uploads\/2024\/09\/Blank-1080-x-710-4.jpg&#8220; title_text=&#8220;Blank 1080 x 710 (4)&#8220; _builder_version=&#8220;4.23&#8243; _module_preset=&#8220;default&#8220; global_colors_info=&#8220;{}&#8220;][\/et_pb_image][\/et_pb_column][et_pb_column type=&#8220;1_2&#8243; _builder_version=&#8220;4.19.4&#8243; _module_preset=&#8220;default&#8220; global_colors_info=&#8220;{}&#8220;][et_pb_image src=&#8220;https:\/\/sentex.sn\/wp-content\/uploads\/2024\/09\/Blank-1080-x-710-5.jpg&#8220; title_text=&#8220;Blank 1080 x 710 (5)&#8220; _builder_version=&#8220;4.23&#8243; _module_preset=&#8220;default&#8220; global_colors_info=&#8220;{}&#8220;][\/et_pb_image][\/et_pb_column][\/et_pb_row][et_pb_row column_structure=&#8220;1_4,3_4&#8243; _builder_version=&#8220;4.19.4&#8243; _module_preset=&#8220;default&#8220; global_colors_info=&#8220;{}&#8220;][et_pb_column type=&#8220;1_4&#8243; _builder_version=&#8220;4.19.4&#8243; _module_preset=&#8220;default&#8220; global_colors_info=&#8220;{}&#8220;][et_pb_image src=&#8220;https:\/\/sentex.sn\/wp-content\/uploads\/2024\/09\/304196972_531809428749866_5768009990170305530_n.jpg&#8220; alt=&#8220;giz Deutsche Gesellschaft f\u00fcr internationale Zusammenarbeit&#8220; title_text=&#8220;304196972_531809428749866_5768009990170305530_n&#8220; _builder_version=&#8220;4.23&#8243; _module_preset=&#8220;default&#8220; global_colors_info=&#8220;{}&#8220;][\/et_pb_image][\/et_pb_column][et_pb_column type=&#8220;3_4&#8243; _builder_version=&#8220;4.19.4&#8243; _module_preset=&#8220;default&#8220; global_colors_info=&#8220;{}&#8220;][et_pb_text _builder_version=&#8220;4.23&#8243; _module_preset=&#8220;2a8182f9-8cae-4e10-9ba1-a37097387ea2&#8243; global_colors_info=&#8220;{}&#8220;]<\/p>\n<p>Die Partnerschaft mit Aissa Dione Tissus erm\u00f6glicht es uns, von ihrer Kreativit\u00e4t und Innovationskraft zu profitieren. Ihre Unterst\u00fctzung ist entscheidend f\u00fcr die Umsetzung von Projekten, die eine positive Wirkung auf die Gemeinschaften haben. <\/p>\n<p>Ihr Engagement f\u00fcr die Bewahrung traditioneller Techniken bei gleichzeitiger Innovation mit modernen Designs zeugt von ihrem nachhaltigen Entwicklungsansatz. Durch die Verwendung lokaler Materialien und die Aufwertung afrikanischen Know-hows ist Aissa Dione Tissus ein konkretes Beispiel daf\u00fcr, wie Handwerkskunst eine Schl\u00fcsselrolle in der wirtschaftlichen Entwicklung spielen kann \u2013 und dabei gleichzeitig den Anforderungen internationaler M\u00e4rkte gerecht wird. <\/p>\n<p>&nbsp;<\/p>\n<p>&nbsp;<\/p>\n<p>&nbsp;<\/p>\n<p>&nbsp;<\/p>\n<p>[\/et_pb_text][\/et_pb_column][\/et_pb_row][et_pb_row column_structure=&#8220;2_5,3_5&#8243; _builder_version=&#8220;4.19.4&#8243; _module_preset=&#8220;default&#8220; custom_margin=&#8220;||100px||false|false&#8220; global_colors_info=&#8220;{}&#8220;][et_pb_column type=&#8220;2_5&#8243; _builder_version=&#8220;4.19.4&#8243; _module_preset=&#8220;default&#8220; global_colors_info=&#8220;{}&#8220;][et_pb_text _builder_version=&#8220;4.23&#8243; _module_preset=&#8220;2a8182f9-8cae-4e10-9ba1-a37097387ea2&#8243; global_colors_info=&#8220;{}&#8220;]<\/p>\n<h3>SENTEX trifft AISSA DIONE<\/h3>\n<p>Menschen. Unternehmen. Vision.  <\/p>\n<p>[\/et_pb_text][\/et_pb_column][et_pb_column type=&#8220;3_5&#8243; _builder_version=&#8220;4.19.4&#8243; _module_preset=&#8220;default&#8220; global_colors_info=&#8220;{}&#8220;][et_pb_video src=&#8220;https:\/\/youtu.be\/9hYpDAKNF2A&#8220; image_src=&#8220;\/\/i.ytimg.com\/vi\/9hYpDAKNF2A\/hqdefault.jpg&#8220; _builder_version=&#8220;4.23&#8243; _module_preset=&#8220;default&#8220; hover_enabled=&#8220;0&#8243; global_colors_info=&#8220;{}&#8220; src__hover_enabled=&#8220;off|desktop&#8220; sticky_enabled=&#8220;0&#8243;][\/et_pb_video][\/et_pb_column][\/et_pb_row][\/et_pb_section][et_pb_section fb_built=&#8220;1&#8243; _builder_version=&#8220;4.19.4&#8243; _module_preset=&#8220;default&#8220; background_color=&#8220;#303A7A&#8220; height=&#8220;160px&#8220; custom_padding=&#8220;0px||0px||false|false&#8220; global_colors_info=&#8220;{}&#8220;][et_pb_row _builder_version=&#8220;4.19.4&#8243; _module_preset=&#8220;default&#8220; global_colors_info=&#8220;{}&#8220;][et_pb_column type=&#8220;4_4&#8243; _builder_version=&#8220;4.19.4&#8243; _module_preset=&#8220;default&#8220; global_colors_info=&#8220;{}&#8220;][et_pb_button button_url=&#8220;@ET-DC@eyJkeW5hbWljIjp0cnVlLCJjb250ZW50IjoicG9zdF9saW5rX3VybF9wYWdlIiwic2V0dGluZ3MiOnsicG9zdF9pZCI6IjIxMCJ9fQ==@&#8220; button_text=&#8220;Alle Partner anzeigen&#8220; button_alignment=&#8220;center&#8220; _builder_version=&#8220;4.19.4&#8243; _dynamic_attributes=&#8220;button_url&#8220; _module_preset=&#8220;4c4a5a69-4d6f-477e-8b62-9b595ee58385&#8243; custom_margin=&#8220;45px||||false|false&#8220; global_colors_info=&#8220;{}&#8220;][\/et_pb_button][\/et_pb_column][\/et_pb_row][\/et_pb_section]<\/p>\n","protected":false},"excerpt":{"rendered":"<p>AISSA DIONE TISSUS &nbsp; Wir freuen uns \u00fcber die Zusammenarbeit mit Aissa Dione Tissus, einem senegalesischen Unternehmen, das von der Designerin und Textilk\u00fcnstlerin Aissa Dione gegr\u00fcndet wurde. Aissa Dione ist bekannt f\u00fcr ihr Engagement zur Bewahrung traditioneller Handwerkstechniken und hat die senegalesische Textilindustrie neu belebt, indem sie zeitgen\u00f6ssisches Design in handgewebte Stoffe integriert hat. Ihre [&hellip;]<\/p>\n","protected":false},"author":7,"featured_media":0,"parent":786,"menu_order":0,"comment_status":"closed","ping_status":"closed","template":"","meta":{"_et_pb_use_builder":"on","_et_pb_old_content":"","_et_gb_content_width":"","footnotes":""},"class_list":["post-1953","page","type-page","status-publish","hentry"],"_links":{"self":[{"href":"https:\/\/sentex.sn\/de\/wp-json\/wp\/v2\/pages\/1953","targetHints":{"allow":["GET"]}}],"collection":[{"href":"https:\/\/sentex.sn\/de\/wp-json\/wp\/v2\/pages"}],"about":[{"href":"https:\/\/sentex.sn\/de\/wp-json\/wp\/v2\/types\/page"}],"author":[{"embeddable":true,"href":"https:\/\/sentex.sn\/de\/wp-json\/wp\/v2\/users\/7"}],"replies":[{"embeddable":true,"href":"https:\/\/sentex.sn\/de\/wp-json\/wp\/v2\/comments?post=1953"}],"version-history":[{"count":5,"href":"https:\/\/sentex.sn\/de\/wp-json\/wp\/v2\/pages\/1953\/revisions"}],"predecessor-version":[{"id":1958,"href":"https:\/\/sentex.sn\/de\/wp-json\/wp\/v2\/pages\/1953\/revisions\/1958"}],"up":[{"embeddable":true,"href":"https:\/\/sentex.sn\/de\/wp-json\/wp\/v2\/pages\/786"}],"wp:attachment":[{"href":"https:\/\/sentex.sn\/de\/wp-json\/wp\/v2\/media?parent=1953"}],"curies":[{"name":"wp","href":"https:\/\/api.w.org\/{rel}","templated":true}]}}